{"id":98,"date":"2022-08-26T09:54:53","date_gmt":"2022-08-26T09:54:53","guid":{"rendered":"https:\/\/fvmachinery.com\/?post_type=product&#038;p=98"},"modified":"2023-01-07T11:27:33","modified_gmt":"2023-01-07T03:27:33","slug":"fruit-sorting-and-grading-machine","status":"publish","type":"product","link":"https:\/\/fvmachinery.com\/fr\/product\/fruit-sorting-and-grading-machine\/","title":{"rendered":"Machine automatique de tri et de classement des fruits"},"content":{"rendered":"<p>La machine automatique de tri et de classement des fruits est une machine n\u00e9cessaire pour les grossistes de fruits et l\u00e9gumes, les d\u00e9taillants, les march\u00e9s de producteurs, les usines de transformation des aliments, les grands supermarch\u00e9s, les fermes, etc. Apr\u00e8s une classification et un classement stricts, la valeur ajout\u00e9e des fruits et l\u00e9gumes augmente, ce qui est plus attractif pour les consommateurs et am\u00e9liore la comp\u00e9titivit\u00e9 du march\u00e9. Par cons\u00e9quent, une machine de classement de fruits peut favoriser une augmentation des revenus des investisseurs et m\u00e9rite un investissement.<\/p>    <h2 class=\"wp-block-heading\" id=\"h-applicable-raw-materials-of-fruit-grading-equipment\">Mati\u00e8res premi\u00e8res applicables de l'\u00e9quipement de classement des fruits<\/h2>    <p class=\"translation-block\">La machine de tri des fruits est souvent utilis\u00e9e pour trier des l\u00e9gumes ou fruits ronds ou ovales, par exemple des fruits tels que les oranges, les dattes, les myrtilles, les kiwis et le longane. Les l\u00e9gumes courants sont les pommes de terre, les tomates, le taro, les oignons, etc. Taizy Machinery propose une ligne de tri des l\u00e9gumes compl\u00e8te, si vous \u00eates int\u00e9ress\u00e9, n'h\u00e9sitez pas \u00e0 nous consulter \u00e0 tout moment.<\/p>   <div class=\"wp-block-image\"> <figure class=\"aligncenter size-full\"><img loading=\"lazy\" decoding=\"async\" width=\"720\" height=\"540\" src=\"https:\/\/fvmachinery.com\/wp-content\/uploads\/2022\/08\/raw-materials1.webp\" alt=\"mati\u00e8res premi\u00e8res\" class=\"wp-image-116\" title=\"\" srcset=\"https:\/\/fvmachinery.com\/wp-content\/uploads\/2022\/08\/raw-materials1.webp 720w, https:\/\/fvmachinery.com\/wp-content\/uploads\/2022\/08\/raw-materials1-300x225.webp 300w\" sizes=\"auto, (max-width: 720px) 100vw, 720px\" \/><figcaption class=\"wp-element-caption\">mati\u00e8res premi\u00e8res de la machine de tri et de classification automatique des fruits <\/figcaption><\/figure> <\/div>   <h2 class=\"wp-block-heading\" id=\"h-introduction-of-fruit-grading-machine\">Introduction de la machine de classement des fruits<\/h2>    <p>Taizy Machinery propose trois types diff\u00e9rents de machines automatiques de tri et de classement des fruits, notamment des classificateurs \u00e0 rouleaux, des classificateurs \u00e0 barres \u00e0 rouleaux et des classificateurs orbitaux, chacun avec ses propres caract\u00e9ristiques et mati\u00e8res premi\u00e8res applicables, que nous pr\u00e9senterons une par une ci-dessous.<\/p>    <h3 class=\"wp-block-heading\" id=\"h-roller-potato-grader-machine\">Niveleuse de pommes de terre \u00e0 rouleaux<\/h3>    <p>La niveleuse de pommes de terre \u00e0 rouleaux utilise diff\u00e9rentes tailles de trous ronds sur le tambour pour atteindre l'objectif de classification. Il est largement utilis\u00e9 dans le criblage de mat\u00e9riaux sph\u00e9riques et ovales tels que les pommes, les citrons, les oranges, les poires, les dattes rouges, les mangues et les pommes de terre.<\/p>    <p>Le tambour tourne sous l'entra\u00eenement du moteur. Une fois que les mati\u00e8res premi\u00e8res de fruits et l\u00e9gumes entrent dans le tambour, la rotation du tambour fait retourner les mat\u00e9riaux en continu. En raison de l'inclinaison du tambour, le mat\u00e9riau se d\u00e9place lentement de haut en bas sous l'action de la gravit\u00e9. \u00c0 ce moment-l\u00e0, des mat\u00e9riaux de diff\u00e9rents diam\u00e8tres tombent des trous dot\u00e9s d'ouvertures diff\u00e9rentes sur le tambour, atteignant ainsi l'objectif de classement. La capacit\u00e9 de la calibreuse de pommes de terre \u00e0 rouleaux est de 2 000 \u00e0 3 000 kg\/h.<\/p>    <figure class=\"wp-block-gallery has-nested-images columns-default is-cropped wp-block-gallery-2 is-layout-flex wp-block-gallery-is-layout-flex\"> <figure class=\"wp-block-image size-large\"><img loading=\"lazy\" decoding=\"async\" width=\"720\" height=\"540\" data-id=\"110\" src=\"https:\/\/fvmachinery.com\/wp-content\/uploads\/2022\/08\/fruit-grading-machine1.webp\" alt=\"\" class=\"wp-image-110\" title=\"\" srcset=\"https:\/\/fvmachinery.com\/wp-content\/uploads\/2022\/08\/fruit-grading-machine1.webp 720w, https:\/\/fvmachinery.com\/wp-content\/uploads\/2022\/08\/fruit-grading-machine1-300x225.webp 300w\" sizes=\"auto, (max-width: 720px) 100vw, 720px\" \/><\/figure>    <figure class=\"wp-block-image size-large\"><img loading=\"lazy\" decoding=\"async\" width=\"720\" height=\"540\" data-id=\"112\" src=\"https:\/\/fvmachinery.com\/wp-content\/uploads\/2022\/08\/onion-size-sorting-machine1.webp\" alt=\"\" class=\"wp-image-112\" title=\"\" srcset=\"https:\/\/fvmachinery.com\/wp-content\/uploads\/2022\/08\/onion-size-sorting-machine1.webp 720w, https:\/\/fvmachinery.com\/wp-content\/uploads\/2022\/08\/onion-size-sorting-machine1-300x225.webp 300w\" sizes=\"auto, (max-width: 720px) 100vw, 720px\" \/><\/figure> <figcaption class=\"blocks-gallery-caption wp-element-caption\">Machine automatique de tri et de classement des fruits <\/figcaption><\/figure>    <figure class=\"wp-block-embed is-type-video is-provider-youtube wp-block-embed-youtube wp-embed-aspect-16-9 wp-has-aspect-ratio\"><div class=\"wp-block-embed__wrapper\"> <iframe loading=\"lazy\" title=\"Vid\u00e9o de test de la machine de classement des fruits | Meilleurs fabricants de machines de classement de fruits\" width=\"500\" height=\"281\" src=\"https:\/\/www.youtube.com\/embed\/4TGQmicVq3A?start=3&#038;feature=oembed\" frameborder=\"0\" allow=\"accelerometer; autoplay; clipboard-write; encrypted-media; gyroscope; picture-in-picture; web-share\" referrerpolicy=\"strict-origin-when-cross-origin\" allowfullscreen><\/iframe> <\/div><\/figure>    <h3 class=\"wp-block-heading\" id=\"h-roller-bar-fruit-sorting-machine\">Machine de tri de fruits \u00e0 barres \u00e0 rouleaux<\/h3>    <p>Lorsque la machine de classement \u00e0 barres \u00e0 rouleaux fonctionne, le mat\u00e9riau est entra\u00een\u00e9 vers l'avant par la barre \u00e0 rouleaux. Au cours du processus d'avancement, l'espacement entre les barres \u00e0 rouleaux augmente progressivement et le mat\u00e9riau tombe dans la tr\u00e9mie de division d\u00e9finie afin, en fonction de ses diff\u00e9rentes tailles, de petite \u00e0 grande, l'ensemble du processus atteindra l'objectif de tri et de dimensionnement.<\/p>    <figure class=\"wp-block-gallery has-nested-images columns-default is-cropped wp-block-gallery-3 is-layout-flex wp-block-gallery-is-layout-flex\"> <figure class=\"wp-block-image size-large\"><img loading=\"lazy\" decoding=\"async\" width=\"720\" height=\"540\" data-id=\"102\" src=\"https:\/\/fvmachinery.com\/wp-content\/uploads\/2022\/08\/automatic-fruit-sorting-and-grading-machine-21.webp\" alt=\"machine automatique de tri et de classement des fruits \" class=\"wp-image-102\" title=\"\" srcset=\"https:\/\/fvmachinery.com\/wp-content\/uploads\/2022\/08\/automatic-fruit-sorting-and-grading-machine-21.webp 720w, https:\/\/fvmachinery.com\/wp-content\/uploads\/2022\/08\/automatic-fruit-sorting-and-grading-machine-21-300x225.webp 300w\" sizes=\"auto, (max-width: 720px) 100vw, 720px\" \/><figcaption class=\"wp-element-caption\">Machine automatique de tri et de classement des fruits <\/figcaption><\/figure> <\/figure>   <div class=\"wp-block-image\"> <figure class=\"aligncenter size-full\"><img loading=\"lazy\" decoding=\"async\" width=\"720\" height=\"540\" src=\"https:\/\/fvmachinery.com\/wp-content\/uploads\/2022\/08\/fruit-grading-equipment1.webp\" alt=\"\u00e9quipement de classement des fruits\" class=\"wp-image-108\" title=\"\" srcset=\"https:\/\/fvmachinery.com\/wp-content\/uploads\/2022\/08\/fruit-grading-equipment1.webp 720w, https:\/\/fvmachinery.com\/wp-content\/uploads\/2022\/08\/fruit-grading-equipment1-300x225.webp 300w\" sizes=\"auto, (max-width: 720px) 100vw, 720px\" \/><figcaption class=\"wp-element-caption\">machine automatique de tri et de classement des fruits<\/figcaption><\/figure> <\/div>   <h3 class=\"wp-block-heading\" id=\"h-track-fruit-grading-machine\">Machine de classement de fruits sur piste<\/h3>    <p>Cette niveleuse place simplement les fruits sur la bande transporteuse ou la tr\u00e9mie, et les fruits se disposeront automatiquement proprement et entreront dans la piste un par un pour le tri. Parfait pour trier les oranges, les dattes, les myrtilles, les kiwis, les tomates, les longanes, les oranges, les pommes de terre, les oignons, etc. La capacit\u00e9 de la calibreuse est de 1000 kg \u00e0 1,5 kg.<\/p>    <figure class=\"wp-block-gallery has-nested-images columns-default is-cropped wp-block-gallery-4 is-layout-flex wp-block-gallery-is-layout-flex\"> <figure class=\"wp-block-image size-large\"><img loading=\"lazy\" decoding=\"async\" width=\"720\" height=\"540\" data-id=\"114\" src=\"https:\/\/fvmachinery.com\/wp-content\/uploads\/2022\/08\/potato-grader-machine1.webp\" alt=\"niveleuse de pommes de terre\" class=\"wp-image-114\" title=\"\" srcset=\"https:\/\/fvmachinery.com\/wp-content\/uploads\/2022\/08\/potato-grader-machine1.webp 720w, https:\/\/fvmachinery.com\/wp-content\/uploads\/2022\/08\/potato-grader-machine1-300x225.webp 300w\" sizes=\"auto, (max-width: 720px) 100vw, 720px\" \/><figcaption class=\"wp-element-caption\">Machine de niveleuse de pommes de terre<\/figcaption><\/figure>    <figure class=\"wp-block-image size-large\"><img loading=\"lazy\" decoding=\"async\" width=\"720\" height=\"540\" data-id=\"106\" src=\"https:\/\/fvmachinery.com\/wp-content\/uploads\/2022\/08\/fruit-grader-for-sale1.webp\" alt=\"\" class=\"wp-image-106\" title=\"\" srcset=\"https:\/\/fvmachinery.com\/wp-content\/uploads\/2022\/08\/fruit-grader-for-sale1.webp 720w, https:\/\/fvmachinery.com\/wp-content\/uploads\/2022\/08\/fruit-grader-for-sale1-300x225.webp 300w\" sizes=\"auto, (max-width: 720px) 100vw, 720px\" \/><figcaption class=\"wp-element-caption\">Machine automatique de tri et de classement des fruits<\/figcaption><\/figure> <\/figure>    <h2 class=\"wp-block-heading\" id=\"h-features-of-taizy-fruit-grader-for-sale\">Caract\u00e9ristiques de la niveleuse de fruits Taizy \u00e0 vendre<\/h2>    <ul class=\"wp-block-list\"> <li>Taizy Machinery propose \u00e0 la vente trois types diff\u00e9rents de calibreuses de fruits, parmi lesquels les clients peuvent choisir en fonction de leurs besoins r\u00e9els.<\/li>    <li>Toutes les parties en contact avec le fruit sont non toxiques et inoffensives, le processus de classement n'endommagera pas le fruit et la taille et la qualit\u00e9 du classement peuvent \u00eatre ajust\u00e9es en fonction des besoins du client.<\/li>    <li>La machine de tri de la taille des oignons est fabriqu\u00e9e enti\u00e8rement en acier inoxydable, elle est donc robuste et durable.<\/li>    <li>La courroie utilis\u00e9e sur la niveleuse de pommes de terre est constitu\u00e9e d'une courroie en silicone de qualit\u00e9 alimentaire, dont le fonctionnement est flexible et a une longue dur\u00e9e de vie.<\/li>    <li>La garantie de la machine automatique de tri et de classement des fruits est de 1 an. Pendant la p\u00e9riode de garantie, notre soci\u00e9t\u00e9 peut remplacer gratuitement le moteur et les autres accessoires pour les clients. Hors p\u00e9riode de garantie, les accessoires seront remplac\u00e9s au prix du march\u00e9.<\/li> <\/ul>","protected":false},"excerpt":{"rendered":"<p>Automatic fruit sorting and grading machine is a necessary machine for fruit and vegetable wholesalers, retailers, farmers&#8217; markets, food processing plants, large supermarkets, farms, etc. After strict classification and grading, the added value of fruit and vegetable commodities rises, which is more attractive to consumers and improves market competitiveness. Therefore, a fruit grading machine can [&hellip;]<\/p>\n","protected":false},"author":1,"featured_media":104,"parent":0,"template":"","tags":[16],"product-type":[14],"class_list":["post-98","product","type-product","status-publish","has-post-thumbnail","hentry","tag-fruit-grading-machine","product-type-grading-machine"],"_links":{"self":[{"href":"https:\/\/fvmachinery.com\/fr\/wp-json\/wp\/v2\/product\/98","targetHints":{"allow":["GET"]}}],"collection":[{"href":"https:\/\/fvmachinery.com\/fr\/wp-json\/wp\/v2\/product"}],"about":[{"href":"https:\/\/fvmachinery.com\/fr\/wp-json\/wp\/v2\/types\/product"}],"author":[{"embeddable":true,"href":"https:\/\/fvmachinery.com\/fr\/wp-json\/wp\/v2\/users\/1"}],"wp:featuredmedia":[{"embeddable":true,"href":"https:\/\/fvmachinery.com\/fr\/wp-json\/wp\/v2\/media\/104"}],"wp:attachment":[{"href":"https:\/\/fvmachinery.com\/fr\/wp-json\/wp\/v2\/media?parent=98"}],"wp:term":[{"taxonomy":"post_tag","embeddable":true,"href":"https:\/\/fvmachinery.com\/fr\/wp-json\/wp\/v2\/tags?post=98"},{"taxonomy":"product-type","embeddable":true,"href":"https:\/\/fvmachinery.com\/fr\/wp-json\/wp\/v2\/product-type?post=98"}],"curies":[{"name":"wp","href":"https:\/\/api.w.org\/{rel}","templated":true}]}}