{"id":25,"date":"2022-08-24T06:44:53","date_gmt":"2022-08-23T22:44:53","guid":{"rendered":"https:\/\/fvmachinery.com\/?post_type=product&#038;p=25"},"modified":"2023-01-09T10:42:31","modified_gmt":"2023-01-09T02:42:31","slug":"fruit-and-vegetable-washing-line","status":"publish","type":"product","link":"https:\/\/fvmachinery.com\/pt\/product\/fruit-and-vegetable-washing-line\/","title":{"rendered":"Linha de lavagem de frutas e vegetais | M\u00e1quina de lavar vegetais"},"content":{"rendered":"<p>A linha de lavagem de frutas e vegetais foi projetada para processar uma ampla gama de materiais atrav\u00e9s de equipamentos de lavagem e secagem. A venda de vegetais limpos pode aumentar o valor econ\u00f3mico acrescentado com uma grande margem de lucro. Usar uma m\u00e1quina autom\u00e1tica de lavar vegetais em vez da lavagem manual tradicional pode melhorar muito a efici\u00eancia, o que tamb\u00e9m pode economizar custos de m\u00e3o de obra e atender \u00e0s necessidades de grandes volumes de produ\u00e7\u00e3o.<\/p>    <h2 class=\"wp-block-heading\" id=\"h-why-do-you-need-a-fruit-and-vegetable-washing-line\">Por que voc\u00ea precisa de um varal para lavar frutas e vegetais?<\/h2>    <p>A planta completa de lavagem de frutas e vegetais tem como principais fun\u00e7\u00f5es a lavagem, secagem e embalagem cont\u00ednua de vegetais. Este equipamento autom\u00e1tico de lavagem de vegetais pode ser usado para processar todos os tipos de frutas e vegetais, como piment\u00f5es, batatas, rabanetes, tomates, pepinos, etc. A capacidade desta linha de lavagem \u00e9 geralmente de 300 kg a 3 toneladas por hora, e os clientes podem escolher o modelo de m\u00e1quina certo de acordo com suas necessidades.<\/p>    <p>A m\u00e1quina \u00e9 muito procurada na ind\u00fastria aliment\u00edcia e de catering, pois pode garantir a qualidade da limpeza de vegetais e frutas e ajudar ainda mais no processamento de vegetais e frutas. Al\u00e9m disso, a vantagem de economizar m\u00e3o de obra e tamb\u00e9m o valor do investimento tamb\u00e9m \u00e9 a principal raz\u00e3o pela qual conquistam a busca pelo mercado.<\/p>    <h2 class=\"wp-block-heading\" id=\"h-3d-video-of-fruit-and-vegetable-washing-line\">V\u00eddeo 3D de linha de lavagem de frutas e vegetais<\/h2>    <figure class=\"wp-block-embed is-type-video is-provider-youtube wp-block-embed-youtube wp-embed-aspect-16-9 wp-has-aspect-ratio\"><div class=\"wp-block-embed__wrapper\"> <iframe loading=\"lazy\" title=\"Linha de lavagem autom\u00e1tica de frutas e vegetais | Processo de lavagem de batata, tomate, cebola e gengibre\" width=\"500\" height=\"281\" src=\"https:\/\/www.youtube.com\/embed\/fBzoviDQvvM?feature=oembed\" frameborder=\"0\" allow=\"accelerometer; autoplay; clipboard-write; encrypted-media; gyroscope; picture-in-picture; web-share\" referrerpolicy=\"strict-origin-when-cross-origin\" allowfullscreen><\/iframe> <\/div><\/figure>    <h2 class=\"wp-block-heading\" id=\"h-raw-materials-of-fruit-and-vegetable-washer-plant\">Mat\u00e9rias-primas da planta de lavagem de frutas e vegetais<\/h2>    <p>A linha de lavagem de vegetais \u00e9 adequada para uso em fazendas, supermercados, f\u00e1bricas de processamento de alimentos, restaurantes, etc. Ela pode lidar com uma ampla variedade de materiais, incluindo lim\u00f5es, tomates, batatas, abobrinhas, berinjelas, piment\u00f5es, pepinos, etc.<\/p>    <p>O v\u00eddeo a seguir mostra o processo de lavagem de batatas.<\/p>    <figure class=\"wp-block-embed is-type-video is-provider-youtube wp-block-embed-youtube wp-embed-aspect-16-9 wp-has-aspect-ratio\"><div class=\"wp-block-embed__wrapper\"> <iframe loading=\"lazy\" title=\"Linha comercial de lavagem de batatas | Como limpar com efici\u00eancia uma grande quantidade de batatas?\" width=\"500\" height=\"281\" src=\"https:\/\/www.youtube.com\/embed\/RkRness2lQU?feature=oembed\" frameborder=\"0\" allow=\"accelerometer; autoplay; clipboard-write; encrypted-media; gyroscope; picture-in-picture; web-share\" referrerpolicy=\"strict-origin-when-cross-origin\" allowfullscreen><\/iframe> <\/div><\/figure>    <h2 class=\"wp-block-heading\" id=\"h-main-process-of-vegetable-washing-plant\">Processo principal da planta de lavagem de vegetais<\/h2>    <p>A linha de lavagem de frutas e vegetais utiliza uma abordagem mais tecnol\u00f3gica para remo\u00e7\u00e3o de manchas e pesticidas, primeiro usando o m\u00e9todo de surf para se livrar da poeira e impurezas na superf\u00edcie da fruta e, em seguida, esfregando as manchas mais dif\u00edceis atrav\u00e9s do processo de desbridamento, limpando assim completamente as frutas e legumes. As frutas e vegetais limpos s\u00e3o rapidamente secos e embalados. Essa linha de limpeza e embalagem de vegetais est\u00e1 atualmente em alta no mercado.<\/p>    <h3 class=\"wp-block-heading\" id=\"h-hoist-conveyor\">Transportador de eleva\u00e7\u00e3o<\/h3>   <div class=\"wp-block-image\"> <figure class=\"aligncenter size-full\"><img loading=\"lazy\" decoding=\"async\" width=\"720\" height=\"540\" src=\"https:\/\/fvmachinery.com\/wp-content\/uploads\/2022\/08\/1-fruit-conveying-1-1.webp\" alt=\"m\u00e1quina de transporte de vegetais e frutas\" class=\"wp-image-34\" title=\"\" srcset=\"https:\/\/fvmachinery.com\/wp-content\/uploads\/2022\/08\/1-fruit-conveying-1-1.webp 720w, https:\/\/fvmachinery.com\/wp-content\/uploads\/2022\/08\/1-fruit-conveying-1-1-300x225.webp 300w\" sizes=\"auto, (max-width: 720px) 100vw, 720px\" \/><figcaption class=\"wp-element-caption\">transportador de linha de lavagem de frutas e vegetais<\/figcaption><\/figure> <\/div>   <p>O transportador \u00e9 usado para levantar frutas e vegetais automaticamente para a m\u00e1quina de lavar, o que pode economizar m\u00e3o de obra e a velocidade do transportador pode ser ajustada. A altura e largura do transportador podem ser customizadas de acordo com a mat\u00e9ria-prima e a produ\u00e7\u00e3o do cliente.<\/p>    <h3 class=\"wp-block-heading\" id=\"h-bubble-washing-machine\"><a href=\"https:\/\/fvmachinery.com\/pt\/product\/maquina-de-limpeza-de-frutas-e-vegetais\/\">M\u00e1quina de lavar bolhas<\/a><\/h3>   <div class=\"wp-block-image\"> <figure class=\"aligncenter size-full\"><a href=\"https:\/\/fvmachinery.com\/pt\/product\/maquina-de-limpeza-de-frutas-e-vegetais\/\"><img loading=\"lazy\" decoding=\"async\" width=\"750\" height=\"750\" src=\"https:\/\/fvmachinery.com\/wp-content\/uploads\/2022\/08\/vegetable-washing-machine-1.webp\" alt=\"m\u00e1quina de lavar vegetais \" class=\"wp-image-39\" title=\"\" srcset=\"https:\/\/fvmachinery.com\/wp-content\/uploads\/2022\/08\/vegetable-washing-machine-1.webp 750w, https:\/\/fvmachinery.com\/wp-content\/uploads\/2022\/08\/vegetable-washing-machine-1-300x300.webp 300w, https:\/\/fvmachinery.com\/wp-content\/uploads\/2022\/08\/vegetable-washing-machine-1-150x150.webp 150w\" sizes=\"auto, (max-width: 750px) 100vw, 750px\" \/><\/a><figcaption class=\"wp-element-caption\">m\u00e1quina de lavar vegetais <\/figcaption><\/figure> <\/div>   <p>A nova m\u00e1quina de lavar frutas e vegetais adota tecnologia de queda de bolhas, escova\u00e7\u00e3o e pulveriza\u00e7\u00e3o, que pode limpar os materiais com efic\u00e1cia. A estrutura da m\u00e1quina de lavar com bolhas de ar \u00e9 feita de a\u00e7o inoxid\u00e1vel SUS304 de alta qualidade, que atende aos padr\u00f5es nacionais da ind\u00fastria aliment\u00edcia.<\/p>    <h3 class=\"wp-block-heading\" id=\"h-hair-roller-remover-machine\">M\u00e1quina removedora de rolo de cabelo<\/h3>   <div class=\"wp-block-image\"> <figure class=\"aligncenter size-full\"><img loading=\"lazy\" decoding=\"async\" width=\"720\" height=\"540\" src=\"https:\/\/fvmachinery.com\/wp-content\/uploads\/2022\/08\/removing-impurities.webp\" alt=\"removendo impurezas\" class=\"wp-image-36\" title=\"\" srcset=\"https:\/\/fvmachinery.com\/wp-content\/uploads\/2022\/08\/removing-impurities.webp 720w, https:\/\/fvmachinery.com\/wp-content\/uploads\/2022\/08\/removing-impurities-300x225.webp 300w\" sizes=\"auto, (max-width: 720px) 100vw, 720px\" \/><figcaption class=\"wp-element-caption\">removendo impurezas<\/figcaption><\/figure> <\/div>   <p>O desmisturador do rolo de cabelo limpar\u00e1 as mat\u00e9rias-primas pela segunda vez, o que \u00e9 uma etapa importante da linha de lavagem de frutas e vegetais. A escova\u00e7\u00e3o da mat\u00e9ria-prima com rolo de cabelo na m\u00e1quina pode limpar completamente a sujeira teimosa e outras manchas na superf\u00edcie de frutas e vegetais e, ao mesmo tempo, a limpeza n\u00e3o causar\u00e1 danos \u00e0 superf\u00edcie de frutas e vegetais. Al\u00e9m disso, a m\u00e1quina pode ser substitu\u00edda por diferentes durezas e comprimentos de rolos de acordo com diferentes mat\u00e9rias-primas.<\/p>    <h3 class=\"wp-block-heading\" id=\"h-air-dryer-machine\">M\u00e1quina de secar ar<\/h3>   <div class=\"wp-block-image\"> <figure class=\"aligncenter size-full\"><img loading=\"lazy\" decoding=\"async\" width=\"720\" height=\"540\" src=\"https:\/\/fvmachinery.com\/wp-content\/uploads\/2022\/08\/vegetable-drying-machine.webp\" alt=\"m\u00e1quina de secar vegetais\" class=\"wp-image-38\" title=\"\" srcset=\"https:\/\/fvmachinery.com\/wp-content\/uploads\/2022\/08\/vegetable-drying-machine.webp 720w, https:\/\/fvmachinery.com\/wp-content\/uploads\/2022\/08\/vegetable-drying-machine-300x225.webp 300w\" sizes=\"auto, (max-width: 720px) 100vw, 720px\" \/><figcaption class=\"wp-element-caption\">m\u00e1quina de secar vegetais<\/figcaption><\/figure> <\/div>   <p>Os secadores de ar s\u00e3o usados \u200b\u200bprincipalmente para secagem r\u00e1pida de frutas e vegetais limpos para as etapas subsequentes de embalagem de frutas e vegetais. A correia transportadora do novo secador de ar foi atualizada para uma esteira rolante para melhorar a efici\u00eancia da secagem.<\/p>    <h3 class=\"wp-block-heading\" id=\"h-picking-conveyor\">Transportador de coleta<\/h3>   <div class=\"wp-block-image\"> <figure class=\"aligncenter size-full\"><img loading=\"lazy\" decoding=\"async\" width=\"720\" height=\"540\" src=\"https:\/\/fvmachinery.com\/wp-content\/uploads\/2022\/08\/sorting-table.webp\" alt=\"tabela de classifica\u00e7\u00e3o\" class=\"wp-image-37\" title=\"\" srcset=\"https:\/\/fvmachinery.com\/wp-content\/uploads\/2022\/08\/sorting-table.webp 720w, https:\/\/fvmachinery.com\/wp-content\/uploads\/2022\/08\/sorting-table-300x225.webp 300w\" sizes=\"auto, (max-width: 720px) 100vw, 720px\" \/><figcaption class=\"wp-element-caption\">mesa de classifica\u00e7\u00e3o de linha de lavagem de frutas e vegetais<\/figcaption><\/figure> <\/div>   <p>Ap\u00f3s a secagem das mat\u00e9rias-primas, os trabalhadores selecionar\u00e3o as frutas e vegetais defeituosos ou estragados na mesa de triagem para garantir que o produto final seja de qualidade superior. Finalmente, estas frutas e vegetais limpos est\u00e3o prontos para o processo de embalagem.<\/p>    <h3 class=\"wp-block-heading\" id=\"h-fruit-and-vegetable-packing-machine\">M\u00e1quina de embalagem de frutas e vegetais&nbsp;<\/h3>   <div class=\"wp-block-image\"> <figure class=\"aligncenter size-full\"><img loading=\"lazy\" decoding=\"async\" width=\"720\" height=\"540\" src=\"https:\/\/fvmachinery.com\/wp-content\/uploads\/2022\/08\/packaging-machine.webp\" alt=\"m\u00e1quina de empacotar\" class=\"wp-image-35\" title=\"\" srcset=\"https:\/\/fvmachinery.com\/wp-content\/uploads\/2022\/08\/packaging-machine.webp 720w, https:\/\/fvmachinery.com\/wp-content\/uploads\/2022\/08\/packaging-machine-300x225.webp 300w\" sizes=\"auto, (max-width: 720px) 100vw, 720px\" \/><figcaption class=\"wp-element-caption\">m\u00e1quina de empacotar<\/figcaption><\/figure> <\/div>   <p>A embalagem \u00e9 a \u00faltima parte desta linha de lavagem de frutas e legumes para o embalamento individual de legumes frescos. Esta m\u00e1quina de embalagem pode realizar diferentes formas de embalagem, como ensacadas, encaixotadas, etc., de acordo com as necessidades do cliente.<\/p>    <h2 class=\"wp-block-heading\" id=\"h-benefits-of-taizy-automatic-vegetable-washing-line\">Benef\u00edcios da linha autom\u00e1tica de lavagem de vegetais Taizy<\/h2>    <ol class=\"wp-block-list\"> <li>As m\u00e1quinas Taizy oferecem uma gama completa de servi\u00e7os e podem personalizar uma solu\u00e7\u00e3o adequada de lavagem de frutas e vegetais de acordo com as mat\u00e9rias-primas, or\u00e7amento e \u00e1rea da f\u00e1brica do cliente.<\/li>    <li>Toda a linha \u00e9 altamente automatizada, sendo necess\u00e1rios apenas dois trabalhadores para carregamento e separa\u00e7\u00e3o. A m\u00e1quina tem uma grande capacidade de processamento e pode lidar com 300kg a 3000kg de material. A capacidade de processamento comum da linha de m\u00e1quinas de lavar vegetais \u00e9 500kg\/h, 1000kg\/h, 2.000kg\/h, 3.000kg\/h.<\/li>    <li>A linha de lavagem de frutas e vegetais utiliza um sistema de tratamento de \u00e1gua mais avan\u00e7ado para desinfetar a \u00e1gua e decompor os pesticidas residuais. Al\u00e9m disso, a m\u00e1quina pode separar as mat\u00e9rias-primas dos sedimentos lavados, o que melhora muito a taxa de reciclagem da \u00e1gua de limpeza e pode economizar 85% de \u00e1gua, baixo consumo de energia, economizando custos de energia para os clientes.<\/li> <\/ol>    <h2 class=\"wp-block-heading\" id=\"h-necessary-equipment-for-fruit-and-vegetable-washing-plant\">Equipamento necess\u00e1rio para planta de lavagem de frutas e vegetais<\/h2>    <p class=\"translation-block\">Para grandes f\u00e1bricas de lavagem de vegetais, supermercados, quintas, restaurantes, etc., utilizam frequentemente um grande n\u00famero de caixas de pl\u00e1stico para armazenar e transportar frutas e vegetais. A <strong>m\u00e1quina autom\u00e1tica de lavagem de cestos<\/strong> \u00e9 a nossa m\u00e1quina mais vendida. As caixas de pl\u00e1stico s\u00e3o enviadas para a liga\u00e7\u00e3o de lavagem por pulveriza\u00e7\u00e3o de alta press\u00e3o atrav\u00e9s da correia transportadora para lavagem por pulveriza\u00e7\u00e3o rec\u00edproca completa, o que torna as caixas de pl\u00e1stico limpas e reutiliz\u00e1veis. A m\u00e1quina de lavar \u00e9 adequada para todos os tipos de caixas de transporte de alimentos, caixotes, caixas de alimentos, caixas de pl\u00e1stico, etc.<\/p>      <h2 class=\"wp-block-heading\" id=\"h-jalapeno-pepper-washing-machine-sent-to-mexico\">M\u00e1quina de lavar pimenta Jalape\u00f1o enviada ao M\u00e9xico<\/h2>    <p>A Taizy Machinery exportou uma linha completa de lavagem de frutas e vegetais para o M\u00e9xico este ano. O cliente no M\u00e9xico tem uma f\u00e1brica de processamento de alimentos e procura um varal ideal para sua pimenta jalape\u00f1o. Depois de nos encontrar, ele disse ao nosso gerente de vendas que precisava de uma planta de lavagem de vegetais que pudesse lavar 1.000 kg de vegetais por hora. Ent\u00e3o nosso cliente recomenda esta planta de lavagem de vegetais incluindo uma esteira, uma m\u00e1quina de lavar bolhas, uma secadora e uma esteira de coleta. Agora, a planta de lavagem de pimenta jalape\u00f1o j\u00e1 foi enviada para o M\u00e9xico.<\/p>","protected":false},"excerpt":{"rendered":"<p>The fruit and vegetable washing line is designed to process a wide range of materials through washing and drying equipment. Selling clean vegetables can increase the economic added value with a large profit margin. Using an automatic vegetable washing machine instead of traditional manual washing can greatly improve efficiency, which can also save labor costs [&hellip;]<\/p>\n","protected":false},"author":1,"featured_media":27,"parent":0,"template":"","tags":[21],"product-type":[5],"class_list":["post-25","product","type-product","status-publish","has-post-thumbnail","hentry","tag-vegetable-washing-machine","product-type-production-line"],"_links":{"self":[{"href":"https:\/\/fvmachinery.com\/pt\/wp-json\/wp\/v2\/product\/25","targetHints":{"allow":["GET"]}}],"collection":[{"href":"https:\/\/fvmachinery.com\/pt\/wp-json\/wp\/v2\/product"}],"about":[{"href":"https:\/\/fvmachinery.com\/pt\/wp-json\/wp\/v2\/types\/product"}],"author":[{"embeddable":true,"href":"https:\/\/fvmachinery.com\/pt\/wp-json\/wp\/v2\/users\/1"}],"wp:featuredmedia":[{"embeddable":true,"href":"https:\/\/fvmachinery.com\/pt\/wp-json\/wp\/v2\/media\/27"}],"wp:attachment":[{"href":"https:\/\/fvmachinery.com\/pt\/wp-json\/wp\/v2\/media?parent=25"}],"wp:term":[{"taxonomy":"post_tag","embeddable":true,"href":"https:\/\/fvmachinery.com\/pt\/wp-json\/wp\/v2\/tags?post=25"},{"taxonomy":"product-type","embeddable":true,"href":"https:\/\/fvmachinery.com\/pt\/wp-json\/wp\/v2\/product-type?post=25"}],"curies":[{"name":"wp","href":"https:\/\/api.w.org\/{rel}","templated":true}]}}