{"id":303,"date":"2022-11-25T18:15:02","date_gmt":"2022-11-25T10:15:02","guid":{"rendered":"https:\/\/fvmachinery.com\/?post_type=product&#038;p=303"},"modified":"2022-12-30T11:50:21","modified_gmt":"2022-12-30T03:50:21","slug":"carrot-peeling-machine","status":"publish","type":"product","link":"https:\/\/fvmachinery.com\/pt\/product\/carrot-peeling-machine\/","title":{"rendered":"M\u00e1quina descascadora de cenoura | M\u00e1quina comercial de descascador de cenoura"},"content":{"rendered":"<p>A m\u00e1quina de descascar cenoura \u00e9 uma m\u00e1quina de processamento de frutas e vegetais muito comum, a m\u00e1quina \u00e9 adequada para uma variedade de vegetais. Em compara\u00e7\u00e3o com o descascamento manual, o uso de uma m\u00e1quina altamente automatizada melhorar\u00e1 muito a efici\u00eancia e reduzir\u00e1 os custos de m\u00e3o de obra.<\/p>    <h2 class=\"wp-block-heading\">Introdu\u00e7\u00e3o da m\u00e1quina descascadora de cenoura<\/h2>    <p class=\"translation-block\">A m\u00e1quina autom\u00e1tica de descascar cenouras \u00e9 usada para descascar cenouras; quando a m\u00e1quina funciona, voc\u00ea precisa colocar o material manualmente, e a m\u00e1quina descarregar\u00e1 automaticamente o material. A velocidade de descasque \u00e9 r\u00e1pida e o efeito de descasque \u00e9 bom. O Grupo Shuliy d\u00e1-lhe as boas-vindas para visitar nossa f\u00e1brica a qualquer momento para experimentar a m\u00e1quina. Geralmente, a maioria das pessoas lava as cenouras com uma <a href=\"https:\/\/fvmachinery.com\/pt\/product\/maquina-de-limpeza-de-frutas-e-vegetais\/\">m\u00e1quina de lavar vegetais<\/a> altamente eficiente antes de descasc\u00e1-las; ap\u00f3s o descasque, as cenouras podem ser cortadas ou picadas diretamente sem lavagem.<\/p>    <figure class=\"wp-block-gallery has-nested-images columns-default is-cropped wp-block-gallery-2 is-layout-flex wp-block-gallery-is-layout-flex\"> <figure class=\"wp-block-image size-large\"><img loading=\"lazy\" decoding=\"async\" width=\"720\" height=\"540\" data-id=\"310\" src=\"https:\/\/fvmachinery.com\/wp-content\/uploads\/2022\/11\/carrot-peeling-machine-2.webp\" alt=\"m\u00e1quina de descascar cenoura\" class=\"wp-image-310\" title=\"\" srcset=\"https:\/\/fvmachinery.com\/wp-content\/uploads\/2022\/11\/carrot-peeling-machine-2.webp 720w, https:\/\/fvmachinery.com\/wp-content\/uploads\/2022\/11\/carrot-peeling-machine-2-300x225.webp 300w\" sizes=\"auto, (max-width: 720px) 100vw, 720px\" \/><figcaption class=\"wp-element-caption\">M\u00e1quina de descascar cenoura <\/figcaption><\/figure>    <figure class=\"wp-block-image size-large\"><img loading=\"lazy\" decoding=\"async\" width=\"720\" height=\"540\" data-id=\"307\" src=\"https:\/\/fvmachinery.com\/wp-content\/uploads\/2022\/11\/a-worker-is-testing-the-carrot-peeler-machine.webp\" alt=\"um trabalhador est\u00e1 testando a m\u00e1quina descascadora de cenoura\" class=\"wp-image-307\" title=\"\" srcset=\"https:\/\/fvmachinery.com\/wp-content\/uploads\/2022\/11\/a-worker-is-testing-the-carrot-peeler-machine.webp 720w, https:\/\/fvmachinery.com\/wp-content\/uploads\/2022\/11\/a-worker-is-testing-the-carrot-peeler-machine-300x225.webp 300w\" sizes=\"auto, (max-width: 720px) 100vw, 720px\" \/><figcaption class=\"wp-element-caption\">Um trabalhador est\u00e1 testando a m\u00e1quina descascadora de cenoura<\/figcaption><\/figure> <\/figure>    <figure class=\"wp-block-gallery has-nested-images columns-default is-cropped wp-block-gallery-3 is-layout-flex wp-block-gallery-is-layout-flex\"> <figure class=\"wp-block-image size-large\"><img loading=\"lazy\" decoding=\"async\" width=\"720\" height=\"540\" data-id=\"313\" src=\"https:\/\/fvmachinery.com\/wp-content\/uploads\/2022\/11\/commercial-carrot-peeler-machines.webp\" alt=\"m\u00e1quinas comerciais de descascador de cenoura\" class=\"wp-image-313\" title=\"\" srcset=\"https:\/\/fvmachinery.com\/wp-content\/uploads\/2022\/11\/commercial-carrot-peeler-machines.webp 720w, https:\/\/fvmachinery.com\/wp-content\/uploads\/2022\/11\/commercial-carrot-peeler-machines-300x225.webp 300w\" sizes=\"auto, (max-width: 720px) 100vw, 720px\" \/><figcaption class=\"wp-element-caption\">M\u00e1quinas comerciais de descascador de cenoura<\/figcaption><\/figure>    <figure class=\"wp-block-image size-large\"><img loading=\"lazy\" decoding=\"async\" width=\"720\" height=\"540\" data-id=\"311\" src=\"https:\/\/fvmachinery.com\/wp-content\/uploads\/2022\/11\/carrot-peeling-machine.webp\" alt=\"\" class=\"wp-image-311\" title=\"\" srcset=\"https:\/\/fvmachinery.com\/wp-content\/uploads\/2022\/11\/carrot-peeling-machine.webp 720w, https:\/\/fvmachinery.com\/wp-content\/uploads\/2022\/11\/carrot-peeling-machine-300x225.webp 300w\" sizes=\"auto, (max-width: 720px) 100vw, 720px\" \/><figcaption class=\"wp-element-caption\">Descascador de Cenoura<\/figcaption><\/figure> <\/figure>    <h2 class=\"wp-block-heading\">V\u00eddeo de funcionamento da m\u00e1quina de descascar cenoura<\/h2>    <figure class=\"wp-block-embed is-type-video is-provider-youtube wp-block-embed-youtube wp-embed-aspect-16-9 wp-has-aspect-ratio\"><div class=\"wp-block-embed__wrapper\"> <iframe loading=\"lazy\" title=\"V\u00eddeo de funcionamento da m\u00e1quina autom\u00e1tica de descascar cenoura | Como descascar cenouras de forma eficiente?\" width=\"500\" height=\"281\" src=\"https:\/\/www.youtube.com\/embed\/5YIfX4AUexw?feature=oembed\" frameborder=\"0\" allow=\"accelerometer; autoplay; clipboard-write; encrypted-media; gyroscope; picture-in-picture; web-share\" referrerpolicy=\"strict-origin-when-cross-origin\" allowfullscreen><\/iframe> <\/div><\/figure>    <h2 class=\"wp-block-heading\">Mat\u00e9rias-primas e produtos finais aplic\u00e1veis <\/h2>    <p class=\"translation-block\">A m\u00e1quina comercial de descascar cenouras pode lidar com muitos tipos de vegetais; os vegetais comuns incluem <a href=\"https:\/\/en.wikipedia.org\/wiki\/Carrot\" target=\"_blank\" rel=\"noopener\">cenouras<\/a>, pepinos, inhames, alface, luffa, etc. A forma dos vegetais deve ser preferencialmente esguia para que o efeito do descasque seja o melhor. Os produtos finais obtidos s\u00e3o completamente descascados e podem ser cortados diretamente.<\/p>   <div class=\"wp-block-image\"> <figure class=\"aligncenter size-full\"><img loading=\"lazy\" decoding=\"async\" width=\"720\" height=\"540\" src=\"https:\/\/fvmachinery.com\/wp-content\/uploads\/2022\/11\/raw-materials-of-peeling-machine_1.webp\" alt=\"mat\u00e9rias-primas da m\u00e1quina de descascar\" class=\"wp-image-323\" title=\"\" srcset=\"https:\/\/fvmachinery.com\/wp-content\/uploads\/2022\/11\/raw-materials-of-peeling-machine_1.webp 720w, https:\/\/fvmachinery.com\/wp-content\/uploads\/2022\/11\/raw-materials-of-peeling-machine_1-300x225.webp 300w\" sizes=\"auto, (max-width: 720px) 100vw, 720px\" \/><figcaption class=\"wp-element-caption\">mat\u00e9rias-primas da m\u00e1quina de descascar (frutas e vegetais de formato fino)<\/figcaption><\/figure> <\/div>   <h2 class=\"wp-block-heading\">Estruturas da m\u00e1quina descascadora de cenoura<\/h2>    <div class=\"wp-block-media-text alignwide is-stacked-on-mobile\"><figure class=\"wp-block-media-text__media\"><img loading=\"lazy\" decoding=\"async\" width=\"720\" height=\"540\" src=\"https:\/\/fvmachinery.com\/wp-content\/uploads\/2022\/11\/304-stainless-steel.webp\" alt=\"\" class=\"wp-image-306 size-full\" title=\"\" srcset=\"https:\/\/fvmachinery.com\/wp-content\/uploads\/2022\/11\/304-stainless-steel.webp 720w, https:\/\/fvmachinery.com\/wp-content\/uploads\/2022\/11\/304-stainless-steel-300x225.webp 300w\" sizes=\"auto, (max-width: 720px) 100vw, 720px\" \/><\/figure><div class=\"wp-block-media-text__content\"> <p>Entrada da m\u00e1quina descascadora de cenoura<\/p>    <p>A entrada da m\u00e1quina \u00e9 feita de a\u00e7o inoxid\u00e1vel, o que n\u00e3o polui os vegetais. Quando o material entra na boca da porta de alimenta\u00e7\u00e3o, o dispositivo ir\u00e1 prender o material e depois transport\u00e1-lo para a \u00e1rea de descascamento.<\/p> <\/div><\/div>    <div class=\"wp-block-media-text alignwide has-media-on-the-right is-stacked-on-mobile\"><div class=\"wp-block-media-text__content\"> <p>Dentro das l\u00e2minas descascadoras <\/p>    <p>Esta \u00e9 a \u00e1rea de descascamento de frutas e vegetais, m\u00faltiplas facas de descascamento descascam com precis\u00e3o e flu\u00eancia a casca externa dos materiais, a casca descascada \u00e9 muito fina e o processo de trabalho n\u00e3o corta o excesso de polpa.<\/p> <\/div><figure class=\"wp-block-media-text__media\"><img loading=\"lazy\" decoding=\"async\" width=\"720\" height=\"540\" src=\"https:\/\/fvmachinery.com\/wp-content\/uploads\/2022\/11\/peeling-blades-of-carrot-peeler.webp\" alt=\"\" class=\"wp-image-316 size-full\" title=\"\" srcset=\"https:\/\/fvmachinery.com\/wp-content\/uploads\/2022\/11\/peeling-blades-of-carrot-peeler.webp 720w, https:\/\/fvmachinery.com\/wp-content\/uploads\/2022\/11\/peeling-blades-of-carrot-peeler-300x225.webp 300w\" sizes=\"auto, (max-width: 720px) 100vw, 720px\" \/><\/figure><\/div>    <div class=\"wp-block-media-text alignwide is-stacked-on-mobile\"><figure class=\"wp-block-media-text__media\"><img loading=\"lazy\" decoding=\"async\" width=\"720\" height=\"540\" src=\"https:\/\/fvmachinery.com\/wp-content\/uploads\/2022\/11\/wheels.webp\" alt=\"\" class=\"wp-image-317 size-full\" title=\"\" srcset=\"https:\/\/fvmachinery.com\/wp-content\/uploads\/2022\/11\/wheels.webp 720w, https:\/\/fvmachinery.com\/wp-content\/uploads\/2022\/11\/wheels-300x225.webp 300w\" sizes=\"auto, (max-width: 720px) 100vw, 720px\" \/><\/figure><div class=\"wp-block-media-text__content\"> <p>Rod\u00edzios m\u00f3veis universais de 360\u00b0<\/p>    <p>Para movimentar a m\u00e1quina, projetamos rodas no descascador de cenoura. As rodas s\u00e3o fortes e dur\u00e1veis \u200b\u200be a dire\u00e7\u00e3o \u00e9 flex\u00edvel.<\/p> <\/div><\/div>    <div class=\"wp-block-media-text alignwide has-media-on-the-right is-stacked-on-mobile\"><div class=\"wp-block-media-text__content\"> <p>Painel de controle da m\u00e1quina descascadora de cenoura<\/p> <\/div><figure class=\"wp-block-media-text__media\"><img loading=\"lazy\" decoding=\"async\" width=\"720\" height=\"540\" src=\"https:\/\/fvmachinery.com\/wp-content\/uploads\/2022\/11\/details.webp\" alt=\"\" class=\"wp-image-315 size-full\" title=\"\" srcset=\"https:\/\/fvmachinery.com\/wp-content\/uploads\/2022\/11\/details.webp 720w, https:\/\/fvmachinery.com\/wp-content\/uploads\/2022\/11\/details-300x225.webp 300w\" sizes=\"auto, (max-width: 720px) 100vw, 720px\" \/><\/figure><\/div>    <h2 class=\"wp-block-heading\">Vantagens da m\u00e1quina descascadora de cenoura comercial<\/h2>    <ul class=\"wp-block-list\"> <li>A m\u00e1quina de descascar cenoura imita o descascamento manual, a superf\u00edcie do material descascado \u00e9 plana e lisa e a pele descascada \u00e9 muito fina, por isso n\u00e3o desperdi\u00e7a alimentos.<\/li>    <li>A taxa de descascamento da m\u00e1quina descascadora de cenoura comercial pode atingir cerca de 98%, com alta efici\u00eancia de produ\u00e7\u00e3o.<\/li>    <li>A m\u00e1quina descascadora de cenoura \u00e9 instalada com rod\u00edzios m\u00f3veis universais de 360\u00b0, o que \u00e9 conveniente para movimentar o equipamento.<\/li>    <li>O descascador autom\u00e1tico de cenoura \u00e9 feito de a\u00e7o inoxid\u00e1vel 304, que \u00e9 robusto e resistente \u00e0 corros\u00e3o. Os vegetais tratados \u00e0 m\u00e1quina s\u00e3o limpos e higi\u00eanicos e podem garantir a seguran\u00e7a alimentar.<\/li> <\/ul>    <h2 class=\"wp-block-heading\">Par\u00e2metros do descascador autom\u00e1tico de cenoura <\/h2>    <p>O modelo de descascador de cenoura mais vendido \u00e9 o seguinte. Podemos fornecer outros modelos se voc\u00ea tiver mais demandas. Caso voc\u00ea tenha interesse na m\u00e1quina descascadora, consulte-nos e preencha o formul\u00e1rio em nosso site.<\/p>    <figure class=\"wp-block-table\"><table><tbody><tr><td>Unid<\/td><td>Par\u00e2metros<\/td><\/tr><tr><td>Capacidade<\/td><td>1500 unidades\/h<\/td><\/tr><tr><td>Poder<\/td><td>500 W<\/td><\/tr><tr><td>Tens\u00e3o<\/td><td>220 V<\/td><\/tr><tr><td>Peso<\/td><td>120kg<\/td><\/tr><\/tbody><\/table><figcaption class=\"wp-element-caption\">detalhes do descascador autom\u00e1tico de cenoura <\/figcaption><\/figure>","protected":false},"excerpt":{"rendered":"<p>The carrot peeling machine is a very common fruit and vegetable processing machine, the machine is suitable for a variety of vegetables. Compared with manual peeling, using a highly automated machine will greatly improve efficiency and reduce labor costs. Introduction of carrot peeling machine The automatic carrot peeler is used for peeling carrots, when the [&hellip;]<\/p>\n","protected":false},"author":1,"featured_media":304,"parent":0,"template":"","tags":[29],"product-type":[13],"class_list":["post-303","product","type-product","status-publish","has-post-thumbnail","hentry","tag-carrot-peeling-machine","product-type-peeling-machine"],"_links":{"self":[{"href":"https:\/\/fvmachinery.com\/pt\/wp-json\/wp\/v2\/product\/303","targetHints":{"allow":["GET"]}}],"collection":[{"href":"https:\/\/fvmachinery.com\/pt\/wp-json\/wp\/v2\/product"}],"about":[{"href":"https:\/\/fvmachinery.com\/pt\/wp-json\/wp\/v2\/types\/product"}],"author":[{"embeddable":true,"href":"https:\/\/fvmachinery.com\/pt\/wp-json\/wp\/v2\/users\/1"}],"wp:featuredmedia":[{"embeddable":true,"href":"https:\/\/fvmachinery.com\/pt\/wp-json\/wp\/v2\/media\/304"}],"wp:attachment":[{"href":"https:\/\/fvmachinery.com\/pt\/wp-json\/wp\/v2\/media?parent=303"}],"wp:term":[{"taxonomy":"post_tag","embeddable":true,"href":"https:\/\/fvmachinery.com\/pt\/wp-json\/wp\/v2\/tags?post=303"},{"taxonomy":"product-type","embeddable":true,"href":"https:\/\/fvmachinery.com\/pt\/wp-json\/wp\/v2\/product-type?post=303"}],"curies":[{"name":"wp","href":"https:\/\/api.w.org\/{rel}","templated":true}]}}