{"id":325,"date":"2022-12-05T18:22:08","date_gmt":"2022-12-05T10:22:08","guid":{"rendered":"https:\/\/fvmachinery.com\/?post_type=product&#038;p=325"},"modified":"2022-12-07T14:39:11","modified_gmt":"2022-12-07T06:39:11","slug":"crinkle-cut-fries-cutter-machine","status":"publish","type":"product","link":"https:\/\/fvmachinery.com\/pt\/product\/crinkle-cut-fries-cutter-machine\/","title":{"rendered":"M\u00e1quina cortadora de batatas fritas crinkle cut | M\u00e1quina industrial de corte de batatas fritas"},"content":{"rendered":"<p>As batatas fritas crinkle e wave chips s\u00e3o muito populares no mercado. A m\u00e1quina cortadora de batatas fritas amassadas atende \u00e0s necessidades do neg\u00f3cio de fazer batatas fritas amassadas. O cortador comercial de batata amassada pode n\u00e3o apenas cortar em formato ondulado, mas tamb\u00e9m cortar batatas fritas em formato normal, o que pode ajudar a lanchonete a obter mais receita.<\/p>    <h2 class=\"wp-block-heading\">Introdu\u00e7\u00e3o da m\u00e1quina de corte de batatas fritas amassadas<\/h2>    <p>A m\u00e1quina de corte de batatas fritas ser\u00e1 usada principalmente para manusear batatas, cenouras, inhame, batata doce e outros vegetais. O cortador de batata enrugado pode cortar batatas em formatos ondulados. A m\u00e1quina cortadora de batatas fritas com corte amassado tem v\u00e1rias fun\u00e7\u00f5es, como baixo ru\u00eddo, f\u00e1cil manuten\u00e7\u00e3o e outros recursos. <\/p>    <p>Os clientes podem ajustar a espessura das batatas fritas e a espessura das tiras de batata de acordo com as diferentes necessidades. Os vegetais processados \u200b\u200bs\u00e3o limpos e de espessura uniforme. A m\u00e1quina cortadora de batatas fritas \u00e9 adequada para cantinas, lanchonetes, linhas de produ\u00e7\u00e3o de batatas fritas, etc. <\/p>    <figure class=\"wp-block-gallery has-nested-images columns-default is-cropped wp-block-gallery-2 is-layout-flex wp-block-gallery-is-layout-flex\"> <figure class=\"wp-block-image size-full\"><img loading=\"lazy\" decoding=\"async\" width=\"720\" height=\"540\" data-id=\"329\" src=\"https:\/\/fvmachinery.com\/wp-content\/uploads\/2022\/12\/crinkle-fries-cutting-machine1.webp\" alt=\"\" class=\"wp-image-329\" title=\"\" srcset=\"https:\/\/fvmachinery.com\/wp-content\/uploads\/2022\/12\/crinkle-fries-cutting-machine1.webp 720w, https:\/\/fvmachinery.com\/wp-content\/uploads\/2022\/12\/crinkle-fries-cutting-machine1-300x225.webp 300w\" sizes=\"auto, (max-width: 720px) 100vw, 720px\" \/><figcaption class=\"wp-element-caption\">Cortador de batata frita<\/figcaption><\/figure>    <figure class=\"wp-block-image size-large\"><img decoding=\"async\" data-id=\"326\" src=\"https:\/\/fvmachinery.com\/wp-content\/uploads\/2022\/12\/commercial-french-fry-cutter1.webp\" alt=\"cortador de batata frita comercial\" class=\"wp-image-326\" title=\"\"><figcaption class=\"wp-element-caption\">Cortador comercial de batatas fritas<\/figcaption><\/figure> <\/figure>    <figure class=\"wp-block-gallery has-nested-images columns-default is-cropped wp-block-gallery-3 is-layout-flex wp-block-gallery-is-layout-flex\"> <figure class=\"wp-block-image size-large\"><img decoding=\"async\" data-id=\"331\" src=\"https:\/\/fvmachinery.com\/wp-content\/uploads\/2022\/12\/crinkle-potato-cutter1.webp\" alt=\"cortador de batata amassado\" class=\"wp-image-331\" title=\"\"><figcaption class=\"wp-element-caption\">Cortador de batata enrugada<\/figcaption><\/figure>    <figure class=\"wp-block-image size-large\"><img loading=\"lazy\" decoding=\"async\" width=\"720\" height=\"540\" data-id=\"330\" src=\"https:\/\/fvmachinery.com\/wp-content\/uploads\/2022\/12\/crinkle-potato-cutter-machine-in-stock1.webp\" alt=\"m\u00e1quina cortadora de batata enrugada em estoque\" class=\"wp-image-330\" title=\"\" srcset=\"https:\/\/fvmachinery.com\/wp-content\/uploads\/2022\/12\/crinkle-potato-cutter-machine-in-stock1.webp 720w, https:\/\/fvmachinery.com\/wp-content\/uploads\/2022\/12\/crinkle-potato-cutter-machine-in-stock1-300x225.webp 300w\" sizes=\"auto, (max-width: 720px) 100vw, 720px\" \/><figcaption class=\"wp-element-caption\">M\u00e1quina cortadora de batata enrugada em estoque<\/figcaption><\/figure> <\/figure>    <h2 class=\"wp-block-heading\">Princ\u00edpio de funcionamento do cortador de batata enrugado<\/h2>    <p>A m\u00e1quina industrial de corte de batatas fritas funciona com um princ\u00edpio inteligente. H\u00e1 um dispositivo de corte centr\u00edfugo na parte traseira da m\u00e1quina cortadora de batatas fritas, que \u00e9 usado principalmente para fatiar. A l\u00e2mina pode ser uma l\u00e2mina normal ou uma l\u00e2mina corrugada. As batatas limpas s\u00e3o colocadas no tambor centr\u00edfugo da m\u00e1quina e a m\u00e1quina corta as batatas diretamente. As rodelas de batata caem ent\u00e3o em uma esteira transportadora e passam para outro conjunto de l\u00e2minas, que cortam as rodelas em tiras. As batatas fatiadas est\u00e3o prontas para serem guardadas para as batatas fritas.<\/p>    <h2 class=\"wp-block-heading\">Estrutura da m\u00e1quina comercial de corte de batata frita<\/h2>    <p>A m\u00e1quina de corte de batatas fritas cont\u00e9m principalmente uma porta de alimenta\u00e7\u00e3o, faca de corte, placa de faca, caixa de prote\u00e7\u00e3o, porta de descarga, painel de opera\u00e7\u00e3o, rede de prote\u00e7\u00e3o, correia transportadora, etc.<\/p>    <figure class=\"wp-block-gallery has-nested-images columns-default is-cropped wp-block-gallery-4 is-layout-flex wp-block-gallery-is-layout-flex\"> <figure class=\"wp-block-image size-full\"><img loading=\"lazy\" decoding=\"async\" width=\"720\" height=\"540\" data-id=\"333\" src=\"https:\/\/fvmachinery.com\/wp-content\/uploads\/2022\/12\/details-of-crinkle-cut-fries-cutter-machine1.webp\" alt=\"\" class=\"wp-image-333\" title=\"\" srcset=\"https:\/\/fvmachinery.com\/wp-content\/uploads\/2022\/12\/details-of-crinkle-cut-fries-cutter-machine1.webp 720w, https:\/\/fvmachinery.com\/wp-content\/uploads\/2022\/12\/details-of-crinkle-cut-fries-cutter-machine1-300x225.webp 300w\" sizes=\"auto, (max-width: 720px) 100vw, 720px\" \/><figcaption class=\"wp-element-caption\">Sa\u00edda da m\u00e1quina cortadora de batata<\/figcaption><\/figure>    <figure class=\"wp-block-image size-large\"><img decoding=\"async\" data-id=\"327\" src=\"https:\/\/fvmachinery.com\/wp-content\/uploads\/2022\/12\/crinkle-cut-fries-cutter-machine-21.webp\" alt=\"entrada da m\u00e1quina cortadora de batatas fritas com corte enrugado\" class=\"wp-image-327\" title=\"\"><figcaption class=\"wp-element-caption\">Entrada da m\u00e1quina cortadora de batatas fritas com corte enrugado<\/figcaption><\/figure> <\/figure>    <h2 class=\"wp-block-heading\">Par\u00e2metros industriais da m\u00e1quina de corte de batatas fritas<\/h2>    <figure class=\"wp-block-table\"><table><tbody><tr><td>Modelo<\/td><td>Tens\u00e3o<\/td><td>Poder<\/td><td>Dimens\u00e3o<\/td><td>Peso<\/td><td>Capacidade<\/td><\/tr><tr><td>TZ-600<\/td><td>220 V\/50 Hz<\/td><td>0,75 kW<\/td><td>900x460x740mm<\/td><td>140kg<\/td><td>100-600 kg\/hora<\/td><\/tr><tr><td>TZ-1000<\/td><td>220 V\/50 Hz<\/td><td>1,1 kW<\/td><td>1300x510x1050mm<\/td><td>380kg<\/td><td>200-1000 kg\/hora<\/td><\/tr><\/tbody><\/table><\/figure>    <h2 class=\"wp-block-heading\">Por que escolher uma m\u00e1quina cortadora de batatas fritas com corte amassado?<\/h2>    <p class=\"translation-block\">Normalmente,<a href=\"https:\/\/en.wikipedia.org\/wiki\/French_fries\" target=\"_blank\" rel=\"noopener\"> batatas fritas<\/a> s\u00e3o longas e em forma normal; imagine se as suas batatas fritas forem diferentes das de outras pessoas, atrair\u00e1 mais clientes para provar e comprar. As batatas fritas enrugadas t\u00eam menos concorrentes por causa da forma especial, podem ser mergulhadas em mais temperos e as batatas fritas saber\u00e3o melhor. <\/p>   <div class=\"wp-block-image\"> <figure class=\"aligncenter size-full\"><img loading=\"lazy\" decoding=\"async\" width=\"720\" height=\"540\" src=\"https:\/\/fvmachinery.com\/wp-content\/uploads\/2022\/12\/crinkle-potato-snacks1.webp\" alt=\"salgadinhos de batata amassada\" class=\"wp-image-332\" title=\"\" srcset=\"https:\/\/fvmachinery.com\/wp-content\/uploads\/2022\/12\/crinkle-potato-snacks1.webp 720w, https:\/\/fvmachinery.com\/wp-content\/uploads\/2022\/12\/crinkle-potato-snacks1-300x225.webp 300w\" sizes=\"auto, (max-width: 720px) 100vw, 720px\" \/><figcaption class=\"wp-element-caption\">salgadinhos de batata amassada<\/figcaption><\/figure> <\/div>   <p>O cortador comercial de batata amassada pode ajudar as lanchonetes a obter mais clientes e lucros para seus neg\u00f3cios. A m\u00e1quina de corte de batata pode cortar batatas e obter um bom formato ondulado de batatas fritas. O cortador de batatas fritas faz batatas fritas amassadas, diferentes das batatas fritas habituais. <\/p>    <h2 class=\"wp-block-heading\">Vantagens da m\u00e1quina cortadora de batatas fritas com corte amassado<\/h2>    <ul class=\"wp-block-list\"> <li>A m\u00e1quina comercial de corte de batatas fritas \u00e9 feita de material de a\u00e7o inoxid\u00e1vel de alta qualidade e tem uma longa vida \u00fatil. E o a\u00e7o inoxid\u00e1vel garantir\u00e1 a seguran\u00e7a alimentar no processamento de vegetais. <\/li>    <li>O cortador de batata crinkle tem uma bela apar\u00eancia e ocupa uma pequena sala, adequada para f\u00e1bricas de processamento de alimentos de todos os tamanhos.<\/li>    <li>A m\u00e1quina de corte de batatas fritas \u00e9 f\u00e1cil de operar e a equipe pode us\u00e1-la de forma independente ap\u00f3s um aprendizado simples.<\/li>    <li>A m\u00e1quina de corte de batatas fritas \u00e9 altamente eficiente na fabrica\u00e7\u00e3o de batatas fritas, e a produ\u00e7\u00e3o dos dois modelos comumente usados \u200b\u200b\u00e9 de 600kg\/h e 1000kg\/h respectivamente.<\/li>    <li>O produto final da m\u00e1quina de corte de batata \u00e9 de tamanho e espessura uniformes, produzindo batatas fritas e outros produtos de bom gosto. O tamanho de corte do cortador de batata \u00e9 ajust\u00e1vel. Em geral, o tamanho das batatas fritas comuns \u00e9 de 7 a 12 mm.<\/li> <\/ul>    <h2 class=\"wp-block-heading\">Por que escolher a m\u00e1quina cortadora de batatas fritas Taizy?<\/h2>    <p>Com o desenvolvimento cont\u00ednuo da ind\u00fastria, cada vez mais f\u00e1bricas de processamento de frutas e vegetais abandonaram o trabalho manual e adotaram m\u00e1quinas de processamento de vegetais altamente automatizadas. O Grupo Taizy \u00e9 especializado na fabrica\u00e7\u00e3o de v\u00e1rios equipamentos de processamento de frutas e vegetais h\u00e1 mais de dez anos e fornecemos m\u00e1quinas para f\u00e1bricas de processamento de alimentos em todo o mundo. As m\u00e1quinas que exportamos foram bem recebidas pelos clientes.<\/p>    <figure class=\"wp-block-gallery has-nested-images columns-default is-cropped wp-block-gallery-5 is-layout-flex wp-block-gallery-is-layout-flex\"> <figure class=\"wp-block-image size-large\"><img loading=\"lazy\" decoding=\"async\" width=\"540\" height=\"720\" data-id=\"346\" src=\"https:\/\/fvmachinery.com\/wp-content\/uploads\/2022\/12\/crinkle-cut-french-fry-cutter-machine1.webp\" alt=\"m\u00e1quina cortadora de batata frita com corte enrugado\" class=\"wp-image-346\" title=\"\" srcset=\"https:\/\/fvmachinery.com\/wp-content\/uploads\/2022\/12\/crinkle-cut-french-fry-cutter-machine1.webp 540w, https:\/\/fvmachinery.com\/wp-content\/uploads\/2022\/12\/crinkle-cut-french-fry-cutter-machine1-225x300.webp 225w\" sizes=\"auto, (max-width: 540px) 100vw, 540px\" \/><figcaption class=\"wp-element-caption\">M\u00e1quina cortadora de batata frita com corte enrugado<\/figcaption><\/figure>    <figure class=\"wp-block-image size-large\"><img decoding=\"async\" data-id=\"345\" src=\"https:\/\/fvmachinery.com\/wp-content\/uploads\/2022\/12\/commercial-crinkle-cut-french-fry-cutter1.webp\" alt=\"cortador de batata frita comercial com corte enrugado\" class=\"wp-image-345\" title=\"\"><figcaption class=\"wp-element-caption\">Cortador comercial de batata frita com corte enrugado<\/figcaption><\/figure> <figcaption class=\"blocks-gallery-caption wp-element-caption\">Cortador comercial de batata frita com corte amassado enviado para a Irlanda em 2022<\/figcaption><\/figure>    <p class=\"translation-block\">Por exemplo, se precisa de processar batatas, fornecemos <strong><a href=\"https:\/\/fvmachinery.com\/pt\/product\/fruit-sorting-and-grading-machine\/\">m\u00e1quinas de classifica\u00e7\u00e3o de legumes<\/a><\/strong> para separar as batatas em diferentes tamanhos, depois usamos <strong><a href=\"https:\/\/fvmachinery.com\/pt\/product\/maquina-de-limpeza-de-frutas-e-vegetais\/\">m\u00e1quinas de lavagem<\/a><\/strong> para limpar as batatas, <strong><a href=\"https:\/\/fvmachinery.com\/pt\/product\/potato-washing-and-peeling-machine\/\">m\u00e1quinas de descascamento<\/a> <\/strong>para descascar as batatas, e por fim, podemos usar m\u00e1quinas de corte de legumes para cort\u00e1-las em v\u00e1rias formas. Uma linha de montagem automatizada aumentar\u00e1 muito a produ\u00e7\u00e3o da unidade. As frutas e legumes processados pela m\u00e1quina s\u00e3o uniformes em tamanho, limpos e higi\u00eanicos, e podem satisfazer as necessidades da maioria dos consumidores.<\/p>    <p>Se voc\u00ea tem interesse em m\u00e1quinas para processamento de vegetais, seja bem-vindo ao preencher a tabela em nosso site, nossa equipe entrar\u00e1 em contato e enviar\u00e1 mais detalhes da m\u00e1quina o mais breve poss\u00edvel.<\/p>","protected":false},"excerpt":{"rendered":"<p>The crinkle fries and wave chips are very popular in the market. The crinkle cut fries cutter machine meets the needs of the business of making crinkle fries. Commercial crinkle potato cutter can not only cut into ripple shape but also cut into regular shape fries, which can help the snack bar to get more [&hellip;]<\/p>\n","protected":false},"author":1,"featured_media":328,"parent":0,"template":"","tags":[17],"product-type":[12],"class_list":["post-325","product","type-product","status-publish","has-post-thumbnail","hentry","tag-vegetable-cutting-machine","product-type-cutting-machine"],"_links":{"self":[{"href":"https:\/\/fvmachinery.com\/pt\/wp-json\/wp\/v2\/product\/325","targetHints":{"allow":["GET"]}}],"collection":[{"href":"https:\/\/fvmachinery.com\/pt\/wp-json\/wp\/v2\/product"}],"about":[{"href":"https:\/\/fvmachinery.com\/pt\/wp-json\/wp\/v2\/types\/product"}],"author":[{"embeddable":true,"href":"https:\/\/fvmachinery.com\/pt\/wp-json\/wp\/v2\/users\/1"}],"wp:featuredmedia":[{"embeddable":true,"href":"https:\/\/fvmachinery.com\/pt\/wp-json\/wp\/v2\/media\/328"}],"wp:attachment":[{"href":"https:\/\/fvmachinery.com\/pt\/wp-json\/wp\/v2\/media?parent=325"}],"wp:term":[{"taxonomy":"post_tag","embeddable":true,"href":"https:\/\/fvmachinery.com\/pt\/wp-json\/wp\/v2\/tags?post=325"},{"taxonomy":"product-type","embeddable":true,"href":"https:\/\/fvmachinery.com\/pt\/wp-json\/wp\/v2\/product-type?post=325"}],"curies":[{"name":"wp","href":"https:\/\/api.w.org\/{rel}","templated":true}]}}