{"id":400,"date":"2023-08-21T10:41:33","date_gmt":"2023-08-21T02:41:33","guid":{"rendered":"https:\/\/fvmachinery.com\/?post_type=product&#038;p=400"},"modified":"2023-08-24T15:03:47","modified_gmt":"2023-08-24T07:03:47","slug":"potato-slicer-machine","status":"publish","type":"product","link":"https:\/\/fvmachinery.com\/pt\/product\/potato-slicer-machine\/","title":{"rendered":"\u00a0M\u00e1quina cortadora de batata para neg\u00f3cios"},"content":{"rendered":"<p class=\"translation-block\">A m\u00e1quina cortadora de batatas Taizy oferece material de corte dur\u00e1vel, alta efici\u00eancia da m\u00e1quina e baixo consumo de energia para uma ampla gama de ind\u00fastrias de processamento de alimentos. E \u00e9 apoiada por um servi\u00e7o confi\u00e1vel. Esta cortadora de batatas \u00e9 usada para cortar batatas em tiras, e tamb\u00e9m pode ser usada para cortar batatas-doces, cenouras e outras frutas ou vegetais de raiz em tiras. A m\u00e1quina \u00e9 feita de a\u00e7o inoxid\u00e1vel 304, \u00e9 f\u00e1cil de operar e pode ser alimentada por eletricidade. Pode ser usada na ind\u00fastria de catering e na ind\u00fastria de processamento de alimentos. Se voc\u00ea tiver outras necessidades de processamento de alimentos, nossa empresa oferece <a href=\"https:\/\/fvmachinery.com\/pt\/product\/crinkle-cut-fries-cutter-machine\/\" data-type=\"link\" data-id=\"https:\/\/fvmachinery.com\/product\/crinkle-cut-fries-cutter-machine\/\">m\u00e1quina cortadora de batatas fritas onduladas<\/a>, <a href=\"https:\/\/fvmachinery.com\/pt\/product\/commercial-vegetable-cutting-machine\/\" data-type=\"link\" data-id=\"https:\/\/fvmachinery.com\/product\/commercial-vegetable-cutting-machine\/\">M\u00e1quina Comercial de Corte de Vegetais<\/a>, <a href=\"https:\/\/fvmachinery.com\/pt\/product\/vegetable-slicer-machine\/\" data-type=\"link\" data-id=\"https:\/\/fvmachinery.com\/product\/vegetable-slicer-machine\/\">M\u00e1quina Cortadora de Vegetais<\/a>, e <a href=\"https:\/\/fvmachinery.com\/pt\/product\/commercial-vegetable-dicing-machine\/\" data-type=\"link\" data-id=\"https:\/\/fvmachinery.com\/product\/commercial-vegetable-dicing-machine\/\">M\u00e1quina Comercial de Corte de Vegetais em Cubos<\/a>, voc\u00ea pode escolher de acordo com suas necessidades.<\/p>    <h2 class=\"wp-block-heading\">V\u00eddeo de trabalho do cortador de batata<\/h2>    <figure class=\"wp-block-embed is-type-video is-provider-youtube wp-block-embed-youtube wp-embed-aspect-16-9 wp-has-aspect-ratio\"><div class=\"wp-block-embed__wrapper\"> <iframe loading=\"lazy\" title=\"M\u00e1quina el\u00e9trica de fatiar batata 600kg\/h: maneira r\u00e1pida e f\u00e1cil de fatiar vegetais!#batata #slicer\" width=\"500\" height=\"281\" src=\"https:\/\/www.youtube.com\/embed\/s6jUCCs8B8E?feature=oembed\" frameborder=\"0\" allow=\"accelerometer; autoplay; clipboard-write; encrypted-media; gyroscope; picture-in-picture; web-share\" referrerpolicy=\"strict-origin-when-cross-origin\" allowfullscreen><\/iframe> <\/div><\/figure>    <h2 class=\"wp-block-heading\">Vantagens comerciais da m\u00e1quina de corte de batata<\/h2>    <p>Os produtos alimentares instant\u00e2neos que utilizam batatas como mat\u00e9ria-prima s\u00e3o um dos produtos mais populares no mercado alimentar. O corte manual \u00e9 ineficiente, mas para fatiar batatas \u00e9 muito simples fazer tiras de batata da mesma espessura e tamanho: as tiras de batata cortadas t\u00eam alta taxa de aprova\u00e7\u00e3o e atendem \u00e0 demanda de processamento dos produtos de exporta\u00e7\u00e3o. A Taizy fornece m\u00e1quinas de corte comerciais, de precis\u00e3o e de alta qualidade para atender \u00e0s necessidades de sua linha de produ\u00e7\u00e3o.<\/p>    <div class=\"wp-block-media-text is-stacked-on-mobile\" style=\"grid-template-columns:45% auto\"><figure class=\"wp-block-media-text__media\"><img loading=\"lazy\" decoding=\"async\" width=\"488\" height=\"311\" src=\"https:\/\/fvmachinery.com\/wp-content\/uploads\/2023\/08\/Potato-chips-made-by-Potato-Slicer-Machine-1.webp\" alt=\"\" class=\"wp-image-410 size-full\" title=\"\" srcset=\"https:\/\/fvmachinery.com\/wp-content\/uploads\/2023\/08\/Potato-chips-made-by-Potato-Slicer-Machine-1.webp 488w, https:\/\/fvmachinery.com\/wp-content\/uploads\/2023\/08\/Potato-chips-made-by-Potato-Slicer-Machine-1-300x191.webp 300w\" sizes=\"auto, (max-width: 488px) 100vw, 488px\" \/><\/figure><div class=\"wp-block-media-text__content\"> <p>1. As tiras de batata cortadas t\u00eam espessura uniforme e uma variedade de padr\u00f5es de espessura podem ser selecionados. \u00c9 um equipamento essencial para empresas de processamento de alimentos e empresas de catering.<\/p>    <p>2. Baixo consumo de energia, alta efici\u00eancia de corte, diferentes modelos podem ser selecionados de acordo com diferentes necessidades, o que realmente economiza tempo e esfor\u00e7o.<\/p> <\/div><\/div>    <div class=\"wp-block-media-text has-media-on-the-right is-stacked-on-mobile\" style=\"grid-template-columns:auto 45%\"><div class=\"wp-block-media-text__content\"> <p>3. Ampla aplica\u00e7\u00e3o, pode ser usada para batatas, batatas doces, pepinos, cenouras e outras ra\u00edzes de frutas ou vegetais.<\/p>    <p>4. De acordo com diferentes requisitos de produ\u00e7\u00e3o, diferentes modelos podem ser selecionados para reduzir o or\u00e7amento de custos.<\/p>    <p>5. \u00c9 usado a\u00e7o inoxid\u00e1vel 304 de qualidade alimentar, o que est\u00e1 de acordo com a seguran\u00e7a da produ\u00e7\u00e3o de alimentos.<\/p> <\/div><figure class=\"wp-block-media-text__media\"><img loading=\"lazy\" decoding=\"async\" width=\"500\" height=\"479\" src=\"https:\/\/fvmachinery.com\/wp-content\/uploads\/2023\/08\/French-fries-made-by-Potato-Slicer-Machine.webp\" alt=\"Batatas fritas feitas pela m\u00e1quina cortadora de batata\" class=\"wp-image-406 size-full\" title=\"\" srcset=\"https:\/\/fvmachinery.com\/wp-content\/uploads\/2023\/08\/French-fries-made-by-Potato-Slicer-Machine.webp 500w, https:\/\/fvmachinery.com\/wp-content\/uploads\/2023\/08\/French-fries-made-by-Potato-Slicer-Machine-300x287.webp 300w\" sizes=\"auto, (max-width: 500px) 100vw, 500px\" \/><\/figure><\/div>    <h2 class=\"wp-block-heading\"><strong>Etapas de trabalho da\u00a0m\u00e1quina cortadora de batata<\/strong><\/h2>   <div id=\"rank-math-howto\" class=\"rank-math-block\" > <div class=\"rank-math-howto-description\">  <\/div>  <div class=\"rank-math-steps\"> <div id=\"howto-step-1692584070732\" class=\"rank-math-step\"> <h3 class=\"rank-math-step-title\">Etapa 1: verifica\u00e7\u00e3o<\/h3> <div class=\"rank-math-step-content\"><p>Antes de ligar a m\u00e1quina, verifique se cada componente est\u00e1 anormal e confirme a conex\u00e3o do cabo de alimenta\u00e7\u00e3o. Verifique se a tens\u00e3o atende aos requisitos de opera\u00e7\u00e3o da m\u00e1quina.<\/p> <\/div> <\/div> <div id=\"howto-step-1692584155864\" class=\"rank-math-step\"> <h3 class=\"rank-math-step-title\">Passo 2 Descascar<\/h3> <div class=\"rank-math-step-content\"><p>Descasque as batatas, ligue a m\u00e1quina e coloque as batatas.<\/p> <\/div> <\/div> <div id=\"howto-step-1692584178128\" class=\"rank-math-step\"> <h3 class=\"rank-math-step-title\">Etapa 3 Opera\u00e7\u00e3o<\/h3> <div class=\"rank-math-step-content\"><p>Coloque o recipiente embaixo da sa\u00edda e as batatas cortadas cair\u00e3o.<\/p> <\/div> <\/div> <\/div> <\/div>","protected":false},"excerpt":{"rendered":"<p>Taizy potato slicer machine offers durable cutting material, high machine efficiency, and low energy consumption for a wide range of food processing industries. And backed by reliable service. This potato slicer is used to cut potatoes into strips, and can also be used to cut sweet potatoes, carrots, and other root fruits or vegetables into [&hellip;]<\/p>\n","protected":false},"author":1,"featured_media":501,"parent":0,"template":"","tags":[],"product-type":[12],"class_list":["post-400","product","type-product","status-publish","has-post-thumbnail","hentry","product-type-cutting-machine"],"_links":{"self":[{"href":"https:\/\/fvmachinery.com\/pt\/wp-json\/wp\/v2\/product\/400","targetHints":{"allow":["GET"]}}],"collection":[{"href":"https:\/\/fvmachinery.com\/pt\/wp-json\/wp\/v2\/product"}],"about":[{"href":"https:\/\/fvmachinery.com\/pt\/wp-json\/wp\/v2\/types\/product"}],"author":[{"embeddable":true,"href":"https:\/\/fvmachinery.com\/pt\/wp-json\/wp\/v2\/users\/1"}],"wp:featuredmedia":[{"embeddable":true,"href":"https:\/\/fvmachinery.com\/pt\/wp-json\/wp\/v2\/media\/501"}],"wp:attachment":[{"href":"https:\/\/fvmachinery.com\/pt\/wp-json\/wp\/v2\/media?parent=400"}],"wp:term":[{"taxonomy":"post_tag","embeddable":true,"href":"https:\/\/fvmachinery.com\/pt\/wp-json\/wp\/v2\/tags?post=400"},{"taxonomy":"product-type","embeddable":true,"href":"https:\/\/fvmachinery.com\/pt\/wp-json\/wp\/v2\/product-type?post=400"}],"curies":[{"name":"wp","href":"https:\/\/api.w.org\/{rel}","templated":true}]}}