{"id":412,"date":"2023-08-21T15:03:03","date_gmt":"2023-08-21T07:03:03","guid":{"rendered":"https:\/\/fvmachinery.com\/?post_type=product&#038;p=412"},"modified":"2023-08-28T14:42:32","modified_gmt":"2023-08-28T06:42:32","slug":"carrot-peeler","status":"publish","type":"product","link":"https:\/\/fvmachinery.com\/pt\/product\/carrot-peeler\/","title":{"rendered":"Descascador de cenoura industrial"},"content":{"rendered":"<p>A m\u00e1quina descascadora de cenoura \u00e9 um dos equipamentos necess\u00e1rios para uma linha de processamento de alimentos. A Taizy oferece v\u00e1rios descascadores comerciais de cenoura que s\u00e3o capazes de descascar cenouras, batatas, batatas doces, etc. em alta velocidade e alta precis\u00e3o. Existem dois tipos diferentes de descascamento de cenoura de acordo com o rendimento. A produ\u00e7\u00e3o \u00e9 de 2.000 kg\/h e 2.400 kg\/h. Nossas m\u00e1quinas s\u00e3o de qualidade alimentar, n\u00e3o t\u00f3xicas e inofensivas, t\u00eam uma ampla gama de aplica\u00e7\u00f5es, economizam muita m\u00e3o de obra e tempo e s\u00e3o perfeitas para empresas do setor de processamento de alimentos.<\/p>    <h2 class=\"wp-block-heading\">V\u00eddeo de funcionamento da m\u00e1quina descascadora de cenoura<\/h2>    <figure class=\"wp-block-embed is-type-video is-provider-youtube wp-block-embed-youtube wp-embed-aspect-16-9 wp-has-aspect-ratio\"><div class=\"wp-block-embed__wrapper\"> <iframe loading=\"lazy\" title=\"M\u00e1quina descascadora autom\u00e1tica de cenoura para vegetais e frutas: a maneira r\u00e1pida e f\u00e1cil de descascar #peeling\" width=\"500\" height=\"281\" src=\"https:\/\/www.youtube.com\/embed\/vI6VBZ20s2s?feature=oembed\" frameborder=\"0\" allow=\"accelerometer; autoplay; clipboard-write; encrypted-media; gyroscope; picture-in-picture; web-share\" referrerpolicy=\"strict-origin-when-cross-origin\" allowfullscreen><\/iframe> <\/div><\/figure>    <h2 class=\"wp-block-heading\">Caracter\u00edsticas da m\u00e1quina descascadora de cenoura<\/h2>    <p>A m\u00e1quina descascadora de cenoura adota rolos de n\u00e1ilon com alta elasticidade, alta resist\u00eancia \u00e0 abras\u00e3o, resist\u00eancia a altas temperaturas e caracter\u00edsticas de qualidade alimentar, al\u00e9m de rolos diamantados com melhor desempenho e melhor efeito de moagem, com alto poder de descascamento e descontamina\u00e7\u00e3o. A m\u00e1quina de esfolar pode descascar e limpar 99% dos materiais. Ap\u00f3s a limpeza, os res\u00edduos podem ser encaminhados para uma descarga de sa\u00edda espec\u00edfica ou reciclagem secund\u00e1ria, reduzindo a polui\u00e7\u00e3o e economizando tempo e esfor\u00e7o.<\/p>    <div class=\"wp-block-media-text is-stacked-on-mobile\" style=\"grid-template-columns:42% auto\"><figure class=\"wp-block-media-text__media\"><img loading=\"lazy\" decoding=\"async\" width=\"720\" height=\"540\" src=\"https:\/\/fvmachinery.com\/wp-content\/uploads\/2023\/08\/Spiral-pre-wash-and-hair-roller-peeling-2-2.webp\" alt=\"Pr\u00e9-lavagem em espiral e peeling com rolo de cabelo\" class=\"wp-image-442 size-full\" title=\"\" srcset=\"https:\/\/fvmachinery.com\/wp-content\/uploads\/2023\/08\/Spiral-pre-wash-and-hair-roller-peeling-2-2.webp 720w, https:\/\/fvmachinery.com\/wp-content\/uploads\/2023\/08\/Spiral-pre-wash-and-hair-roller-peeling-2-2-300x225.webp 300w\" sizes=\"auto, (max-width: 720px) 100vw, 720px\" \/><\/figure><div class=\"wp-block-media-text__content\"> <p>1. Existem dois tipos de cabe\u00e7as de escova dentro da m\u00e1quina, voc\u00ea pode escolher diferentes cabe\u00e7as de escova de descascamento de materiais de acordo com diferentes mat\u00e9rias-primas.<\/p>    <p>2. Dispositivo de alimenta\u00e7\u00e3o em espiral. As mat\u00e9rias-primas s\u00e3o distribu\u00eddas uniformemente no chassi, que pode descascar os materiais com precis\u00e3o e ser descarregado de maneira ordenada, economizando tempo e esfor\u00e7o e reduzindo custos de m\u00e3o de obra.<\/p>    <p>3. O material \u00e9 a\u00e7o inoxid\u00e1vel 304, que pode ser aplicado em um ambiente de processamento \u00famido, baixa taxa de quebra e desperd\u00edcio, baixo consumo de energia e alta efici\u00eancia operacional.<\/p> <\/div><\/div>    <div class=\"wp-block-media-text has-media-on-the-right is-stacked-on-mobile\" style=\"grid-template-columns:auto 45%\"><div class=\"wp-block-media-text__content\"> <p>4. Adotando um motor de engrenagem de alto torque, a cabe\u00e7a da escova pode funcionar suavemente por um longo tempo com baixo ru\u00eddo.<\/p>    <p>5. As rodas podem ser instaladas na parte inferior da m\u00e1quina, o que pode facilmente alterar o ambiente de trabalho e melhorar a efici\u00eancia de trabalho<\/p>    <p>6. Diferentes modelos podem ser selecionados de acordo com diferentes requisitos de sa\u00edda. Ampla aplica\u00e7\u00e3o, pode ser usada para descascar diversos tipos de mat\u00e9rias-primas.<\/p> <\/div><figure class=\"wp-block-media-text__media\"><img loading=\"lazy\" decoding=\"async\" width=\"720\" height=\"540\" src=\"https:\/\/fvmachinery.com\/wp-content\/uploads\/2023\/08\/Carrot-Peeler-internal-structure-2.webp\" alt=\"Estrutura interna do descascador de cenoura\" class=\"wp-image-435 size-full\" title=\"\" srcset=\"https:\/\/fvmachinery.com\/wp-content\/uploads\/2023\/08\/Carrot-Peeler-internal-structure-2.webp 720w, https:\/\/fvmachinery.com\/wp-content\/uploads\/2023\/08\/Carrot-Peeler-internal-structure-2-300x225.webp 300w\" sizes=\"auto, (max-width: 720px) 100vw, 720px\" \/><\/figure><\/div>    <p class=\"translation-block\"><br>Se tem outras necessidades de processamento de alimentos, a nossa empresa disponibiliza <a href=\"https:\/\/fvmachinery.com\/pt\/product\/carrot-peeling-machine\/\" data-type=\"link\" data-id=\"https:\/\/fvmachinery.com\/product\/carrot-peeling-machine\/\">M\u00e1quina de descascamento de cenouras<\/a>, <a href=\"https:\/\/fvmachinery.com\/pt\/product\/vendo-maquina-de-descascar-alho\/\" data-type=\"link\" data-id=\"https:\/\/fvmachinery.com\/product\/garlic-peeling-machine-for-sale\/\">M\u00e1quina de descascamento de alho para venda<\/a>,<a href=\"https:\/\/fvmachinery.com\/pt\/product\/vendo-maquina-de-descascar-alho\/\">\u00a0<\/a>e outros equipamentos, pode escolher de acordo com as suas necessidades. Bem-vindo(a) a consultar.<\/p>    <h2 class=\"wp-block-heading\">Informa\u00e7\u00e3o t\u00e9cnica<\/h2>    <div class=\"wp-block-columns alignwide is-layout-flex wp-container-core-columns-is-layout-9d6595d7 wp-block-columns-is-layout-flex\"> <div class=\"wp-block-column is-layout-flow wp-block-column-is-layout-flow\" style=\"flex-basis:100%\"> <figure class=\"wp-block-table\"><table><tbody><tr><td>Modelo<\/td><td>TZ-2000<\/td><\/tr><tr><td>Tamanho<\/td><td>2800*850*1400mm<\/td><\/tr><tr><td>Capacidade<\/td><td>2.000 kg\/h<\/td><\/tr><tr><td>Poder<\/td><td>4,37 kW<\/td><\/tr><tr><td>Peso<\/td><td>380kg<\/td><\/tr><tr><td>Material<\/td><td>a\u00e7o inoxid\u00e1vel 304<\/td><\/tr><\/tbody><\/table><figcaption class=\"wp-element-caption\"><a href=\"https:\/\/sem.seogroup.club\/analytics\/keywordoverview\/?q=carrot peeler&amp;db=us&amp;__gmitm=aHR0cHM6Ly96aC5zZW1ydXNoLmNvbQ--\" target=\"_blank\" rel=\"noopener\">M\u00e1quina descascadora de cenoura<\/a>: TZ-2000<\/figcaption><\/figure> <\/div> <\/div>    <figure class=\"wp-block-table alignwide\"><table><tbody><tr><td>Modelo<\/td><td>TZ-2600<\/td><\/tr><tr><td>Tamanho<\/td><td>3400*1000*1400mm<\/td><\/tr><tr><td>Capacidade<\/td><td>2.400kg\/hora<\/td><\/tr><tr><td>Poder<\/td><td>4,75 kW<\/td><\/tr><tr><td>Peso<\/td><td>450kg<\/td><\/tr><tr><td>Material<\/td><td>a\u00e7o inoxid\u00e1vel 304<\/td><\/tr><\/tbody><\/table><figcaption class=\"wp-element-caption\">M\u00e1quina descascadora de cenoura: TZ-2600<\/figcaption><\/figure>   <div id=\"rank-math-faq\" class=\"rank-math-block\"> <div class=\"rank-math-list\"> <div id=\"faq-question-1692599587565\" class=\"rank-math-list-item\"> <h3 class=\"rank-math-question\">Como as batatas s\u00e3o descascadas nas f\u00e1bricas?<\/h3> <div class=\"rank-math-answer\">  <p>Fornecemos m\u00e1quinas de corte autom\u00e1ticas, que podem descascar e limpar 99% dos materiais. Os produtos acabados t\u00eam uma alta taxa de aprova\u00e7\u00e3o e podem ser usados \u200b\u200bdiretamente para processar produtos aliment\u00edcios para exporta\u00e7\u00e3o.<\/p>  <\/div> <\/div> <div id=\"faq-question-1692600161429\" class=\"rank-math-list-item\"> <h3 class=\"rank-math-question\">Como escolher o modelo adequado de m\u00e1quina?<\/h3> <div class=\"rank-math-answer\">  <p>Voc\u00ea pode clicar no link da p\u00e1gina para deixar seus dados de contato ou ligar para n\u00f3s e escolheremos a m\u00e1quina mais adequada e eficiente para voc\u00ea.<\/p>  <\/div> <\/div> <div id=\"faq-question-1692600327469\" class=\"rank-math-list-item\"> <h3 class=\"rank-math-question\">Como lidar com os res\u00edduos ap\u00f3s o descascamento da m\u00e1quina?<\/h3> <div class=\"rank-math-answer\">  <p>Nossa m\u00e1quina \u00e9 equipada com bandeja de \u00e1gua e porta de res\u00edduos, e as \u00e1guas residuais e caspa ap\u00f3s a limpeza podem ser direcionadas para uma sa\u00edda espec\u00edfica para descarga ou reciclagem secund\u00e1ria em vez de serem descartadas diretamente no solo.<\/p>  <\/div> <\/div> <\/div> <\/div>","protected":false},"excerpt":{"rendered":"<p>Carrot peeler machine is one of the necessary pieces of equipment for a food processing line. Taizy offers several commercial carrot&nbsp;peelers that are capable of peeling carrots, potatoes, sweet potatoes, etc. at high speed and high precision. There are two different types of carrot peeling according to the output. The output is 2000kg\/h and 2400kg\/h. [&hellip;]<\/p>\n","protected":false},"author":1,"featured_media":502,"parent":0,"template":"","tags":[],"product-type":[13],"class_list":["post-412","product","type-product","status-publish","has-post-thumbnail","hentry","product-type-peeling-machine"],"_links":{"self":[{"href":"https:\/\/fvmachinery.com\/pt\/wp-json\/wp\/v2\/product\/412","targetHints":{"allow":["GET"]}}],"collection":[{"href":"https:\/\/fvmachinery.com\/pt\/wp-json\/wp\/v2\/product"}],"about":[{"href":"https:\/\/fvmachinery.com\/pt\/wp-json\/wp\/v2\/types\/product"}],"author":[{"embeddable":true,"href":"https:\/\/fvmachinery.com\/pt\/wp-json\/wp\/v2\/users\/1"}],"wp:featuredmedia":[{"embeddable":true,"href":"https:\/\/fvmachinery.com\/pt\/wp-json\/wp\/v2\/media\/502"}],"wp:attachment":[{"href":"https:\/\/fvmachinery.com\/pt\/wp-json\/wp\/v2\/media?parent=412"}],"wp:term":[{"taxonomy":"post_tag","embeddable":true,"href":"https:\/\/fvmachinery.com\/pt\/wp-json\/wp\/v2\/tags?post=412"},{"taxonomy":"product-type","embeddable":true,"href":"https:\/\/fvmachinery.com\/pt\/wp-json\/wp\/v2\/product-type?post=412"}],"curies":[{"name":"wp","href":"https:\/\/api.w.org\/{rel}","templated":true}]}}