{"id":48,"date":"2022-08-24T07:59:59","date_gmt":"2022-08-23T23:59:59","guid":{"rendered":"https:\/\/fvmachinery.com\/?post_type=product&#038;p=48"},"modified":"2025-10-28T15:21:25","modified_gmt":"2025-10-28T07:21:25","slug":"ginger-powder-processing-plant","status":"publish","type":"product","link":"https:\/\/fvmachinery.com\/pt\/product\/ginger-powder-processing-plant\/","title":{"rendered":"Planta de processamento de p\u00f3 de gengibre | M\u00e1quina de fazer p\u00f3 de gengibre"},"content":{"rendered":"<p>A planta de processamento de gengibre em p\u00f3 utiliza o gengibre como mat\u00e9ria-prima e, por meio de t\u00e9cnicas de processamento como limpeza, descascamento, fatiamento e moagem, o produto final da linha de produ\u00e7\u00e3o de gengibre \u00e9 o gengibre em p\u00f3 temperado que pode ser vendido diretamente no mercado. A Taizy Machinery fornece um conjunto completo de m\u00e1quinas de processamento de p\u00f3 de gengibre. Esta linha de produ\u00e7\u00e3o pode n\u00e3o apenas fazer gengibre em p\u00f3, mas tamb\u00e9m fazer alho em p\u00f3, a\u00e7afr\u00e3o em p\u00f3, cebola em p\u00f3 e outros condimentos, que podem atender \u00e0s necessidades culin\u00e1rias de diferentes fam\u00edlias, restaurantes e f\u00e1bricas de processamento de alimentos. Consulte-nos e diga-nos o que necessita.<\/p>      <h2 class=\"wp-block-heading\" id=\"h-raw-material-and-final-product-of-ginger-processing-plant\">Mat\u00e9ria-prima e produto final da planta de processamento de gengibre em p\u00f3 <\/h2>   <div class=\"wp-block-image\"> <figure class=\"aligncenter size-full\"><img loading=\"lazy\" decoding=\"async\" width=\"720\" height=\"540\" src=\"https:\/\/fvmachinery.com\/wp-content\/uploads\/2022\/08\/raw-materials-1.webp\" alt=\"mat\u00e9rias-primas \" class=\"wp-image-126\" title=\"\" srcset=\"https:\/\/fvmachinery.com\/wp-content\/uploads\/2022\/08\/raw-materials-1.webp 720w, https:\/\/fvmachinery.com\/wp-content\/uploads\/2022\/08\/raw-materials-1-300x225.webp 300w\" sizes=\"auto, (max-width: 720px) 100vw, 720px\" \/><figcaption>produtos finais da planta de processamento de gengibre em p\u00f3 <\/figcaption><\/figure> <\/div>   <p>A m\u00e1quina de fabrica\u00e7\u00e3o de gengibre e alho em p\u00f3 \u00e9 uma m\u00e1quina importante para f\u00e1bricas de temperos e f\u00e1bricas de processamento de alimentos. A planta de processamento de gengibre em p\u00f3 pode lidar com muitas mat\u00e9rias-primas, incluindo gengibre, alho, a\u00e7afr\u00e3o e cebola. A linha de p\u00f3 de gengibre Taizy \u00e9 popular nos mercados internacionais e j\u00e1 trabalhou com pa\u00edses como Estados Unidos, Tail\u00e2ndia, Jamaica, Camboja, Bangladesh, Nig\u00e9ria e Indon\u00e9sia.<\/p>    <h2 class=\"wp-block-heading\" id=\"h-how-to-make-ginger-powder-with-ginger-powder-machine\">Como fazer gengibre em p\u00f3 com m\u00e1quina de gengibre em p\u00f3?<\/h2>    <p>O processo da planta de processamento de gengibre em p\u00f3 \u00e9 relativamente simples. Primeiro, o gengibre precisa ser lavado e descascado, depois o gengibre limpo ser\u00e1 cortado em rodelas. As fatias de gengibre ser\u00e3o secas e mo\u00eddas at\u00e9 virar p\u00f3. O p\u00f3 precisa ser peneirado de acordo com a demanda do cliente. A \u00faltima etapa \u00e9 embalar o p\u00f3 de gengibre em sacos. Cada etapa corresponde a uma m\u00e1quina altamente automatizada, caso necessite entre em contato conosco.<\/p>   <div class=\"wp-block-image\"> <figure class=\"aligncenter size-full\"><img loading=\"lazy\" decoding=\"async\" width=\"720\" height=\"540\" src=\"https:\/\/fvmachinery.com\/wp-content\/uploads\/2022\/08\/ginger-powder-processing-plant1.webp\" alt=\"\" class=\"wp-image-134\" title=\"\" srcset=\"https:\/\/fvmachinery.com\/wp-content\/uploads\/2022\/08\/ginger-powder-processing-plant1.webp 720w, https:\/\/fvmachinery.com\/wp-content\/uploads\/2022\/08\/ginger-powder-processing-plant1-300x225.webp 300w\" sizes=\"auto, (max-width: 720px) 100vw, 720px\" \/><figcaption>planta de processamento de gengibre em p\u00f3 <\/figcaption><\/figure> <\/div>   <h2 class=\"wp-block-heading\">V\u00eddeo 3D da m\u00e1quina de fazer p\u00f3 de gengibre<\/h2>    <figure class=\"wp-block-embed is-type-video is-provider-youtube wp-block-embed-youtube wp-embed-aspect-16-9 wp-has-aspect-ratio\"><div class=\"wp-block-embed__wrapper\"> <iframe loading=\"lazy\" title=\"M\u00e1quina de fazer p\u00f3 de gengibre | V\u00eddeo 3D da planta de processamento de gengibre em p\u00f3\" width=\"500\" height=\"281\" src=\"https:\/\/www.youtube.com\/embed\/qiwlvQpzPV0?start=13&#038;feature=oembed\" frameborder=\"0\" allow=\"accelerometer; autoplay; clipboard-write; encrypted-media; gyroscope; picture-in-picture; web-share\" referrerpolicy=\"strict-origin-when-cross-origin\" allowfullscreen><\/iframe> <\/div><\/figure>    <h2 class=\"wp-block-heading\" id=\"h-ginger-powder-processing-machine-introduction\">Introdu\u00e7\u00e3o \u00e0 planta de processamento de gengibre em p\u00f3<\/h2>    <h3 class=\"wp-block-heading\" id=\"h-ginger-washing-and-peeling-machine\">M\u00e1quina de lavar e descascar gengibre<\/h3>   <div class=\"wp-block-image\"> <figure class=\"aligncenter size-full\"><img loading=\"lazy\" decoding=\"async\" width=\"720\" height=\"540\" src=\"https:\/\/fvmachinery.com\/wp-content\/uploads\/2022\/08\/washing-and-peeling-machine1.webp\" alt=\"planta de processamento de gengibre em p\u00f3\" class=\"wp-image-127\" title=\"\" srcset=\"https:\/\/fvmachinery.com\/wp-content\/uploads\/2022\/08\/washing-and-peeling-machine1.webp 720w, https:\/\/fvmachinery.com\/wp-content\/uploads\/2022\/08\/washing-and-peeling-machine1-300x225.webp 300w\" sizes=\"auto, (max-width: 720px) 100vw, 720px\" \/><figcaption>m\u00e1quina de lavar e descascar<\/figcaption><\/figure> <\/div>   <p class=\"translation-block\">A <a href=\"https:\/\/fvmachinery.com\/pt\/product\/potato-washing-and-peeling-machine\/\">m\u00e1quina comercial de limpeza e descascamento de gengibre <\/a>pode realizar a limpeza do gengibre enquanto descasca. A m\u00e1quina realiza a fun\u00e7\u00e3o de descascamento principalmente atrav\u00e9s do atrito entre as escovas duras e o gengibre. Ao mesmo tempo, a m\u00e1quina possui um bico de alta press\u00e3o para pulverizar \u00e1gua sobre o gengibre para lavar o sedimento e a casca do gengibre. A m\u00e1quina comercial de limpeza e descascamento de gengibre \u00e9 toda feita de a\u00e7o inoxid\u00e1vel de qualidade alimentar para garantir nenhuma contamina\u00e7\u00e3o das mat\u00e9rias-primas durante a planta de processamento de gengibre em p\u00f3.<\/p>    <h3 class=\"wp-block-heading\" id=\"h-ginger-cutting-machine\">M\u00e1quina de corte de gengibre<\/h3>   <div class=\"wp-block-image\"> <figure class=\"aligncenter size-full\"><img loading=\"lazy\" decoding=\"async\" width=\"720\" height=\"540\" src=\"https:\/\/fvmachinery.com\/wp-content\/uploads\/2022\/08\/ginger-cutting-machine1.webp\" alt=\"m\u00e1quina de corte de gengibre\" class=\"wp-image-128\" title=\"\" srcset=\"https:\/\/fvmachinery.com\/wp-content\/uploads\/2022\/08\/ginger-cutting-machine1.webp 720w, https:\/\/fvmachinery.com\/wp-content\/uploads\/2022\/08\/ginger-cutting-machine1-300x225.webp 300w\" sizes=\"auto, (max-width: 720px) 100vw, 720px\" \/><figcaption>m\u00e1quina de corte de gengibre da planta de processamento de p\u00f3 de gengibre <\/figcaption><\/figure> <\/div>   <p>O cortador de gengibre pode cortar o gengibre em fatias de tamanhos iguais. Ao mudar a cabe\u00e7a da faca, voc\u00ea pode cortar o gengibre em tamanhos diferentes e tamb\u00e9m ralar e picar o gengibre. Nosso cortador de gengibre profissional est\u00e1 equipado com l\u00e2minas afiadas para velocidade de corte r\u00e1pida.<\/p>    <h3 class=\"wp-block-heading\" id=\"h-ginger-slice-drying-machine\">M\u00e1quina de secar fatias de gengibre<\/h3>   <div class=\"wp-block-image\"> <figure class=\"aligncenter size-full\"><img loading=\"lazy\" decoding=\"async\" width=\"720\" height=\"540\" src=\"https:\/\/fvmachinery.com\/wp-content\/uploads\/2022\/08\/dryer-machine1.webp\" alt=\"m\u00e1quina de secar\" class=\"wp-image-131\" title=\"\" srcset=\"https:\/\/fvmachinery.com\/wp-content\/uploads\/2022\/08\/dryer-machine1.webp 720w, https:\/\/fvmachinery.com\/wp-content\/uploads\/2022\/08\/dryer-machine1-300x225.webp 300w\" sizes=\"auto, (max-width: 720px) 100vw, 720px\" \/><figcaption>m\u00e1quina de secar da planta de processamento de p\u00f3 de gengibre<\/figcaption><\/figure> <\/div>   <p>A m\u00e1quina de secar gengibre \u00e9 usada para desidratar fatias de gengibre. O secador de gengibre n\u00e3o \u00e9 apenas adequado para a linha de produ\u00e7\u00e3o de gengibre em p\u00f3, mas tamb\u00e9m pode secar a medicina tradicional chinesa, frutas, vegetais, produtos aqu\u00e1ticos e assim por diante. Utiliza um painel de controle inteligente para controlar todo o processo de secagem e ajustar a temperatura de forma inteligente. O m\u00e9todo de aquecimento da secadora pode ser utilizado de diversas formas, como eletricidade e vapor.<\/p>    <h3 class=\"wp-block-heading\" id=\"h-ginger-powder-grinding-machine\">M\u00e1quina de moer gengibre em p\u00f3<\/h3>   <div class=\"wp-block-image\"> <figure class=\"aligncenter size-full\"><img loading=\"lazy\" decoding=\"async\" width=\"720\" height=\"540\" src=\"https:\/\/fvmachinery.com\/wp-content\/uploads\/2022\/08\/ginger-grinding-machine1.webp\" alt=\"m\u00e1quina de moer gengibre\" class=\"wp-image-132\" title=\"\" srcset=\"https:\/\/fvmachinery.com\/wp-content\/uploads\/2022\/08\/ginger-grinding-machine1.webp 720w, https:\/\/fvmachinery.com\/wp-content\/uploads\/2022\/08\/ginger-grinding-machine1-300x225.webp 300w\" sizes=\"auto, (max-width: 720px) 100vw, 720px\" \/><figcaption>m\u00e1quina de moagem de gengibre da planta de processamento de p\u00f3 de gengibre <\/figcaption><\/figure> <\/div>   <p>Esta m\u00e1quina para fazer gengibre e alho em p\u00f3 moer\u00e1 as fatias de gengibre secas em p\u00f3 de malha 20 ~ 120, e a finura pode ser selecionada de acordo com as necessidades do cliente. O moinho de gengibre \u00e9 amplamente utilizado para esmagar v\u00e1rios vegetais, gr\u00e3os e ervas. Com alto rendimento e baixo ru\u00eddo, o moedor \u00e9 um equipamento necess\u00e1rio para a planta de processamento de gengibre em p\u00f3.<\/p>    <h3 class=\"wp-block-heading\" id=\"h-ginger-powder-screening-machine\">M\u00e1quina de triagem de p\u00f3 de gengibre<\/h3>    <p>A m\u00e1quina de peneiramento de gengibre \u00e9 usada para peneirar gengibre em p\u00f3 durante a planta de processamento de gengibre em p\u00f3. Diferentes finuras e graus de tela podem ser personalizados de acordo com os requisitos de triagem. Ap\u00f3s a peneira\u00e7\u00e3o, o p\u00f3 de gengibre fica com tamanho mais uniforme e o produto final \u00e9 de maior qualidade. A m\u00e1quina est\u00e1 equipada com uma faixa de veda\u00e7\u00e3o interna, que apresenta bom desempenho de veda\u00e7\u00e3o e evita o vazamento do p\u00f3.<\/p>    <h3 class=\"wp-block-heading\" id=\"h-ginger-powder-packaging-machine\">M\u00e1quina de embalagem de gengibre em p\u00f3<\/h3>   <div class=\"wp-block-image\"> <figure class=\"aligncenter size-full\"><img loading=\"lazy\" decoding=\"async\" width=\"720\" height=\"540\" src=\"https:\/\/fvmachinery.com\/wp-content\/uploads\/2022\/08\/packing-machine1.webp\" alt=\"m\u00e1quina de embalagem\" class=\"wp-image-133\" title=\"\" srcset=\"https:\/\/fvmachinery.com\/wp-content\/uploads\/2022\/08\/packing-machine1.webp 720w, https:\/\/fvmachinery.com\/wp-content\/uploads\/2022\/08\/packing-machine1-300x225.webp 300w\" sizes=\"auto, (max-width: 720px) 100vw, 720px\" \/><figcaption>m\u00e1quina de embalagem<\/figcaption><\/figure> <\/div>   <p>A m\u00e1quina embaladora de gengibre em p\u00f3 pode embalar todos os tipos de p\u00f3s, como gengibre em p\u00f3, alho em p\u00f3, amido, a\u00e7\u00facar, sal, etc. Esta m\u00e1quina autom\u00e1tica de embalagem de gengibre em p\u00f3 pode realizar medi\u00e7\u00e3o, enchimento, selagem, corte autom\u00e1tico, etc. por um painel de controle inteligente e possui alta efici\u00eancia de produ\u00e7\u00e3o, o que a torna uma importante m\u00e1quina de embalagem de alimentos na planta de processamento de gengibre em p\u00f3.<\/p>    <h2 class=\"wp-block-heading\" id=\"h-why-is-it-worth-of-investing-taizy-ginger-powder-making-machine\">Por que vale a pena investir na m\u00e1quina de fazer p\u00f3 de gengibre Taizy?<\/h2>    <ol class=\"wp-block-list\"><li>Mais de 10 anos de experi\u00eancia em produ\u00e7\u00e3o. A Taizy Machinery \u00e9 especializada na produ\u00e7\u00e3o de m\u00e1quinas de processamento de alimentos h\u00e1 mais de dez anos, m\u00e1quinas de alimentos foram exportadas para mais de 30 pa\u00edses e regi\u00f5es, m\u00e1quinas de fabrica\u00e7\u00e3o e experi\u00eancia em com\u00e9rcio exterior, alto grau de especializa\u00e7\u00e3o.<\/li><li>Apoie o servi\u00e7o personalizado. A capacidade de produ\u00e7\u00e3o da planta convencional de processamento de gengibre em p\u00f3 \u00e9 de 500kg a 1000kg. Tamb\u00e9m podemos fornecer m\u00e1quinas com 2.000kg e 3.000kg<\/li><\/ol>","protected":false},"excerpt":{"rendered":"<p>The ginger\u00a0powder processing plant uses ginger as the raw material, and through processing techniques such as cleaning, peeling, slicing and grinding, the final product of the ginger production line is seasoned ginger powder that can be directly sold in the market. Taizy Machinery provides a complete set of a ginger powder processing machine. This production [&hellip;]<\/p>\n","protected":false},"author":1,"featured_media":50,"parent":0,"template":"","tags":[43,24],"product-type":[5],"class_list":["post-48","product","type-product","status-publish","has-post-thumbnail","hentry","tag-ginger","tag-ginger-powder-making-machine","product-type-production-line"],"_links":{"self":[{"href":"https:\/\/fvmachinery.com\/pt\/wp-json\/wp\/v2\/product\/48","targetHints":{"allow":["GET"]}}],"collection":[{"href":"https:\/\/fvmachinery.com\/pt\/wp-json\/wp\/v2\/product"}],"about":[{"href":"https:\/\/fvmachinery.com\/pt\/wp-json\/wp\/v2\/types\/product"}],"author":[{"embeddable":true,"href":"https:\/\/fvmachinery.com\/pt\/wp-json\/wp\/v2\/users\/1"}],"wp:featuredmedia":[{"embeddable":true,"href":"https:\/\/fvmachinery.com\/pt\/wp-json\/wp\/v2\/media\/50"}],"wp:attachment":[{"href":"https:\/\/fvmachinery.com\/pt\/wp-json\/wp\/v2\/media?parent=48"}],"wp:term":[{"taxonomy":"post_tag","embeddable":true,"href":"https:\/\/fvmachinery.com\/pt\/wp-json\/wp\/v2\/tags?post=48"},{"taxonomy":"product-type","embeddable":true,"href":"https:\/\/fvmachinery.com\/pt\/wp-json\/wp\/v2\/product-type?post=48"}],"curies":[{"name":"wp","href":"https:\/\/api.w.org\/{rel}","templated":true}]}}