{"id":55,"date":"2022-08-24T08:57:39","date_gmt":"2022-08-24T00:57:39","guid":{"rendered":"https:\/\/fvmachinery.com\/?post_type=product&#038;p=55"},"modified":"2022-10-21T11:06:01","modified_gmt":"2022-10-21T03:06:01","slug":"fruit-and-vegetable-grading-line","status":"publish","type":"product","link":"https:\/\/fvmachinery.com\/pt\/product\/linha-de-classificacao-de-frutas-e-vegetais\/","title":{"rendered":"Linha de classifica\u00e7\u00e3o de frutas e vegetais | Planta de lavagem, secagem e classifica\u00e7\u00e3o"},"content":{"rendered":"<p>A linha de classifica\u00e7\u00e3o de frutas e vegetais consiste em lavar os vegetais e frutas colhidos, sec\u00e1-los e depois classific\u00e1-los e embal\u00e1-los de acordo com o tamanho ou peso. Este m\u00e9todo de processamento de alimentos aumenta muito o valor agregado dos produtos de frutas e vegetais e \u00e9 mais popular no mercado. Agora, nossa planta de lavagem e classifica\u00e7\u00e3o de vegetais foi enviada para Turquia, Austr\u00e1lia, Canad\u00e1 e muitos outros pa\u00edses.<\/p>   <div class=\"wp-block-image\"> <figure class=\"aligncenter size-full\"><img loading=\"lazy\" decoding=\"async\" width=\"720\" height=\"540\" src=\"https:\/\/fvmachinery.com\/wp-content\/uploads\/2022\/08\/complete-vegetable-washing-drying-grading-line-supplier-1.webp\" alt=\"linha completa de classifica\u00e7\u00e3o, lavagem, secagem e vegetais\" class=\"wp-image-222\" title=\"\" srcset=\"https:\/\/fvmachinery.com\/wp-content\/uploads\/2022\/08\/complete-vegetable-washing-drying-grading-line-supplier-1.webp 720w, https:\/\/fvmachinery.com\/wp-content\/uploads\/2022\/08\/complete-vegetable-washing-drying-grading-line-supplier-1-300x225.webp 300w\" sizes=\"auto, (max-width: 720px) 100vw, 720px\" \/><figcaption>linha completa de classifica\u00e7\u00e3o de frutas e vegetais<\/figcaption><\/figure> <\/div>   <h2 class=\"wp-block-heading\" id=\"h-what-is-the-processing-of-vegetable-and-fruit-processing-plant\">Qual \u00e9 o processamento da linha de classifica\u00e7\u00e3o de frutas e vegetais?<\/h2>   <div class=\"wp-block-image\"> <figure class=\"aligncenter size-full\"><img loading=\"lazy\" decoding=\"async\" width=\"720\" height=\"540\" src=\"https:\/\/fvmachinery.com\/wp-content\/uploads\/2022\/08\/Structure-diagram-of-vegetable-washing-drying-grading-line.webp\" alt=\"Diagrama de estrutura da linha de classifica\u00e7\u00e3o, lavagem, secagem e vegetais\" class=\"wp-image-223\" title=\"\" srcset=\"https:\/\/fvmachinery.com\/wp-content\/uploads\/2022\/08\/Structure-diagram-of-vegetable-washing-drying-grading-line.webp 720w, https:\/\/fvmachinery.com\/wp-content\/uploads\/2022\/08\/Structure-diagram-of-vegetable-washing-drying-grading-line-300x225.webp 300w\" sizes=\"auto, (max-width: 720px) 100vw, 720px\" \/><figcaption>Exibi\u00e7\u00e3o 3D da linha de classifica\u00e7\u00e3o para lavagem e secagem de vegetais<\/figcaption><\/figure> <\/div>   <h3 class=\"wp-block-heading\">Transportar as mat\u00e9rias-primas<\/h3>    <p>Primeiro, precisamos colocar vegetais ou frutas no elevador autom\u00e1tico. Usar o dispositivo transportador pode economizar muito nos custos de m\u00e3o de obra e aumentar a efici\u00eancia. A velocidade de funcionamento do elevador pode ser ajustada de acordo com a velocidade de carregamento.<\/p>    <h3 class=\"wp-block-heading\">Lavando frutas e legumes<\/h3>    <p class=\"translation-block\">Uma <a href=\"https:\/\/fvmachinery.com\/pt\/product\/maquina-de-limpeza-de-frutas-e-vegetais\/\">m\u00e1quina de lavar legumes<\/a> \u00e9 importante na linha de classifica\u00e7\u00e3o de frutas e legumes, ela ir\u00e1 limpar as mat\u00e9rias-primas com muitas bolhas. Tamb\u00e9m h\u00e1 um dispositivo de surf na extremidade do equipamento de lavagem, que continuamente gira os legumes para frente. Todo o processo de lavagem n\u00e3o causar\u00e1 nenhum dano \u00e0 mat\u00e9ria-prima.<\/p>   <div class=\"wp-block-image\"> <figure class=\"aligncenter size-full\"><img loading=\"lazy\" decoding=\"async\" width=\"750\" height=\"750\" src=\"https:\/\/fvmachinery.com\/wp-content\/uploads\/2022\/08\/2-bubble-washing-1.webp\" alt=\"\" class=\"wp-image-29\" title=\"\" srcset=\"https:\/\/fvmachinery.com\/wp-content\/uploads\/2022\/08\/2-bubble-washing-1.webp 750w, https:\/\/fvmachinery.com\/wp-content\/uploads\/2022\/08\/2-bubble-washing-1-300x300.webp 300w, https:\/\/fvmachinery.com\/wp-content\/uploads\/2022\/08\/2-bubble-washing-1-150x150.webp 150w\" sizes=\"auto, (max-width: 750px) 100vw, 750px\" \/><figcaption>m\u00e1quina de lavar bolhas<\/figcaption><\/figure> <\/div>   <h3 class=\"wp-block-heading\">Removendo sujeira<\/h3>    <p>Ap\u00f3s a primeira limpeza, algumas manchas de dif\u00edcil remo\u00e7\u00e3o ficar\u00e3o aderidas \u00e0s mat\u00e9rias-primas, portanto, para uma limpeza completa dos materiais, \u00e9 necess\u00e1ria uma segunda escova\u00e7\u00e3o de fric\u00e7\u00e3o com m\u00e1quina de lavar com rolos de cabelo.<\/p>    <figure class=\"wp-block-image size-full\"><img loading=\"lazy\" decoding=\"async\" width=\"720\" height=\"540\" src=\"https:\/\/fvmachinery.com\/wp-content\/uploads\/2022\/08\/removing-impurities.webp\" alt=\"removendo impurezas\" class=\"wp-image-36\" title=\"\" srcset=\"https:\/\/fvmachinery.com\/wp-content\/uploads\/2022\/08\/removing-impurities.webp 720w, https:\/\/fvmachinery.com\/wp-content\/uploads\/2022\/08\/removing-impurities-300x225.webp 300w\" sizes=\"auto, (max-width: 720px) 100vw, 720px\" \/><figcaption>M\u00e1quina para remover impurezas<\/figcaption><\/figure>    <h3 class=\"wp-block-heading\">Materiais de secagem<\/h3>    <p>Para evitar a deteriora\u00e7\u00e3o ou deteriora\u00e7\u00e3o do material, \u00e9 necess\u00e1ria uma etapa de secagem. O secador de frutas e vegetais possui v\u00e1rios grupos de ventiladores potentes para retirar a umidade dos materiais por meio da r\u00e1pida circula\u00e7\u00e3o de ar, e o processo de secagem ao ar n\u00e3o causar\u00e1 nenhum dano aos materiais. As frutas e vegetais secos podem ser posteriormente embalados ou classificados na linha de classifica\u00e7\u00e3o de frutas e vegetais.<\/p>   <div class=\"wp-block-image\"> <figure class=\"aligncenter size-full\"><img loading=\"lazy\" decoding=\"async\" width=\"720\" height=\"540\" src=\"https:\/\/fvmachinery.com\/wp-content\/uploads\/2022\/08\/vegetable-drying-machine.webp\" alt=\"m\u00e1quina de secar vegetais\" class=\"wp-image-38\" title=\"\" srcset=\"https:\/\/fvmachinery.com\/wp-content\/uploads\/2022\/08\/vegetable-drying-machine.webp 720w, https:\/\/fvmachinery.com\/wp-content\/uploads\/2022\/08\/vegetable-drying-machine-300x225.webp 300w\" sizes=\"auto, (max-width: 720px) 100vw, 720px\" \/><figcaption>m\u00e1quina de secar vegetais<\/figcaption><\/figure> <\/div>   <h3 class=\"wp-block-heading\">Materiais de classifica\u00e7\u00e3o<\/h3>    <p>A classificadora de frutas e vegetais pode classificar frutas e vegetais limpos de acordo com diferentes tamanhos de classifica\u00e7\u00e3o, como peso e tamanho de diferentes materiais. Ap\u00f3s a classifica\u00e7\u00e3o, os clientes podem classificar e marcar diferentes tamanhos de frutas e vegetais para venda. O n\u00edvel de classifica\u00e7\u00e3o da m\u00e1quina classificadora pode ser personalizado de acordo com as necessidades do cliente.<\/p>    <h3 class=\"wp-block-heading\">Materiais de embalagem<\/h3>    <p>Oferecemos m\u00e1quinas de embalagem de frutas e vegetais onde os clientes podem embalar frutas e vegetais classificados na linha de classifica\u00e7\u00e3o de frutas e vegetais. Frutas e vegetais podem ser embalados de v\u00e1rias maneiras, como embalagem em saco, embalagem em caixa e embalagem a v\u00e1cuo. Frutas e vegetais embalados podem ser enviados diretamente aos supermercados para venda.<\/p>    <h2 class=\"wp-block-heading\" id=\"h-videos-of-vegetable-and-fruit-grading-line\">V\u00eddeos de linha de classifica\u00e7\u00e3o de vegetais e frutas<\/h2>    <figure class=\"wp-block-embed is-type-video is-provider-youtube wp-block-embed-youtube wp-embed-aspect-16-9 wp-has-aspect-ratio\"><div class=\"wp-block-embed__wrapper\"> <iframe loading=\"lazy\" title=\"M\u00e1quina classificadora autom\u00e1tica de vegetais e frutas | Planta de classifica\u00e7\u00e3o de 500kg\/h para batata, piment\u00e3o, cebola\" width=\"500\" height=\"281\" src=\"https:\/\/www.youtube.com\/embed\/qhlEgmVG5Cg?start=2&#038;feature=oembed\" frameborder=\"0\" allow=\"accelerometer; autoplay; clipboard-write; encrypted-media; gyroscope; picture-in-picture; web-share\" referrerpolicy=\"strict-origin-when-cross-origin\" allowfullscreen><\/iframe> <\/div><\/figure>    <h2 class=\"wp-block-heading\" id=\"h-advantages-of-fruit-processing-plant\">Vantagens da planta de processamento de frutas<\/h2>    <ol class=\"wp-block-list\"><li>Popular no mercado<br>Hoje, os vegetais limpos est\u00e3o se tornando cada vez mais populares. Como resultado, muitas explora\u00e7\u00f5es agr\u00edcolas j\u00e1 n\u00e3o vendem as frutas e legumes colhidos diretamente ao mercado, mas optam por utilizar a linha de classifica\u00e7\u00e3o de frutas e legumes para processar as frutas e legumes em legumes limpos e embalados, que est\u00e3o mais em linha com as exig\u00eancias dos jovens modernos. por conveni\u00eancia e rapidez, e s\u00e3o muito procurados no mercado.<\/li><li>Altamente autom\u00e1tico. Toda a linha de classifica\u00e7\u00e3o de frutas e vegetais \u00e9 altamente automatizada, com m\u00e1quinas substituindo a limpeza, classifica\u00e7\u00e3o e embalagem manuais, e a efici\u00eancia do trabalho \u00e9 dezenas de vezes maior que a manual, economizando tempo e custos de m\u00e3o de obra para os investidores.<\/li><li>Capacidade flex\u00edvel. A linha de processamento de frutas tem uma ampla gama de produ\u00e7\u00e3o, que pode processar 500-5000kg por hora, tornando-a adequada para f\u00e1bricas de processamento de alimentos de todos os tamanhos, supermercados, atacadistas de frutas e vegetais, etc.<\/li><\/ol>    <h2 class=\"wp-block-heading\" id=\"h-choose-one-grading-machine-you-like\">Escolha uma m\u00e1quina de classifica\u00e7\u00e3o que voc\u00ea gosta<\/h2>    <h3 class=\"wp-block-heading\" id=\"h-grade-by-size\">Classifica\u00e7\u00e3o por tamanho<\/h3>    <p>O classificador de frutas e vegetais tipo barra rolante \u00e9 comumente usado para classificar v\u00e1rios bulbos, como batatas, lim\u00f5es, taro, batata doce, ma\u00e7\u00e3s, cebolas, rom\u00e3s, etc. O n\u00famero de classifica\u00e7\u00e3o da m\u00e1quina de classifica\u00e7\u00e3o \u00e9 geralmente de 4 a 7 graus, o que pode ser personalizado de acordo com as necessidades do cliente. Ao classificar, frutas e vegetais de tamanhos diferentes alcan\u00e7am a abertura da barra girat\u00f3ria e caem automaticamente na caixa de descarga do grau de di\u00e2metro correspondente. <\/p>    <figure class=\"wp-block-gallery has-nested-images columns-default is-cropped wp-block-gallery-2 is-layout-flex wp-block-gallery-is-layout-flex\"> <figure class=\"wp-block-image size-large\"><img loading=\"lazy\" decoding=\"async\" width=\"720\" height=\"540\" data-id=\"114\" src=\"https:\/\/fvmachinery.com\/wp-content\/uploads\/2022\/08\/potato-grader-machine1.webp\" alt=\"m\u00e1quina niveladora de batata\" class=\"wp-image-114\" title=\"\" srcset=\"https:\/\/fvmachinery.com\/wp-content\/uploads\/2022\/08\/potato-grader-machine1.webp 720w, https:\/\/fvmachinery.com\/wp-content\/uploads\/2022\/08\/potato-grader-machine1-300x225.webp 300w\" sizes=\"auto, (max-width: 720px) 100vw, 720px\" \/><\/figure>    <figure class=\"wp-block-image size-large\"><img loading=\"lazy\" decoding=\"async\" width=\"720\" height=\"540\" data-id=\"102\" src=\"https:\/\/fvmachinery.com\/wp-content\/uploads\/2022\/08\/automatic-fruit-sorting-and-grading-machine-21.webp\" alt=\"m\u00e1quina autom\u00e1tica de classifica\u00e7\u00e3o e classifica\u00e7\u00e3o de frutas\" class=\"wp-image-102\" title=\"\" srcset=\"https:\/\/fvmachinery.com\/wp-content\/uploads\/2022\/08\/automatic-fruit-sorting-and-grading-machine-21.webp 720w, https:\/\/fvmachinery.com\/wp-content\/uploads\/2022\/08\/automatic-fruit-sorting-and-grading-machine-21-300x225.webp 300w\" sizes=\"auto, (max-width: 720px) 100vw, 720px\" \/><figcaption> <\/figcaption><\/figure>    <figure class=\"wp-block-image size-large\"><img loading=\"lazy\" decoding=\"async\" width=\"720\" height=\"540\" data-id=\"110\" src=\"https:\/\/fvmachinery.com\/wp-content\/uploads\/2022\/08\/fruit-grading-machine1.webp\" alt=\"\" class=\"wp-image-110\" title=\"\" srcset=\"https:\/\/fvmachinery.com\/wp-content\/uploads\/2022\/08\/fruit-grading-machine1.webp 720w, https:\/\/fvmachinery.com\/wp-content\/uploads\/2022\/08\/fruit-grading-machine1-300x225.webp 300w\" sizes=\"auto, (max-width: 720px) 100vw, 720px\" \/><\/figure> <figcaption class=\"blocks-gallery-caption\">Diferentes tipos de m\u00e1quina de classifica\u00e7\u00e3o<\/figcaption><\/figure>    <p>Esta classificadora de frutas e vegetais usa um cilindro de classifica\u00e7\u00e3o para classificar o material. \u00c9 mais comumente usado para classificar v\u00e1rias frutas, como laranjas, lim\u00f5es, ameixas, mirtilos, morangos, ameixas, damascos, kiwis, espinheiro, etc. O cilindro de classifica\u00e7\u00e3o da m\u00e1quina de classifica\u00e7\u00e3o \u00e9 feito de pl\u00e1stico PE e o tamanho do a abertura pode ser personalizada. Materiais de tamanhos diferentes ser\u00e3o separados pelo cilindro de classifica\u00e7\u00e3o de tamanhos correspondentes.<\/p>    <h3 class=\"wp-block-heading\" id=\"h-grade-by-weight\">Classifica\u00e7\u00e3o por peso<\/h3>    <p>Este classificador cont\u00ednuo de frutas e vegetais \u00e9 classificado pelo peso do material. Esta niveladora pode ser usada para classificar uma variedade de frutas e vegetais com alta efici\u00eancia de classifica\u00e7\u00e3o. O classificador de frutas possui fun\u00e7\u00e3o de pesagem autom\u00e1tica, que permite que frutas e vegetais sejam classificados com precis\u00e3o por peso.<\/p>    <h2 class=\"wp-block-heading\">Linha de classifica\u00e7\u00e3o de frutas e vegetais aumenta o valor das frutas<\/h2>    <p class=\"translation-block\">Os supermercados e mercados de frutas e legumes frequentemente vendem o mesmo vegetal ou fruta em duas partes, uma parte parece maior e mais cara, a outra parte parece menor e mais barata. Os comerciantes selecionam a fruta maior que pode ser vendida a um pre\u00e7o mais alto, o que ajuda a <a href=\"https:\/\/fvmachinery.com\/pt\/Info\/graded-fruit-sales-make-stores-highly-profitable\/\">aumentar o valor dos produtos<\/a>.<\/p>    <h2 class=\"wp-block-heading\" id=\"h-globel-cases-of-fruit-washing-drying-grading-line\">Caixas Globel de linha de classifica\u00e7\u00e3o para lavagem e secagem de frutas<\/h2>    <p>A Taizy Plant exportou recentemente uma linha de classifica\u00e7\u00e3o de frutas e vegetais de 3 a 5 toneladas por hora para a Turquia. O cliente possui uma grande planta\u00e7\u00e3o de frutas e vegetais na Turquia que produz tomates, batatas, cebolas, berinjelas, abobrinhas, pepinos e piment\u00f5es verdes. A linha inclui m\u00e1quina de lavar, secadora, motoniveladora e embaladora. O cliente turco embala as frutas e legumes e os vende aos supermercados e mercados locais.<\/p>","protected":false},"excerpt":{"rendered":"<p>The fruit and vegetable grading line is to wash the picked vegetables and fruits, dry them and then grade and package them according to size or weight. This food processing method greatly increases the added value of fruit and vegetable products and is more popular in the market. Now our vegetable washing and grading plant [&hellip;]<\/p>\n","protected":false},"author":1,"featured_media":57,"parent":0,"template":"","tags":[20],"product-type":[5],"class_list":["post-55","product","type-product","status-publish","has-post-thumbnail","hentry","tag-fruit-vegetable-grading-machine","product-type-production-line"],"_links":{"self":[{"href":"https:\/\/fvmachinery.com\/pt\/wp-json\/wp\/v2\/product\/55","targetHints":{"allow":["GET"]}}],"collection":[{"href":"https:\/\/fvmachinery.com\/pt\/wp-json\/wp\/v2\/product"}],"about":[{"href":"https:\/\/fvmachinery.com\/pt\/wp-json\/wp\/v2\/types\/product"}],"author":[{"embeddable":true,"href":"https:\/\/fvmachinery.com\/pt\/wp-json\/wp\/v2\/users\/1"}],"wp:featuredmedia":[{"embeddable":true,"href":"https:\/\/fvmachinery.com\/pt\/wp-json\/wp\/v2\/media\/57"}],"wp:attachment":[{"href":"https:\/\/fvmachinery.com\/pt\/wp-json\/wp\/v2\/media?parent=55"}],"wp:term":[{"taxonomy":"post_tag","embeddable":true,"href":"https:\/\/fvmachinery.com\/pt\/wp-json\/wp\/v2\/tags?post=55"},{"taxonomy":"product-type","embeddable":true,"href":"https:\/\/fvmachinery.com\/pt\/wp-json\/wp\/v2\/product-type?post=55"}],"curies":[{"name":"wp","href":"https:\/\/api.w.org\/{rel}","templated":true}]}}