{"id":570,"date":"2023-10-10T16:02:41","date_gmt":"2023-10-10T08:02:41","guid":{"rendered":"https:\/\/fvmachinery.com\/?post_type=product&#038;p=570"},"modified":"2025-10-28T15:21:53","modified_gmt":"2025-10-28T07:21:53","slug":"ginger-slicing-machine-3","status":"publish","type":"product","link":"https:\/\/fvmachinery.com\/pt\/product\/ginger-slicing-machine-3\/","title":{"rendered":"M\u00e1quina de fatiar gengibre"},"content":{"rendered":"<p>A m\u00e1quina de fatiar gengibre simula o princ\u00edpio de cortar vegetais manualmente, adotando uma velocidade vari\u00e1vel de tr\u00eas n\u00edveis para se adaptar \u00e0s necessidades de tritura\u00e7\u00e3o e fatiamento de 1,5 a 4 mm. Mecanismo de corte centr\u00edfugo para completar uma variedade de vegetais duros fatiados, transportados automaticamente para a faca vertical sob a tritura\u00e7\u00e3o ou corte. \u00c9 o equipamento ideal para desidrata\u00e7\u00e3o de vegetais, congelamento r\u00e1pido, preserva\u00e7\u00e3o, decapagem e outras ind\u00fastrias e f\u00e1bricas de alimentos, minas, empresas, organiza\u00e7\u00f5es, escolas e outras unidades de cantinas e hot\u00e9is, restaurantes e processamento de vegetais. <\/p>    <p>A Taizy Company produz este fatiador com facas e bancadas de a\u00e7o inoxid\u00e1vel, tem uma bela apar\u00eancia, \u00e9 f\u00e1cil de operar, \u00e9 f\u00e1cil de ajustar, \u00e9 f\u00e1cil de manter, tem baixo ru\u00eddo, \u00e9 de alto rendimento e assim por diante. Ele pode cortar o produto limpo, com espessura uniforme, textura lisa e qualidade muito mais do que um manual. <\/p>    <p>As m\u00e1quinas cortadoras de gengibre podem cortar gengibre, brotos de bambu, ma\u00e7\u00e3s, raiz de l\u00f3tus, batatas, rabanetes e outros mel\u00f5es e frutas em fatias ou tiras em grandes quantidades, e os produtos cortados s\u00e3o geralmente uniformes, bonitos e suaves, o que \u00e9 conveniente para processamento posterior e cozinhar.<\/p>    <figure class=\"wp-block-image size-full\"><img loading=\"lazy\" decoding=\"async\" width=\"720\" height=\"540\" src=\"https:\/\/fvmachinery.com\/wp-content\/uploads\/2023\/10\/ginger-slicing-machine.webp\" alt=\"m\u00e1quina de fatiar gengibre\" class=\"wp-image-593\" title=\"\" srcset=\"https:\/\/fvmachinery.com\/wp-content\/uploads\/2023\/10\/ginger-slicing-machine.webp 720w, https:\/\/fvmachinery.com\/wp-content\/uploads\/2023\/10\/ginger-slicing-machine-300x225.webp 300w\" sizes=\"auto, (max-width: 720px) 100vw, 720px\" \/><figcaption class=\"wp-element-caption\">M\u00e1quina de fatiar gengibre<\/figcaption><\/figure>    <h2 class=\"wp-block-heading\">Vantagens da m\u00e1quina cortadora de gengibre <\/h2>    <p>O fatiador de gengibre \u00e9 feito de a\u00e7o inoxid\u00e1vel, o fatiamento \u00e9 seguro, higi\u00eanico, f\u00e1cil de limpar e n\u00e3o enferruja. A superf\u00edcie de corte \u00e9 lisa e bonita. O esqueleto da m\u00e1quina \u00e9 feito de a\u00e7o inoxid\u00e1vel SUS304, resistente \u00e0 corros\u00e3o. Todo o material da carca\u00e7a da m\u00e1quina 304 \u00e9 f\u00e1cil de operar e limpar, e as especifica\u00e7\u00f5es podem ser personalizadas de acordo com a demanda. H\u00e1 uma opera\u00e7\u00e3o de microinterruptor na porta de alimenta\u00e7\u00e3o. Velocidade de corte r\u00e1pida, pode ser equivalente \u00e0 carga de trabalho de 20 pessoas. Nossa m\u00e1quina para fatiar gengibre foi exportada para \u00cdndia, R\u00fassia, Oriente M\u00e9dio e outras regi\u00f5es, e \u00e9 confi\u00e1vel e elogiada por clientes nacionais e estrangeiros.<\/p>    <figure class=\"wp-block-image size-full\"><img loading=\"lazy\" decoding=\"async\" width=\"720\" height=\"540\" src=\"https:\/\/fvmachinery.com\/wp-content\/uploads\/2023\/10\/ginger-slicing-machine-working-2.webp\" alt=\"m\u00e1quina de fatiar gengibre trabalhando\" class=\"wp-image-596\" title=\"\" srcset=\"https:\/\/fvmachinery.com\/wp-content\/uploads\/2023\/10\/ginger-slicing-machine-working-2.webp 720w, https:\/\/fvmachinery.com\/wp-content\/uploads\/2023\/10\/ginger-slicing-machine-working-2-300x225.webp 300w\" sizes=\"auto, (max-width: 720px) 100vw, 720px\" \/><figcaption class=\"wp-element-caption\">A m\u00e1quina de fatiar gengibre est\u00e1 funcionando<\/figcaption><\/figure>    <h2 class=\"wp-block-heading\">Desempenho da m\u00e1quina cortadora de gengibre<\/h2>    <ol class=\"wp-block-list\"> <li>Esta m\u00e1quina \u00e9 um fatiador do tipo cabe\u00e7a \u00fanica, r\u00e1pido e conveniente de usar.<\/li>    <li>Painel de controle totalmente autom\u00e1tico, f\u00e1cil de operar.<\/li>    <li>Ao ajustar a dist\u00e2ncia entre as l\u00e2minas, voc\u00ea pode cortar uma variedade de especifica\u00e7\u00f5es de fatias e seda.<\/li>    <li> Toda a m\u00e1quina \u00e9 feita de a\u00e7o inoxid\u00e1vel 304, higi\u00eanica, bonita e dur\u00e1vel. A espessura do corte e a uniformidade do tamanho cortam o tecido superficial fresco e n\u00e3o destroem o tecido fibroso de frutas e vegetais.<\/li> <\/ol>    <figure class=\"wp-block-image size-full is-resized\"><img loading=\"lazy\" decoding=\"async\" width=\"720\" height=\"540\" src=\"https:\/\/fvmachinery.com\/wp-content\/uploads\/2023\/10\/ginger-slicer-machine-1.webp\" alt=\"m\u00e1quina de fatiar gengibre-1\" class=\"wp-image-598\" style=\"aspect-ratio:1.3333333333333333;width:720px;height:auto\" title=\"\" srcset=\"https:\/\/fvmachinery.com\/wp-content\/uploads\/2023\/10\/ginger-slicer-machine-1.webp 720w, https:\/\/fvmachinery.com\/wp-content\/uploads\/2023\/10\/ginger-slicer-machine-1-300x225.webp 300w\" sizes=\"auto, (max-width: 720px) 100vw, 720px\" \/><figcaption class=\"wp-element-caption\">Vista principal da m\u00e1quina cortadora de gengibre<\/figcaption><\/figure>    <h2 class=\"wp-block-heading\">Princ\u00edpio de funcionamento da m\u00e1quina de fatiar gengibre<\/h2>    <p>A m\u00e1quina de corte de gengibre usa o princ\u00edpio de uma centr\u00edfuga para operar e o material \u00e9 girado na mesa girat\u00f3ria. A mat\u00e9ria-prima \u00e9 retirada pela sa\u00edda sob a\u00e7\u00e3o centr\u00edfuga e pode ser fatiada e triturada ao mesmo tempo. A m\u00e1quina pode evitar o ac\u00famulo de detritos de corte ajustando a tampa para cima e para baixo.<\/p>    <p class=\"translation-block\">Al\u00e9m disso, tamb\u00e9m fornecemos equipamentos de processamento de gengibre compat\u00edveis, como uma <a href=\"https:\/\/fvmachinery.com\/pt\/product\/vendo-maquina-de-descascar-alho\/\" data-type=\"link\" data-id=\"https:\/\/fvmachinery.com\/product\/garlic-peeling-machine-for-sale\/\"><strong><em>m\u00e1quina de descascar gengibre<\/em><\/strong><\/a> e uma <strong><em><a href=\"https:\/\/fvmachinery.com\/pt\/product\/potato-washing-and-peeling-machine\/\" data-type=\"link\" data-id=\"https:\/\/fvmachinery.com\/product\/potato-washing-and-peeling-machine\/\">m\u00e1quina de lavar e descascar gengibre<\/a><\/em><\/strong>. <\/p>    <figure class=\"wp-block-embed is-type-video is-provider-youtube wp-block-embed-youtube wp-embed-aspect-16-9 wp-has-aspect-ratio\"><div class=\"wp-block-embed__wrapper\"> <iframe loading=\"lazy\" title=\"Revis\u00e3o comercial do uso do fatiador de gengibre: funciona? Vale a pena comprar?#m\u00e1quina de corte #peeling\" width=\"500\" height=\"281\" src=\"https:\/\/www.youtube.com\/embed\/1hJdGQCH6WI?feature=oembed\" frameborder=\"0\" allow=\"accelerometer; autoplay; clipboard-write; encrypted-media; gyroscope; picture-in-picture; web-share\" referrerpolicy=\"strict-origin-when-cross-origin\" allowfullscreen><\/iframe> <\/div><\/figure>    <h2 class=\"wp-block-heading\">Precau\u00e7\u00f5es da m\u00e1quina de fatiar gengibre<\/h2>    <ul class=\"wp-block-list\"> <li>A m\u00e1quina de fatiar gengibre deve ser colocada em local est\u00e1vel, e a m\u00e1quina com roda precisa travar os rod\u00edzios;<\/li>    <li>O usu\u00e1rio dever\u00e1 confirmar se n\u00e3o h\u00e1 nenhum objeto na entrada da m\u00e1quina. Conecte a fonte de alimenta\u00e7\u00e3o e o fio el\u00e9trico de acordo com a indica\u00e7\u00e3o na etiqueta.<\/li>    <li>Quando a m\u00e1quina trituradora de gengibre estiver em opera\u00e7\u00e3o, n\u00e3o coloque a m\u00e3o nela. Se voc\u00ea acidentalmente ficar preso, pressione o bot\u00e3o de parada de emerg\u00eancia.<\/li>    <li>Certifique-se de desligar a energia antes de limpar a m\u00e1quina. A parte do circuito n\u00e3o pode ser limpa,<\/li>    <li>Preste aten\u00e7\u00e3o \u00e0s partes pontiagudas ao remover e lavar.<\/li> <\/ul>    <h2 class=\"wp-block-heading\">Par\u00e2metro da m\u00e1quina cortadora de gengibre<\/h2>    <figure class=\"wp-block-table\"><table><tbody><tr><td>Modelo<\/td><td>TZ-AGC-502<\/td><\/tr><tr><td>Capacidade de corte<\/td><td>300 ~ 600 kg por hora<\/td><\/tr><tr><td>Espessura de corte<\/td><td>1,5 ~ 4 mm (n\u00e3o ajust\u00e1vel)<\/td><\/tr><tr><td>Poder mec\u00e2nico<\/td><td>220v, 50hz<\/td><\/tr><tr><td>A especifica\u00e7\u00e3o da m\u00e1quina<\/td><td>comprimento 650 mm x 490 mm de largura x 850 mm de altura<\/td><\/tr><tr><td>O peso da m\u00e1quina<\/td><td>60kg<\/td><\/tr><\/tbody><\/table><figcaption class=\"wp-element-caption\">M\u00e1quina de fatiar gengibre<\/figcaption><\/figure>    <h2 class=\"wp-block-heading\">Bem-vindo a visitar nossa f\u00e1brica<\/h2>    <p class=\"translation-block\">Esta m\u00e1quina de fatiar gengibre \u00e9 a nossa mais vendida, tamb\u00e9m temos v\u00e1rios outros modelos de fatiadoras. Como <strong><em><a href=\"https:\/\/fvmachinery.com\/pt\/product\/potato-slicer-machine\/\" data-type=\"link\" data-id=\"https:\/\/fvmachinery.com\/product\/potato-slicer-machine\/\">m\u00e1quinas de fatiar batata<\/a><\/em><\/strong>, <strong><em><a href=\"https:\/\/fvmachinery.com\/pt\/product\/vegetable-slicer-machine\/\" data-type=\"link\" data-id=\"https:\/\/fvmachinery.com\/product\/vegetable-slicer-machine\/\">fatiadoras de cenoura<\/a><\/em><\/strong>, e <strong><em><a href=\"https:\/\/fvmachinery.com\/pt\/product\/commercial-vegetable-dicing-machine\/\" data-type=\"link\" data-id=\"https:\/\/fvmachinery.com\/product\/commercial-vegetable-dicing-machine\/\">m\u00e1quinas de cortar cebola<\/a><\/em><\/strong>. Se voc\u00ea estiver interessado nessas m\u00e1quinas, seja bem-vindo a visitar nossa f\u00e1brica. Aqui, todos os tipos de m\u00e1quinas t\u00eam diferentes modelos, e sempre haver\u00e1 um que voc\u00ea ficar\u00e1 satisfeito!<\/p>","protected":false},"excerpt":{"rendered":"<p>The Ginger slicing machine simulates the principle of cutting vegetables by hand, adopting a three-level variable speed to adapt to 1.5- 4mm shredding and slicing needs. Centrifugal slicing mechanism to complete a variety of hard vegetables sliced, automatically transported to the vertical knife under the shredding or slicing. It is the ideal equipment for vegetable [&hellip;]<\/p>\n","protected":false},"author":1,"featured_media":595,"parent":0,"template":"","tags":[43],"product-type":[12],"class_list":["post-570","product","type-product","status-publish","has-post-thumbnail","hentry","tag-ginger","product-type-cutting-machine"],"_links":{"self":[{"href":"https:\/\/fvmachinery.com\/pt\/wp-json\/wp\/v2\/product\/570","targetHints":{"allow":["GET"]}}],"collection":[{"href":"https:\/\/fvmachinery.com\/pt\/wp-json\/wp\/v2\/product"}],"about":[{"href":"https:\/\/fvmachinery.com\/pt\/wp-json\/wp\/v2\/types\/product"}],"author":[{"embeddable":true,"href":"https:\/\/fvmachinery.com\/pt\/wp-json\/wp\/v2\/users\/1"}],"wp:featuredmedia":[{"embeddable":true,"href":"https:\/\/fvmachinery.com\/pt\/wp-json\/wp\/v2\/media\/595"}],"wp:attachment":[{"href":"https:\/\/fvmachinery.com\/pt\/wp-json\/wp\/v2\/media?parent=570"}],"wp:term":[{"taxonomy":"post_tag","embeddable":true,"href":"https:\/\/fvmachinery.com\/pt\/wp-json\/wp\/v2\/tags?post=570"},{"taxonomy":"product-type","embeddable":true,"href":"https:\/\/fvmachinery.com\/pt\/wp-json\/wp\/v2\/product-type?post=570"}],"curies":[{"name":"wp","href":"https:\/\/api.w.org\/{rel}","templated":true}]}}