{"id":58,"date":"2022-08-24T09:35:31","date_gmt":"2022-08-24T01:35:31","guid":{"rendered":"https:\/\/fvmachinery.com\/?post_type=product&#038;p=58"},"modified":"2022-09-29T14:38:07","modified_gmt":"2022-09-29T06:38:07","slug":"vegetable-salad-production-line","status":"publish","type":"product","link":"https:\/\/fvmachinery.com\/pt\/product\/vegetable-salad-production-line\/","title":{"rendered":"Linha de produ\u00e7\u00e3o de salada de legumes | Planta de processamento de alface"},"content":{"rendered":"<p>A linha de produ\u00e7\u00e3o de salada de vegetais totalmente autom\u00e1tica foi projetada para o processamento profundo de vegetais. Toda a planta de processamento de alface inclui corte autom\u00e1tico, lavagem, secagem ao ar e embalagem. O produto final estar\u00e1 pronto para cozinhar ou comer. O elevado valor econ\u00f3mico acrescentado dos vegetais processados \u200b\u200be a sua popularidade no mercado fazem da linha de produ\u00e7\u00e3o de saladas de vegetais um investimento valioso.<\/p>    <h2 class=\"wp-block-heading\" id=\"h-final-products-of-vegetable-production-line\">Produtos finais da linha de produ\u00e7\u00e3o vegetal<\/h2>    <p>Os produtos finais da linha de produ\u00e7\u00e3o de salada de legumes totalmente autom\u00e1tica s\u00e3o comuns em supermercados. Cada vez mais pessoas preferem escolh\u00ea-los em vez de vegetais completos. Os vegetais processados \u200b\u200bpodem ser cozidos ou consumidos diretamente, sem lavar e cortar.<\/p>   <div class=\"wp-block-image\"> <figure class=\"aligncenter size-full\"><img loading=\"lazy\" decoding=\"async\" width=\"720\" height=\"540\" src=\"https:\/\/fvmachinery.com\/wp-content\/uploads\/2022\/08\/finnal-products1.webp\" alt=\"\" class=\"wp-image-135\" title=\"\" srcset=\"https:\/\/fvmachinery.com\/wp-content\/uploads\/2022\/08\/finnal-products1.webp 720w, https:\/\/fvmachinery.com\/wp-content\/uploads\/2022\/08\/finnal-products1-300x225.webp 300w\" sizes=\"auto, (max-width: 720px) 100vw, 720px\" \/><\/figure> <\/div>   <h2 class=\"wp-block-heading\" id=\"h-how-to-make-clean-vegetables-by-leafy-vegetable-processing-line\">Como fazer vegetais limpos na linha de processamento de vegetais folhosos?<\/h2>    <p>O processo principal da linha de produ\u00e7\u00e3o de salada de legumes inclui classifica\u00e7\u00e3o-corte-lavagem-secagem-embalagem<\/p>   <div class=\"wp-block-image\"> <figure class=\"aligncenter size-full\"><img loading=\"lazy\" decoding=\"async\" width=\"720\" height=\"540\" src=\"https:\/\/fvmachinery.com\/wp-content\/uploads\/2022\/08\/complete-vortex-washing-packing-plant.webp\" alt=\"\" class=\"wp-image-136\" title=\"\" srcset=\"https:\/\/fvmachinery.com\/wp-content\/uploads\/2022\/08\/complete-vortex-washing-packing-plant.webp 720w, https:\/\/fvmachinery.com\/wp-content\/uploads\/2022\/08\/complete-vortex-washing-packing-plant-300x225.webp 300w\" sizes=\"auto, (max-width: 720px) 100vw, 720px\" \/><\/figure> <\/div>   <h2 class=\"wp-block-heading\" id=\"h-main-equipment-of-lettuce-processing-plant\">Equipamento principal da planta de processamento de alface<\/h2>    <p>O equipamento principal desta linha de produ\u00e7\u00e3o de salada de vegetais Vortex inclui principalmente uma mesa de colheita, cortador autom\u00e1tico de vegetais, transportador de eleva\u00e7\u00e3o, m\u00e1quina de lavar Vortex, desidratador e m\u00e1quina de embalagem. Tamb\u00e9m podemos fornecer diferentes m\u00e1quinas de embalagem de vegetais de acordo com as necessidades espec\u00edficas de nossos clientes. Abaixo est\u00e1 a descri\u00e7\u00e3o da m\u00e1quina.<\/p>    <h3 class=\"wp-block-heading\" id=\"h-picking-table\">Mesa de sele\u00e7\u00e3o<\/h3>    <p>A mesa de colheita \u00e9 montada para verificar as mat\u00e9rias-primas e garantir a boa qualidade dos vegetais. Antes de fatiar, as frutas e legumes precisam ser colhidos brevemente para remover folhas podres e estragadas ou outras impurezas. Na linha de limpeza v\u00f3rtice de frutas e vegetais, a mesa de colheita n\u00e3o pode ser omitida.<\/p>    <h3 class=\"wp-block-heading\" id=\"h-vegetable-cutter\">Cortador de legumes<\/h3>    <p class=\"translation-block\">Este<strong> <a href=\"https:\/\/fvmachinery.com\/pt\/product\/commercial-vegetable-cutting-machine\/\">cortador de legumes autom\u00e1tico<\/a> <\/strong>\u00e9 feito de a\u00e7o inoxid\u00e1vel 304 de grau alimentar, equipado com um interruptor seguro na porta para opera\u00e7\u00e3o segura. A troca de diferentes facas de corte pode ser utilizada para fatiar, ralar e cortar em cubos v\u00e1rios legumes.<\/p>   <div class=\"wp-block-image\"> <figure class=\"aligncenter size-full\"><img loading=\"lazy\" decoding=\"async\" width=\"720\" height=\"540\" src=\"https:\/\/fvmachinery.com\/wp-content\/uploads\/2022\/08\/vegetable-cutting-machine-1.webp\" alt=\"m\u00e1quina de corte de vegetais\" class=\"wp-image-139\" title=\"\" srcset=\"https:\/\/fvmachinery.com\/wp-content\/uploads\/2022\/08\/vegetable-cutting-machine-1.webp 720w, https:\/\/fvmachinery.com\/wp-content\/uploads\/2022\/08\/vegetable-cutting-machine-1-300x225.webp 300w\" sizes=\"auto, (max-width: 720px) 100vw, 720px\" \/><figcaption>m\u00e1quina de corte de vegetais<\/figcaption><\/figure> <\/div>   <h3 class=\"wp-block-heading\" id=\"h-automatic-lift\">Eleva\u00e7\u00e3o autom\u00e1tica<\/h3>    <p>Para aumentar a efici\u00eancia da planta de processamento de alface, montamos um elevador autom\u00e1tico espec\u00edfico para elevar os vegetais cortados at\u00e9 a lavadora v\u00f3rtice. A parte que entra em contato direto com os vegetais utiliza uma placa defletora na esteira elevat\u00f3ria para coletar material PE de qualidade alimentar que n\u00e3o contamine os vegetais.<\/p>    <h3 class=\"wp-block-heading\" id=\"h-vortex-cleaning-machine\">M\u00e1quina de limpeza Vortex<\/h3>    <p>A se\u00e7\u00e3o da unidade de limpeza por v\u00f3rtice consiste principalmente em limpadores de v\u00f3rtice e peneiras vibrat\u00f3rias. Ao contr\u00e1rio do lavador de bolhas, o lavador v\u00f3rtice possui uma turbina poderosa que aciona continuamente os ingredientes no tanque. Os vegetais cortados ser\u00e3o jogados na piscina do tanque para obter um efeito de limpeza completo. Al\u00e9m disso, n\u00e3o h\u00e1 correia de malha na arruela v\u00f3rtice, que n\u00e3o prende as folhas dos vegetais. Uma peneira vibrat\u00f3ria \u00e9 instalada na sa\u00edda para sacudir as gotas de \u00e1gua da superf\u00edcie das frutas e vegetais.<\/p>   <div class=\"wp-block-image\"> <figure class=\"aligncenter size-full\"><img loading=\"lazy\" decoding=\"async\" width=\"720\" height=\"540\" src=\"https:\/\/fvmachinery.com\/wp-content\/uploads\/2022\/08\/industrial-vegetable-salad-production-line-factory.webp\" alt=\"\" class=\"wp-image-140\" title=\"\" srcset=\"https:\/\/fvmachinery.com\/wp-content\/uploads\/2022\/08\/industrial-vegetable-salad-production-line-factory.webp 720w, https:\/\/fvmachinery.com\/wp-content\/uploads\/2022\/08\/industrial-vegetable-salad-production-line-factory-300x225.webp 300w\" sizes=\"auto, (max-width: 720px) 100vw, 720px\" \/><figcaption>se\u00e7\u00e3o da unidade de limpeza de v\u00f3rtice da linha de produ\u00e7\u00e3o de salada de vegetais<\/figcaption><\/figure> <\/div>   <h3 class=\"wp-block-heading\" id=\"h-drying-machine\">M\u00e1quina de secar<\/h3>    <p>Os vegetais lavados devem ser desidratados com o tempo. O tambor embutido neste desidratador \u00e9 feito de material PE de qualidade alimentar de alta qualidade, que dura muito tempo e n\u00e3o contamina os vegetais.<\/p>    <figure class=\"wp-block-image size-full\"><img loading=\"lazy\" decoding=\"async\" width=\"720\" height=\"540\" src=\"https:\/\/fvmachinery.com\/wp-content\/uploads\/2022\/08\/water-remover1.webp\" alt=\"\" class=\"wp-image-141\" title=\"\" srcset=\"https:\/\/fvmachinery.com\/wp-content\/uploads\/2022\/08\/water-remover1.webp 720w, https:\/\/fvmachinery.com\/wp-content\/uploads\/2022\/08\/water-remover1-300x225.webp 300w\" sizes=\"auto, (max-width: 720px) 100vw, 720px\" \/><figcaption>Desidratador Vegetal<\/figcaption><\/figure>    <h3 class=\"wp-block-heading\" id=\"h-vegetable-packing-machine\">M\u00e1quina de embalagem de vegetais<\/h3>    <p>Os vegetais lavados podem ser embalados de diversas formas, sendo as mais comuns principalmente ensacadas, encaixotadas, embaladas a v\u00e1cuo e embaladas termicamente. A Taizy Machinery pode recomendar a m\u00e1quina de embalagem correta, as especifica\u00e7\u00f5es de embalagem e tamb\u00e9m personalizar a apar\u00eancia da embalagem para nossos clientes de acordo com suas necessidades de embalagem de vegetais para salada.<\/p>    <h2 class=\"wp-block-heading\" id=\"h-market-expectation-of-clean-vegetables\">Expectativa do mercado de vegetais limpos<\/h2>   <div class=\"wp-block-image\"> <figure class=\"aligncenter size-full\"><img loading=\"lazy\" decoding=\"async\" width=\"720\" height=\"540\" src=\"https:\/\/fvmachinery.com\/wp-content\/uploads\/2022\/08\/pro-processed-vegetables1.webp\" alt=\"vegetais pr\u00f3-processados\" class=\"wp-image-137\" title=\"\" srcset=\"https:\/\/fvmachinery.com\/wp-content\/uploads\/2022\/08\/pro-processed-vegetables1.webp 720w, https:\/\/fvmachinery.com\/wp-content\/uploads\/2022\/08\/pro-processed-vegetables1-300x225.webp 300w\" sizes=\"auto, (max-width: 720px) 100vw, 720px\" \/><figcaption>vegetais pr\u00f3-processados<\/figcaption><\/figure> <\/div>   <p>Com o aumento dos custos de m\u00e3o-de-obra e as itera\u00e7\u00f5es padronizadas de produtos alimentares e bebidas, o processo de prepara\u00e7\u00e3o de refei\u00e7\u00f5es utiliza uma percentagem cada vez maior de produtos semiacabados. Portanto, a perspectiva da linha de produ\u00e7\u00e3o de salada de legumes \u00e9 grande. <\/p>    <p>O processo de compra de vegetais, limpeza, corte e combina\u00e7\u00e3o e confec\u00e7\u00e3o \u00e9 gradativamente substitu\u00eddo, e a aquisi\u00e7\u00e3o de vegetais limpos, embalagens de materiais e produtos semiacabados e processamento simples torna-se uma opera\u00e7\u00e3o regular no pa\u00eds. Especialmente em grandes redes de restaurantes, fast food e outros mercados, a popularidade dos vegetais limpos est\u00e1 aumentando.<\/p>","protected":false},"excerpt":{"rendered":"<p>The fully automatic vegetable salad production line is designed for the deep processing of vegetables. The whole lettuce processing plant includes automatic cutting, washing, air-drying and packaging. The final product will be ready for cooking or eating. The high economic added value of the processed vegetables and their popularity in the market make the vegetable [&hellip;]<\/p>\n","protected":false},"author":1,"featured_media":60,"parent":0,"template":"","tags":[27],"product-type":[5],"class_list":["post-58","product","type-product","status-publish","has-post-thumbnail","hentry","tag-lettuce-processing-plant","product-type-production-line"],"_links":{"self":[{"href":"https:\/\/fvmachinery.com\/pt\/wp-json\/wp\/v2\/product\/58","targetHints":{"allow":["GET"]}}],"collection":[{"href":"https:\/\/fvmachinery.com\/pt\/wp-json\/wp\/v2\/product"}],"about":[{"href":"https:\/\/fvmachinery.com\/pt\/wp-json\/wp\/v2\/types\/product"}],"author":[{"embeddable":true,"href":"https:\/\/fvmachinery.com\/pt\/wp-json\/wp\/v2\/users\/1"}],"wp:featuredmedia":[{"embeddable":true,"href":"https:\/\/fvmachinery.com\/pt\/wp-json\/wp\/v2\/media\/60"}],"wp:attachment":[{"href":"https:\/\/fvmachinery.com\/pt\/wp-json\/wp\/v2\/media?parent=58"}],"wp:term":[{"taxonomy":"post_tag","embeddable":true,"href":"https:\/\/fvmachinery.com\/pt\/wp-json\/wp\/v2\/tags?post=58"},{"taxonomy":"product-type","embeddable":true,"href":"https:\/\/fvmachinery.com\/pt\/wp-json\/wp\/v2\/product-type?post=58"}],"curies":[{"name":"wp","href":"https:\/\/api.w.org\/{rel}","templated":true}]}}