{"id":664,"date":"2023-11-07T10:32:31","date_gmt":"2023-11-07T02:32:31","guid":{"rendered":"https:\/\/fvmachinery.com\/?post_type=product&#038;p=664"},"modified":"2023-11-24T13:30:55","modified_gmt":"2023-11-24T05:30:55","slug":"pepper-chopper-machine","status":"publish","type":"product","link":"https:\/\/fvmachinery.com\/pt\/product\/maquina-picadora-de-pimenta\/","title":{"rendered":"M\u00e1quina picadora de pimenta"},"content":{"rendered":"<p>A m\u00e1quina picadora de pimenta \u00e9 um tipo de m\u00e1quina usada para cortar vegetais em se\u00e7\u00f5es, ela n\u00e3o s\u00f3 pode ser usada para cortar pimenta, mas tamb\u00e9m alho-por\u00f3, cebolinha, coalhada de feij\u00e3o, raiz de l\u00f3tus e assim por diante. O Chili Pepper Slicer \u00e9 realmente um bom ajudante para a ind\u00fastria de restaurantes e f\u00e1bricas de processamento de alimentos.<\/p>    <figure class=\"wp-block-image size-full\"><img loading=\"lazy\" decoding=\"async\" width=\"720\" height=\"540\" src=\"https:\/\/fvmachinery.com\/wp-content\/uploads\/2023\/11\/pepper-chopping-machine.webp\" alt=\"m\u00e1quina de cortar pimenta\" class=\"wp-image-665\" title=\"\" srcset=\"https:\/\/fvmachinery.com\/wp-content\/uploads\/2023\/11\/pepper-chopping-machine.webp 720w, https:\/\/fvmachinery.com\/wp-content\/uploads\/2023\/11\/pepper-chopping-machine-300x225.webp 300w\" sizes=\"auto, (max-width: 720px) 100vw, 720px\" \/><figcaption class=\"wp-element-caption\">M\u00e1quina de cortar pimenta<\/figcaption><\/figure>    <h2 class=\"wp-block-heading\">Vantagens da\u00a0m\u00e1quina picadora de pimenta<\/h2>    <p>Cortar alimentos picantes e estimulantes, como pimenta e cebola, n\u00e3o \u00e9 apenas perda de tempo, mas tamb\u00e9m inconveniente, e os res\u00edduos tamb\u00e9m causam desconforto. <\/p>    <p>A m\u00e1quina picadora de pimenta \u00e9 feita de a\u00e7o inoxid\u00e1vel, que \u00e9 segura para fatiar, f\u00e1cil de limpar e sem ferrugem. A superf\u00edcie de corte \u00e9 lisa e bonita. Um cortador de segmento de pimenta pode n\u00e3o apenas cortar pimenta rapidamente e em grandes quantidades, mas tamb\u00e9m cortar segmentos de pimenta de tamanho uniforme.<\/p>    <p class=\"translation-block\"> Quer seja utilizada para cozinhar ou para o processamento subsequente de molho de pimenta, etc. O corte em a\u00e7o inoxid\u00e1vel de grau alimentar tamb\u00e9m \u00e9 mais higi\u00eanico do que o corte manual. Uma ampla variedade de op\u00e7\u00f5es de cortadores de legumes est\u00e1 dispon\u00edvel para si na Taizy Machinery Factory: <em><strong><a href=\"https:\/\/fvmachinery.com\/pt\/ginger-slicing-machine\/\" data-type=\"link\" data-id=\"https:\/\/fvmachinery.com\/product\/ginger-slicing-machine\/\">ginger slicer<\/a><\/strong><\/em>, <strong><em><a href=\"https:\/\/fvmachinery.com\/pt\/product\/vegetable-slicer-machine\/\" data-type=\"link\" data-id=\"https:\/\/fvmachinery.com\/product\/vegetable-slicer-machine\/\">cortador de cebola<\/a><\/em><\/strong>, e assim por diante.<\/p>    <figure class=\"wp-block-embed is-type-video is-provider-youtube wp-block-embed-youtube wp-embed-aspect-16-9 wp-has-aspect-ratio\"><div class=\"wp-block-embed__wrapper\"> <iframe loading=\"lazy\" title=\"M\u00e1quina de cortar pimenta: deixe voc\u00ea dizer adeus \u00e0s m\u00e3os de pimenta#cuttingmachine #pepper #chili\" width=\"500\" height=\"281\" src=\"https:\/\/www.youtube.com\/embed\/YQFXzPhYnj0?feature=oembed\" frameborder=\"0\" allow=\"accelerometer; autoplay; clipboard-write; encrypted-media; gyroscope; picture-in-picture; web-share\" referrerpolicy=\"strict-origin-when-cross-origin\" allowfullscreen><\/iframe> <\/div><\/figure>    <h2 class=\"wp-block-heading\">Como usar a m\u00e1quina picadora de pimenta?<\/h2>    <p>Colocamos as pimentas limpas na porta de alimenta\u00e7\u00e3o, e as pimentas passam pelas tr\u00eas l\u00e2minas girat\u00f3rias de alta velocidade dentro da parede do cilindro e s\u00e3o instantaneamente cortadas em segmentos e saem ordenadamente da porta de descarga.<\/p>    <p>Antes de usar, devemos ler atentamente como usar a m\u00e1quina com seguran\u00e7a. N\u00e3o use as m\u00e3os ou outros objetos pr\u00f3ximos ao cortador durante o uso; voc\u00ea deve prestar aten\u00e7\u00e3o ao usar equipamentos de prote\u00e7\u00e3o, como luvas de prote\u00e7\u00e3o, \u00f3culos de prote\u00e7\u00e3o e assim por diante. Ap\u00f3s o uso, desligue a energia a tempo e limpe o equipamento.<\/p>    <figure class=\"wp-block-gallery has-nested-images columns-default is-cropped wp-block-gallery-2 is-layout-flex wp-block-gallery-is-layout-flex\"> <figure class=\"wp-block-image size-large\"><img loading=\"lazy\" decoding=\"async\" width=\"720\" height=\"540\" data-id=\"667\" src=\"https:\/\/fvmachinery.com\/wp-content\/uploads\/2023\/11\/side-view-of-pepper-chpper.webp\" alt=\"vista lateral do picador de pimenta\" class=\"wp-image-667\" title=\"\" srcset=\"https:\/\/fvmachinery.com\/wp-content\/uploads\/2023\/11\/side-view-of-pepper-chpper.webp 720w, https:\/\/fvmachinery.com\/wp-content\/uploads\/2023\/11\/side-view-of-pepper-chpper-300x225.webp 300w\" sizes=\"auto, (max-width: 720px) 100vw, 720px\" \/><figcaption class=\"wp-element-caption\">Vista lateral do pimenta Chpper<\/figcaption><\/figure>    <figure class=\"wp-block-image size-large\"><img loading=\"lazy\" decoding=\"async\" width=\"720\" height=\"540\" data-id=\"666\" src=\"https:\/\/fvmachinery.com\/wp-content\/uploads\/2023\/11\/control-boards-and-heat-sinks.webp\" alt=\"placas de controle e dissipadores de calor\" class=\"wp-image-666\" title=\"\" srcset=\"https:\/\/fvmachinery.com\/wp-content\/uploads\/2023\/11\/control-boards-and-heat-sinks.webp 720w, https:\/\/fvmachinery.com\/wp-content\/uploads\/2023\/11\/control-boards-and-heat-sinks-300x225.webp 300w\" sizes=\"auto, (max-width: 720px) 100vw, 720px\" \/><figcaption class=\"wp-element-caption\">Placas de controle e dissipadores de calor<\/figcaption><\/figure> <\/figure>    <h2 class=\"wp-block-heading\">Aplica\u00e7\u00e3o da M\u00e1quina Picadora de Pimenta<\/h2>    <p>Uma m\u00e1quina picadora de pimenta pode cortar pimenta em segmentos uniformes, que podem ser usados \u200b\u200bpara processar molho de pimenta, pimenta picada, \u00f3leo de pimenta e outros alimentos.<\/p>    <p>Pode cortar facilmente ra\u00edzes de l\u00f3tus, cebolas e todos os tipos de vegetais verdes. O cortador de pimenta \u00e9 adequado para processamento de alimentos e tamb\u00e9m para a ind\u00fastria de catering para melhorar a produtividade e economizar custos. Corta os segmentos uniformemente tornando os produtos acabados mais bonitos e prop\u00edcios \u00e0s vendas.<\/p>    <figure class=\"wp-block-gallery has-nested-images columns-default is-cropped wp-block-gallery-3 is-layout-flex wp-block-gallery-is-layout-flex\"> <figure class=\"wp-block-image size-large\"><img loading=\"lazy\" decoding=\"async\" width=\"720\" height=\"540\" data-id=\"671\" src=\"https:\/\/fvmachinery.com\/wp-content\/uploads\/2023\/11\/bean-curd-cut-by-pepper-chopper-machine.webp\" alt=\"coalhada de feij\u00e3o cortada por m\u00e1quina picadora de pimenta\" class=\"wp-image-671\" title=\"\" srcset=\"https:\/\/fvmachinery.com\/wp-content\/uploads\/2023\/11\/bean-curd-cut-by-pepper-chopper-machine.webp 720w, https:\/\/fvmachinery.com\/wp-content\/uploads\/2023\/11\/bean-curd-cut-by-pepper-chopper-machine-300x225.webp 300w\" sizes=\"auto, (max-width: 720px) 100vw, 720px\" \/><figcaption class=\"wp-element-caption\">Coalhada de feij\u00e3o cortada por m\u00e1quina picadora de pimenta<\/figcaption><\/figure>    <figure class=\"wp-block-image size-large\"><img loading=\"lazy\" decoding=\"async\" width=\"720\" height=\"540\" data-id=\"670\" src=\"https:\/\/fvmachinery.com\/wp-content\/uploads\/2023\/11\/vegetables-chopped-by-pepper-chopping-machine.webp\" alt=\"legumes picados pela m\u00e1quina de picar pimenta\" class=\"wp-image-670\" title=\"\" srcset=\"https:\/\/fvmachinery.com\/wp-content\/uploads\/2023\/11\/vegetables-chopped-by-pepper-chopping-machine.webp 720w, https:\/\/fvmachinery.com\/wp-content\/uploads\/2023\/11\/vegetables-chopped-by-pepper-chopping-machine-300x225.webp 300w\" sizes=\"auto, (max-width: 720px) 100vw, 720px\" \/><figcaption class=\"wp-element-caption\">Legumes picados na m\u00e1quina de cortar pimenta<\/figcaption><\/figure> <\/figure>    <h2 class=\"wp-block-heading\"> <\/h2>    <h2 class=\"wp-block-heading\">Produtos de alta qualidade, servi\u00e7o atencioso<\/h2>    <p>Nossas m\u00e1quinas s\u00e3o embaladas uniformemente em caixas de madeira de alta qualidade antes do transporte para garantir a qualidade de nossos produtos. A Taizy Machinery Factory exportou nossa m\u00e1quina de corte de pimenta para Paquist\u00e3o, R\u00fassia, Sri Lanka e assim por diante. Eles est\u00e3o muito satisfeitos com nossos produtos e servi\u00e7os, por isso recebemos muitos clientes fi\u00e9is. Se voc\u00ea deseja obter produtos de alta qualidade e segmentos vegetais puros, Taizy ser\u00e1 a sua escolha.<\/p>    <h2 class=\"wp-block-heading\">Par\u00e2metros da m\u00e1quina picadora de pimenta<\/h2>    <figure class=\"wp-block-table\"><table><tbody><tr><td>Modelo<\/td><td>TZ-CHD-80<\/td><\/tr><tr><td>Produtividade<\/td><td>2500kg\/hora<\/td><\/tr><tr><td>Poder<\/td><td>2,2 kW<\/td><\/tr><tr><td>Peso<\/td><td>158kg<\/td><\/tr><tr><td>Tamanho<\/td><td>1200*660*1000mm<\/td><\/tr><\/tbody><\/table><figcaption class=\"wp-element-caption\">Par\u00e2metros da m\u00e1quina picadora de pimenta<\/figcaption><\/figure>","protected":false},"excerpt":{"rendered":"<p>Pepper chopper machine is a kind of machine that is used to cut vegetables into sections, it can not only be used to cut chili peppers, but also leeks, scallions, bean curd, lotus root, and so on. Chili Pepper Slicer is really a good helper for the restaurant industry and food processing plants. Advantages of\u00a0Pepper [&hellip;]<\/p>\n","protected":false},"author":1,"featured_media":665,"parent":0,"template":"","tags":[],"product-type":[12],"class_list":["post-664","product","type-product","status-publish","has-post-thumbnail","hentry","product-type-cutting-machine"],"_links":{"self":[{"href":"https:\/\/fvmachinery.com\/pt\/wp-json\/wp\/v2\/product\/664","targetHints":{"allow":["GET"]}}],"collection":[{"href":"https:\/\/fvmachinery.com\/pt\/wp-json\/wp\/v2\/product"}],"about":[{"href":"https:\/\/fvmachinery.com\/pt\/wp-json\/wp\/v2\/types\/product"}],"author":[{"embeddable":true,"href":"https:\/\/fvmachinery.com\/pt\/wp-json\/wp\/v2\/users\/1"}],"wp:featuredmedia":[{"embeddable":true,"href":"https:\/\/fvmachinery.com\/pt\/wp-json\/wp\/v2\/media\/665"}],"wp:attachment":[{"href":"https:\/\/fvmachinery.com\/pt\/wp-json\/wp\/v2\/media?parent=664"}],"wp:term":[{"taxonomy":"post_tag","embeddable":true,"href":"https:\/\/fvmachinery.com\/pt\/wp-json\/wp\/v2\/tags?post=664"},{"taxonomy":"product-type","embeddable":true,"href":"https:\/\/fvmachinery.com\/pt\/wp-json\/wp\/v2\/product-type?post=664"}],"curies":[{"name":"wp","href":"https:\/\/api.w.org\/{rel}","templated":true}]}}