{"id":678,"date":"2023-11-08T15:35:40","date_gmt":"2023-11-08T07:35:40","guid":{"rendered":"https:\/\/fvmachinery.com\/?post_type=product&#038;p=678"},"modified":"2023-11-08T15:35:41","modified_gmt":"2023-11-08T07:35:41","slug":"grape-juicing-machine","status":"publish","type":"product","link":"https:\/\/fvmachinery.com\/pt\/product\/grape-juicing-machine\/","title":{"rendered":"M\u00e1quina de suco de uva"},"content":{"rendered":"<p>Uma m\u00e1quina de suco de uva \u00e9 um dispositivo comercial que utiliza princ\u00edpios hidr\u00e1ulicos para espremer o suco de frutas ou vegetais. \u00c9 caracterizado por alto rendimento de suco, alta carga de trabalho e alta seguran\u00e7a. \u00c9 adequado para locais comerciais como restaurantes, hot\u00e9is e outras f\u00e1bricas de processamento que tenham demanda por sucos de frutas e vegetais.<\/p>    <figure class=\"wp-block-image size-full\"><img loading=\"lazy\" decoding=\"async\" width=\"720\" height=\"540\" src=\"https:\/\/fvmachinery.com\/wp-content\/uploads\/2023\/11\/grape-juicing-machine.webp\" alt=\"m\u00e1quina de suco de uva\" class=\"wp-image-694\" title=\"\" srcset=\"https:\/\/fvmachinery.com\/wp-content\/uploads\/2023\/11\/grape-juicing-machine.webp 720w, https:\/\/fvmachinery.com\/wp-content\/uploads\/2023\/11\/grape-juicing-machine-300x225.webp 300w\" sizes=\"auto, (max-width: 720px) 100vw, 720px\" \/><figcaption class=\"wp-element-caption\">M\u00e1quina de suco de uva<\/figcaption><\/figure>    <h2 class=\"wp-block-heading\">Como usar uma m\u00e1quina de suco de uva?<\/h2>    <p>Uma m\u00e1quina de suco de uva \u00e9 composta principalmente de uma combina\u00e7\u00e3o de estrutura, cilindro de \u00f3leo, bomba de \u00f3leo de press\u00e3o, gl\u00e2ndula, motor, tanque de \u00f3leo e barril. Quando deu certo, colocamos as uvas limpas em gaze de algod\u00e3o, embrulhamos bem e colocamos a embalagem no cilindro interno. Com o abaixamento da tampa da prensa, o suco de uva vaza continuamente entre os cilindros interno e externo e chega \u00e0 sa\u00edda do suco.<\/p>    <p> No caso de uma prensa hidr\u00e1ulica de cano duplo, depois de espremermos o suco uma vez, empurramos para fora o barril do qual o suco acabou de ser espremido e o outro barril come\u00e7a a funcionar. Descartamos o barril previamente trabalhado como reserva.<\/p>    <figure class=\"wp-block-gallery has-nested-images columns-default is-cropped wp-block-gallery-2 is-layout-flex wp-block-gallery-is-layout-flex\"> <figure class=\"wp-block-image size-large\"><img loading=\"lazy\" decoding=\"async\" width=\"720\" height=\"540\" data-id=\"697\" src=\"https:\/\/fvmachinery.com\/wp-content\/uploads\/2023\/11\/thermometer-for-alert-temperature-observation.webp\" alt=\"term\u00f4metro para observa\u00e7\u00e3o alerta de temperatura\" class=\"wp-image-697\" title=\"\" srcset=\"https:\/\/fvmachinery.com\/wp-content\/uploads\/2023\/11\/thermometer-for-alert-temperature-observation.webp 720w, https:\/\/fvmachinery.com\/wp-content\/uploads\/2023\/11\/thermometer-for-alert-temperature-observation-300x225.webp 300w\" sizes=\"auto, (max-width: 720px) 100vw, 720px\" \/><figcaption class=\"wp-element-caption\">Term\u00f4metro para observa\u00e7\u00e3o de alerta de temperatura<\/figcaption><\/figure>    <figure class=\"wp-block-image size-large\"><img loading=\"lazy\" decoding=\"async\" width=\"720\" height=\"540\" data-id=\"696\" src=\"https:\/\/fvmachinery.com\/wp-content\/uploads\/2023\/11\/control-cabinet.webp\" alt=\"cabine de controle\" class=\"wp-image-696\" title=\"\" srcset=\"https:\/\/fvmachinery.com\/wp-content\/uploads\/2023\/11\/control-cabinet.webp 720w, https:\/\/fvmachinery.com\/wp-content\/uploads\/2023\/11\/control-cabinet-300x225.webp 300w\" sizes=\"auto, (max-width: 720px) 100vw, 720px\" \/><figcaption class=\"wp-element-caption\">Cabine de controle<\/figcaption><\/figure> <\/figure>    <h2 class=\"wp-block-heading\">Vantagens da m\u00e1quina de suco de uva<\/h2>    <p>O espremedor de uva hidr\u00e1ulico tem uma alta for\u00e7a de prensagem, que pode espremer completamente o suco de frutas ou vegetais, e o rendimento do suco \u00e9 de mais de 95%.<\/p>    <p>A prensa hidr\u00e1ulica \u00e9 f\u00e1cil de operar, basta cortar as frutas ou vegetais em peda\u00e7os e coloc\u00e1-los em uma gaze de algod\u00e3o e, em seguida, pressionar o bot\u00e3o Iniciar. O sistema hidr\u00e1ulico gera automaticamente a for\u00e7a de prensagem e extrai o suco rapidamente.<\/p>    <p>A for\u00e7a de press\u00e3o do espremedor \u00e9 gerada pelo sistema hidr\u00e1ulico, que \u00e9 seguro. O sistema hidr\u00e1ulico possui um dispositivo de prote\u00e7\u00e3o autom\u00e1tico, que pode evitar danos \u00e0 m\u00e1quina ou ferimentos pessoais devido \u00e0 for\u00e7a excessiva de press\u00e3o.<\/p>    <figure class=\"wp-block-gallery has-nested-images columns-default is-cropped wp-block-gallery-3 is-layout-flex wp-block-gallery-is-layout-flex\"> <figure class=\"wp-block-image size-large\"><img loading=\"lazy\" decoding=\"async\" width=\"720\" height=\"540\" data-id=\"698\" src=\"https:\/\/fvmachinery.com\/wp-content\/uploads\/2023\/11\/hydraulic-gauge.webp\" alt=\"medidor hidr\u00e1ulico\" class=\"wp-image-698\" title=\"\" srcset=\"https:\/\/fvmachinery.com\/wp-content\/uploads\/2023\/11\/hydraulic-gauge.webp 720w, https:\/\/fvmachinery.com\/wp-content\/uploads\/2023\/11\/hydraulic-gauge-300x225.webp 300w\" sizes=\"auto, (max-width: 720px) 100vw, 720px\" \/><figcaption class=\"wp-element-caption\">Medidor Hidr\u00e1ulico<\/figcaption><\/figure>    <figure class=\"wp-block-image size-large\"><img loading=\"lazy\" decoding=\"async\" width=\"720\" height=\"540\" data-id=\"699\" src=\"https:\/\/fvmachinery.com\/wp-content\/uploads\/2023\/11\/motor.webp\" alt=\"motor\" class=\"wp-image-699\" title=\"\" srcset=\"https:\/\/fvmachinery.com\/wp-content\/uploads\/2023\/11\/motor.webp 720w, https:\/\/fvmachinery.com\/wp-content\/uploads\/2023\/11\/motor-300x225.webp 300w\" sizes=\"auto, (max-width: 720px) 100vw, 720px\" \/><figcaption class=\"wp-element-caption\">Motor<\/figcaption><\/figure> <\/figure>    <h2 class=\"wp-block-heading\">Amplo mercado para suco de uva<\/h2>    <p>Com a melhoria da consci\u00eancia das pessoas sobre a sa\u00fade, cresce a procura de consumo de bebidas saud\u00e1veis. Por ser uma bebida natural e saud\u00e1vel, o suco de uva tem ampla perspectiva de mercado.<\/p>    <p>Nos \u00faltimos anos, a ind\u00fastria vitivin\u00edcola mundial tem-se desenvolvido rapidamente e a \u00e1rea e a produ\u00e7\u00e3o das planta\u00e7\u00f5es de uva t\u00eam aumentado. As mat\u00e9rias-primas para a produ\u00e7\u00e3o do suco de uva est\u00e3o garantidas, proporcionando condi\u00e7\u00f5es favor\u00e1veis \u200b\u200bao desenvolvimento da ind\u00fastria do suco de uva.<\/p>    <p>Com o progresso cont\u00ednuo da tecnologia de processamento, a qualidade e o sabor do suco de uva est\u00e3o em constante melhoria, mais alinhados com as prefer\u00eancias do consumidor. Se voc\u00ea tamb\u00e9m est\u00e1 interessado na ind\u00fastria de suco de uva ou sucos naturais de frutas e vegetais, compre um espremedor de uva eficiente para iniciar seu neg\u00f3cio!<\/p>    <h2 class=\"wp-block-heading\">Diferentes modelos de m\u00e1quina de suco de uva<\/h2>    <p>A Taizy fabrica dois modelos principais de espremedores de uva. Um \u00e9 um espremedor de cilindro \u00fanico e o outro \u00e9 um espremedor de cilindro duplo, e n\u00e3o h\u00e1 diferen\u00e7a na energia que consomem. <\/p>    <p>Os espremedores de dois cilindros s\u00e3o mais adequados para plantas de processamento mais eficientes que exigem um maior volume de produ\u00e7\u00e3o de suco de uva. O espremedor de dois cilindros \u00e9 utilizado principalmente para alternar os dois barris por meio de propuls\u00e3o translacional, atendendo assim \u00e0 necessidade de produ\u00e7\u00e3o ininterrupta de sucos de frutas e vegetais.<\/p>    <figure class=\"wp-block-gallery has-nested-images columns-default is-cropped wp-block-gallery-4 is-layout-flex wp-block-gallery-is-layout-flex\"> <figure class=\"wp-block-image size-large\"><img loading=\"lazy\" decoding=\"async\" width=\"720\" height=\"540\" data-id=\"706\" src=\"https:\/\/fvmachinery.com\/wp-content\/uploads\/2023\/11\/single-cylinder-juice-extractor.webp\" alt=\"extrator de suco monocil\u00edndrico\" class=\"wp-image-706\" title=\"\" srcset=\"https:\/\/fvmachinery.com\/wp-content\/uploads\/2023\/11\/single-cylinder-juice-extractor.webp 720w, https:\/\/fvmachinery.com\/wp-content\/uploads\/2023\/11\/single-cylinder-juice-extractor-300x225.webp 300w\" sizes=\"auto, (max-width: 720px) 100vw, 720px\" \/><figcaption class=\"wp-element-caption\">Extrator de suco de cilindro \u00fanico<\/figcaption><\/figure>    <figure class=\"wp-block-image size-large\"><img loading=\"lazy\" decoding=\"async\" width=\"720\" height=\"540\" data-id=\"700\" src=\"https:\/\/fvmachinery.com\/wp-content\/uploads\/2023\/11\/double-cylinder-juice-extractor.webp\" alt=\"extrator de suco de dois cilindros\" class=\"wp-image-700\" title=\"\" srcset=\"https:\/\/fvmachinery.com\/wp-content\/uploads\/2023\/11\/double-cylinder-juice-extractor.webp 720w, https:\/\/fvmachinery.com\/wp-content\/uploads\/2023\/11\/double-cylinder-juice-extractor-300x225.webp 300w\" sizes=\"auto, (max-width: 720px) 100vw, 720px\" \/><figcaption class=\"wp-element-caption\">Extrator de suco de cilindro duplo<\/figcaption><\/figure> <\/figure>    <h2 class=\"wp-block-heading\">Par\u00e2metros da m\u00e1quina de suco de uva<\/h2>    <figure class=\"wp-block-table\"><table><tbody><tr><td>Modelo<\/td><td>Espremedor monocil\u00edndrico<\/td><td>Espremedor monocil\u00edndrico<\/td><\/tr><tr><td>Poder<\/td><td>380v\/3kw<\/td><td>380v\/3kw<\/td><\/tr><tr><td>Press\u00e3o<\/td><td>30t<\/td><td>30t<\/td><\/tr><tr><td>Di\u00e2metro interno do cilindro<\/td><td>650mm<\/td><td>650mm<\/td><\/tr><tr><td>Profundidade do cilindro interno<\/td><td>600mm<\/td><td>600mm<\/td><\/tr><tr><td>Tamanho<\/td><td>2000*1050*2100mm<\/td><td>3000*1050*2100mm<\/td><\/tr><\/tbody><\/table><figcaption class=\"wp-element-caption\">Par\u00e2metros da m\u00e1quina de suco de uva<\/figcaption><\/figure>","protected":false},"excerpt":{"rendered":"<p>A grape juicing machine is a commercial device that utilizes hydraulic principles to squeeze the juice out of fruits or vegetables. It is characterized by high juice yield, high workload, and high safety. It is suitable for commercial places such as restaurants, hotels, and other processing plants that have a demand for fruit and vegetable [&hellip;]<\/p>\n","protected":false},"author":1,"featured_media":694,"parent":0,"template":"","tags":[],"product-type":[30],"class_list":["post-678","product","type-product","status-publish","has-post-thumbnail","hentry","product-type-juicing-machine"],"_links":{"self":[{"href":"https:\/\/fvmachinery.com\/pt\/wp-json\/wp\/v2\/product\/678","targetHints":{"allow":["GET"]}}],"collection":[{"href":"https:\/\/fvmachinery.com\/pt\/wp-json\/wp\/v2\/product"}],"about":[{"href":"https:\/\/fvmachinery.com\/pt\/wp-json\/wp\/v2\/types\/product"}],"author":[{"embeddable":true,"href":"https:\/\/fvmachinery.com\/pt\/wp-json\/wp\/v2\/users\/1"}],"wp:featuredmedia":[{"embeddable":true,"href":"https:\/\/fvmachinery.com\/pt\/wp-json\/wp\/v2\/media\/694"}],"wp:attachment":[{"href":"https:\/\/fvmachinery.com\/pt\/wp-json\/wp\/v2\/media?parent=678"}],"wp:term":[{"taxonomy":"post_tag","embeddable":true,"href":"https:\/\/fvmachinery.com\/pt\/wp-json\/wp\/v2\/tags?post=678"},{"taxonomy":"product-type","embeddable":true,"href":"https:\/\/fvmachinery.com\/pt\/wp-json\/wp\/v2\/product-type?post=678"}],"curies":[{"name":"wp","href":"https:\/\/api.w.org\/{rel}","templated":true}]}}