{"id":68,"date":"2022-08-25T07:26:00","date_gmt":"2022-08-24T23:26:00","guid":{"rendered":"https:\/\/fvmachinery.com\/?post_type=product&#038;p=68"},"modified":"2025-10-28T14:26:26","modified_gmt":"2025-10-28T06:26:26","slug":"fruit-and-vegetable-cleaning-machine","status":"publish","type":"product","link":"https:\/\/fvmachinery.com\/pt\/product\/maquina-de-limpeza-de-frutas-e-vegetais\/","title":{"rendered":"M\u00e1quina de limpeza de frutas e vegetais | M\u00e1quina de lavar tomate"},"content":{"rendered":"<p>A m\u00e1quina de limpeza de frutas e vegetais adota tecnologia de pulveriza\u00e7\u00e3o e queda de bolhas para limpar todos os tipos de frutas e vegetais. A m\u00e1quina autom\u00e1tica de lavar tomate Taizy foi exportada para Austr\u00e1lia, Turquia, M\u00e9xico e muitos outros pa\u00edses, entre em contato conosco se precisar.<\/p>   <div class=\"wp-block-image\"> <figure class=\"aligncenter size-full\"><img loading=\"lazy\" decoding=\"async\" width=\"720\" height=\"540\" src=\"https:\/\/fvmachinery.com\/wp-content\/uploads\/2022\/08\/bubble-type-washing-machine1.webp\" alt=\"m\u00e1quina de lavar tipo bolha\" class=\"wp-image-160\" title=\"\" srcset=\"https:\/\/fvmachinery.com\/wp-content\/uploads\/2022\/08\/bubble-type-washing-machine1.webp 720w, https:\/\/fvmachinery.com\/wp-content\/uploads\/2022\/08\/bubble-type-washing-machine1-300x225.webp 300w\" sizes=\"auto, (max-width: 720px) 100vw, 720px\" \/><figcaption>m\u00e1quina de lavar tipo bolha<\/figcaption><\/figure> <\/div>  <div class=\"wp-block-image\"> <figure class=\"aligncenter size-full\"><img loading=\"lazy\" decoding=\"async\" width=\"720\" height=\"540\" src=\"https:\/\/fvmachinery.com\/wp-content\/uploads\/2022\/08\/washing-machine1.webp\" alt=\"\" class=\"wp-image-203\" title=\"\" srcset=\"https:\/\/fvmachinery.com\/wp-content\/uploads\/2022\/08\/washing-machine1.webp 720w, https:\/\/fvmachinery.com\/wp-content\/uploads\/2022\/08\/washing-machine1-300x225.webp 300w\" sizes=\"auto, (max-width: 720px) 100vw, 720px\" \/><\/figure> <\/div>   <h2 class=\"wp-block-heading\" id=\"h-application-of-fruit-and-vegetable-cleaning-machine\">Aplica\u00e7\u00e3o de m\u00e1quina de limpeza de frutas e vegetais<\/h2>    <p>O limpador de bolhas vegetais pode limpar uma variedade de materiais, incluindo frutas, vegetais e produtos aqu\u00e1ticos. A m\u00e1quina de lavar tipo bolha remover\u00e1 impurezas e manter\u00e1 a cor original.<br>Frutas: ma\u00e7\u00e3, p\u00eara, laranja, uva, manga, p\u00eassego, tomate, mirtilo, morango, cereja, etc.<br>Legumes: batata, berinjela, pepino, cebola, pimenta, alface, repolho, raiz de l\u00f3tus, batata doce, inhame, quiabo e assim por diante.<br>Produtos aqu\u00e1ticos: algas marinhas, conchas, algas, polvos, camar\u00f5es, peixes e assim por diante.<\/p>    <h2 class=\"wp-block-heading\" id=\"h-structure-of-bubble-washing-machine\">Estrutura da m\u00e1quina de lavar bolhas<\/h2>    <p>O equipamento da m\u00e1quina de lavar bolhas de frutas e vegetais \u00e9 composto por uma correia transportadora de malha, dispositivo de lavagem por spray e tanque de coleta de \u00e1gua. Os componentes incluem um motor, impulsionador de v\u00f3rtice, tanque de filtro, tubo e bocal de \u00e1gua, controlador de gabinete eletr\u00f4nico, etc.<\/p>    <h2 class=\"wp-block-heading\" id=\"h-advanced-design-of-automatic-vegetable-washing-machine\">Design avan\u00e7ado de m\u00e1quina autom\u00e1tica de lavar vegetais<\/h2>    <ol class=\"wp-block-list\"><li>A lavadora autom\u00e1tica de vegetais \u00e9 feita de a\u00e7o inoxid\u00e1vel SUS304 de alta qualidade, que \u00e9 de qualidade superior e atende aos requisitos de qualidade alimentar, o que pode garantir a qualidade e seguran\u00e7a dos alimentos. N\u00e3o importa quanto tempo voc\u00ea use a m\u00e1quina, a m\u00e1quina de lavar tomate n\u00e3o enferruja.<\/li><li>A m\u00e1quina de limpeza de frutas e vegetais vem com uma fun\u00e7\u00e3o de pulveriza\u00e7\u00e3o secund\u00e1ria com tanque de \u00e1gua de filtragem recirculante para reciclar a \u00e1gua de limpeza, economizando mais de 80% de \u00e1gua para os clientes.<\/li><li>A m\u00e1quina de lavar vegetais pode realizar lavagem cont\u00ednua autom\u00e1tica e a efici\u00eancia de lavagem \u00e9 mais de tr\u00eas vezes maior do que o m\u00e9todo de lavagem convencional manual.<\/li><\/ol>    <h2 class=\"wp-block-heading\" id=\"h-fruit-and-vegetable-washer-working-process\">Processo de trabalho da lavadora de frutas e vegetais<\/h2>    <p>Quando o material entra na m\u00e1quina de limpeza de frutas e vegetais, pela a\u00e7\u00e3o da \u00e1gua em alta press\u00e3o e de bolhas fortes, as frutas e vegetais s\u00e3o totalmente tombados e os detritos presos \u00e0 superf\u00edcie ser\u00e3o removidos. O sedimento lavado da superf\u00edcie do material \u00e9 afundado na caixa de isolamento inferior, portanto, n\u00e3o ser\u00e1 descartado causando polui\u00e7\u00e3o da \u00e1gua. Os detritos e pequenos insetos que flutuam na \u00e1gua s\u00e3o coletados atrav\u00e9s da malha do mecanismo de remo\u00e7\u00e3o de detritos. O material lavado sai da \u00e1gua e depois ser\u00e1 lavado novamente por um pulverizador. As frutas e vegetais limpos ser\u00e3o ent\u00e3o enviados para o pr\u00f3ximo processo.<\/p>    <figure class=\"wp-block-embed is-type-video is-provider-youtube wp-block-embed-youtube wp-embed-aspect-16-9 wp-has-aspect-ratio\"><div class=\"wp-block-embed__wrapper\"> <iframe loading=\"lazy\" title=\"Linha comercial de lavagem de batatas | Como limpar com efici\u00eancia uma grande quantidade de batatas?\" width=\"500\" height=\"281\" src=\"https:\/\/www.youtube.com\/embed\/RkRness2lQU?feature=oembed\" frameborder=\"0\" allow=\"accelerometer; autoplay; clipboard-write; encrypted-media; gyroscope; picture-in-picture; web-share\" referrerpolicy=\"strict-origin-when-cross-origin\" allowfullscreen><\/iframe> <\/div><\/figure>    <h2 class=\"wp-block-heading\" id=\"h-how-to-operate-a-bubble-washing-machine\">Como operar uma m\u00e1quina de lavar com bolhas?<\/h2>    <ol class=\"wp-block-list\"><li>Conecte o motor principal da m\u00e1quina de limpeza de frutas e vegetais, fonte de alimenta\u00e7\u00e3o da correia de malha, fonte de alimenta\u00e7\u00e3o da bomba de ar e fonte de alimenta\u00e7\u00e3o da bomba de \u00e1gua circulante, verifique o grau de integridade da linha de alimenta\u00e7\u00e3o e ligue a m\u00e1quina de teste para ver se o equipamento estiver em rota\u00e7\u00e3o positiva, se estiver invertido, troque quaisquer duas linhas nele.<\/li><li>Adicione a quantidade certa de \u00e1gua \u00e0 m\u00e1quina, ajuste a velocidade de funcionamento da correia de malha de acordo com os diferentes materiais e, em seguida, adicione os materiais.<\/li><li>Abra o motor da bomba de ar e o motor de pulveriza\u00e7\u00e3o e o motor da correia de malha, a lavadora de frutas e vegetais come\u00e7a a funcionar.<\/li><\/ol>    <h2 class=\"wp-block-heading\" id=\"h-parameters-of-fruit-and-vegetable-cleaning-machine\">Par\u00e2metros da m\u00e1quina de limpeza de frutas e vegetais<\/h2>    <figure class=\"wp-block-table\"><table><tbody><tr><td><strong>Modelo<\/strong><\/td><td><strong>Pot\u00eancia do motor (kw)<\/strong><\/td><td><strong>Capacidade de produ\u00e7\u00e3o (kg\/h)<\/strong><\/td><td><strong>Peso (kg)<\/strong><\/td><td><strong>Dimens\u00f5es (mm)<\/strong><\/td><\/tr><tr><td>TZ-2500<\/td><td>3.75<\/td><td>500<\/td><td>180<\/td><td>2500*1000*1300<\/td><\/tr><tr><td>TZ-4000<\/td><td>4.1<\/td><td>800<\/td><td>400<\/td><td>4000*1200*1300<\/td><\/tr><tr><td>TZ-5000<\/td><td>5.1<\/td><td>1500<\/td><td>500<\/td><td>5000*1200*1300<\/td><\/tr><tr><td>TZ-6000<\/td><td>5.5<\/td><td>2000<\/td><td>600<\/td><td>6000*1200*1300<\/td><\/tr><\/tbody><\/table><\/figure>    <h2 class=\"wp-block-heading\">Dicas de manuten\u00e7\u00e3o para m\u00e1quina de lavar bolhas<\/h2>    <p class=\"translation-block\">Qualquer m\u00e1quina que queira ser usada por muito tempo requer <a href=\"https:\/\/fvmachinery.com\/pt\/Info\/maintainance-of-vegetable-washing-machine\/\">manuten\u00e7\u00e3o atempada e uso cuidadoso<\/a>. O mesmo se aplica \u00e0 m\u00e1quina de lavar vegetais. Por exemplo, as pe\u00e7as que comp\u00f5em a m\u00e1quina precisam ser verificadas regularmente pelos funcion\u00e1rios, e as engrenagens e outras pe\u00e7as precisam ser lubrificadas regularmente. Al\u00e9m disso, os funcion\u00e1rios podem ajustar regularmente a tens\u00e3o da correia para aumentar a vida \u00fatil da correia.<\/p>    <h2 class=\"wp-block-heading\" id=\"h-recommended-production-line\">Linha de produ\u00e7\u00e3o recomendada<\/h2>    <p class=\"translation-block\"><a href=\"https:\/\/fvmachinery.com\/pt\/product\/linha-de-classificacao-de-frutas-e-vegetais\/\">Linha de lavagem e classifica\u00e7\u00e3o de vegetais e frutas<\/a> \u00e9 o produto mais vendido da nossa empresa. A linha completa inclui uma m\u00e1quina de limpeza de frutas e vegetais, uma secadora de vegetais, uma classificadora de vegetais e uma m\u00e1quina de embalagem. A m\u00e1quina pode ser personalizada de acordo com as demandas dos clientes. Informe-nos os seus materiais, or\u00e7amento e capacidade, e o nosso gerente de vendas fornecer\u00e1 diferentes op\u00e7\u00f5es. Se precisar de uma m\u00e1quina de processamento de alimentos, contacte-nos agora.<\/p>","protected":false},"excerpt":{"rendered":"<p>The fruit and vegetable cleaning machine adopts bubble tumbling and spraying technology to clean all kinds of fruits and vegetables. Taizy automatic tomato washing machine have been exported to Australia, Turkey, Mexico and many other countries, please contact us if you need them. Application of fruit and vegetable cleaning machine The vegetable bubble cleaner can [&hellip;]<\/p>\n","protected":false},"author":1,"featured_media":70,"parent":0,"template":"","tags":[19],"product-type":[4],"class_list":["post-68","product","type-product","status-publish","has-post-thumbnail","hentry","tag-fruit-vegetable-cleaning-machine","product-type-washing-machine"],"_links":{"self":[{"href":"https:\/\/fvmachinery.com\/pt\/wp-json\/wp\/v2\/product\/68","targetHints":{"allow":["GET"]}}],"collection":[{"href":"https:\/\/fvmachinery.com\/pt\/wp-json\/wp\/v2\/product"}],"about":[{"href":"https:\/\/fvmachinery.com\/pt\/wp-json\/wp\/v2\/types\/product"}],"author":[{"embeddable":true,"href":"https:\/\/fvmachinery.com\/pt\/wp-json\/wp\/v2\/users\/1"}],"wp:featuredmedia":[{"embeddable":true,"href":"https:\/\/fvmachinery.com\/pt\/wp-json\/wp\/v2\/media\/70"}],"wp:attachment":[{"href":"https:\/\/fvmachinery.com\/pt\/wp-json\/wp\/v2\/media?parent=68"}],"wp:term":[{"taxonomy":"post_tag","embeddable":true,"href":"https:\/\/fvmachinery.com\/pt\/wp-json\/wp\/v2\/tags?post=68"},{"taxonomy":"product-type","embeddable":true,"href":"https:\/\/fvmachinery.com\/pt\/wp-json\/wp\/v2\/product-type?post=68"}],"curies":[{"name":"wp","href":"https:\/\/api.w.org\/{rel}","templated":true}]}}