{"id":71,"date":"2022-08-25T07:41:49","date_gmt":"2022-08-24T23:41:49","guid":{"rendered":"https:\/\/fvmachinery.com\/?post_type=product&#038;p=71"},"modified":"2025-10-28T14:25:55","modified_gmt":"2025-10-28T06:25:55","slug":"potato-washing-and-peeling-machine","status":"publish","type":"product","link":"https:\/\/fvmachinery.com\/pt\/product\/potato-washing-and-peeling-machine\/","title":{"rendered":"M\u00e1quina de lavar e descascar batatas"},"content":{"rendered":"<p class=\"translation-block\">A m\u00e1quina de lavar e descascar batatas \u00e9 um dos equipamentos de processamento de frutas e vegetais, que limpa materiais e descasca vegetais de raiz. A alta automa\u00e7\u00e3o e o uso generalizado tornam-na muito comum em f\u00e1bricas de processamento de frutas e vegetais, como uma <a href=\"https:\/\/fvmachinery.com\/pt\/product\/ginger-powder-processing-plant\/\">planta de produ\u00e7\u00e3o de p\u00f3 de gengibre<\/a>.<\/p>   <div class=\"wp-block-image\"> <figure class=\"aligncenter size-full\"><img loading=\"lazy\" decoding=\"async\" width=\"720\" height=\"540\" src=\"https:\/\/fvmachinery.com\/wp-content\/uploads\/2022\/08\/washing-and-peeling-machine1-1.webp\" alt=\"m\u00e1quina de lavar e descascar\" class=\"wp-image-201\" title=\"\" srcset=\"https:\/\/fvmachinery.com\/wp-content\/uploads\/2022\/08\/washing-and-peeling-machine1-1.webp 720w, https:\/\/fvmachinery.com\/wp-content\/uploads\/2022\/08\/washing-and-peeling-machine1-1-300x225.webp 300w\" sizes=\"auto, (max-width: 720px) 100vw, 720px\" \/><figcaption class=\"wp-element-caption\">m\u00e1quina de lavar e descascar batatas<\/figcaption><\/figure> <\/div>  <div class=\"wp-block-image\"> <figure class=\"aligncenter size-full\"><img loading=\"lazy\" decoding=\"async\" width=\"720\" height=\"540\" src=\"https:\/\/fvmachinery.com\/wp-content\/uploads\/2022\/08\/potato-washing-and-peeling-machine1.webp\" alt=\"\" class=\"wp-image-184\" title=\"\" srcset=\"https:\/\/fvmachinery.com\/wp-content\/uploads\/2022\/08\/potato-washing-and-peeling-machine1.webp 720w, https:\/\/fvmachinery.com\/wp-content\/uploads\/2022\/08\/potato-washing-and-peeling-machine1-300x225.webp 300w\" sizes=\"auto, (max-width: 720px) 100vw, 720px\" \/><figcaption class=\"wp-element-caption\">m\u00e1quina de lavar e descascar batatas<\/figcaption><\/figure> <\/div>   <h2 class=\"wp-block-heading\" id=\"h-applications-of-potato-washing-and-peeling-machine\">Aplica\u00e7\u00f5es da m\u00e1quina de lavar e descascar batatas<\/h2>    <p>A m\u00e1quina de lavar com escova, tamb\u00e9m chamada de m\u00e1quina de lavar com rolo de escova, \u00e9 adequada para limpeza e descascamento de gengibre, cenoura, batata, raiz de l\u00f3tus, mandioca, batata doce e outras ra\u00edzes, comumente usada na linha de produ\u00e7\u00e3o de gengibre em p\u00f3 e na linha de limpeza de vegetais. Tamb\u00e9m \u00e9 adequado para lavar frutas como jujuba, lim\u00e3o, laranja, toranja, etc. Pode limpar completamente as manchas na superf\u00edcie de frutas e vegetais.<\/p>    <h2 class=\"wp-block-heading\" id=\"h-cassava-washing-and-peeling-machine-structure\">Estrutura da m\u00e1quina de lavar e descascar mandioca<\/h2>    <ol class=\"wp-block-list\"> <li>A m\u00e1quina de lavar cenoura \u00e9 composta principalmente por um dispositivo de limpeza de escova, um dispositivo de pulveriza\u00e7\u00e3o de alta press\u00e3o, uma estrutura e um motor.<\/li>    <li>O dispositivo de limpeza com escova \u00e9 uma parte importante de uma m\u00e1quina de limpeza de cenouras. A escova pode esfregar repetidamente para limpar as impurezas na superf\u00edcie da cenoura e atingir a fun\u00e7\u00e3o de descascar. A m\u00e1quina limpa as cenouras com mais cuidado porque as escovas podem tocar totalmente e atingir a posi\u00e7\u00e3o irregular das cenouras.<\/li>    <li>O dispositivo geralmente \u00e9 colocado no topo do tanque de limpeza e conectado \u00e0 tubula\u00e7\u00e3o de \u00e1gua. Sua fun\u00e7\u00e3o \u00e9 fornecer \u00e1gua em alta press\u00e3o enquanto a escova esfrega nas cenouras, eliminando impurezas e cascas.<\/li> <\/ol>   <div class=\"wp-block-image\"> <figure class=\"aligncenter size-full\"><img loading=\"lazy\" decoding=\"async\" width=\"720\" height=\"540\" src=\"https:\/\/fvmachinery.com\/wp-content\/uploads\/2022\/08\/inside-structure-of-washing-ang-peeling-machine1.webp\" alt=\"estrutura interna da m\u00e1quina de lavar e descascar\" class=\"wp-image-178\" title=\"\" srcset=\"https:\/\/fvmachinery.com\/wp-content\/uploads\/2022\/08\/inside-structure-of-washing-ang-peeling-machine1.webp 720w, https:\/\/fvmachinery.com\/wp-content\/uploads\/2022\/08\/inside-structure-of-washing-ang-peeling-machine1-300x225.webp 300w\" sizes=\"auto, (max-width: 720px) 100vw, 720px\" \/><figcaption class=\"wp-element-caption\">estrutura interna da m\u00e1quina de lavar e descascar<\/figcaption><\/figure> <\/div>  <div class=\"wp-block-image\"> <figure class=\"aligncenter size-full\"><img loading=\"lazy\" decoding=\"async\" width=\"720\" height=\"540\" src=\"https:\/\/fvmachinery.com\/wp-content\/uploads\/2022\/08\/brush1.webp\" alt=\"escova para lavar e descascar\" class=\"wp-image-158\" title=\"\" srcset=\"https:\/\/fvmachinery.com\/wp-content\/uploads\/2022\/08\/brush1.webp 720w, https:\/\/fvmachinery.com\/wp-content\/uploads\/2022\/08\/brush1-300x225.webp 300w\" sizes=\"auto, (max-width: 720px) 100vw, 720px\" \/><figcaption class=\"wp-element-caption\">escova para lavar e descascar<\/figcaption><\/figure> <\/div>   <h2 class=\"wp-block-heading\">V\u00eddeo da m\u00e1quina de lavar e descascar escovas<\/h2>    <figure class=\"wp-block-embed is-type-video is-provider-youtube wp-block-embed-youtube wp-embed-aspect-16-9 wp-has-aspect-ratio\"><div class=\"wp-block-embed__wrapper\"> <iframe loading=\"lazy\" title=\"Top 10 descascadores de escova e m\u00e1quina de lavar | Introdu\u00e7\u00e3o \u00e0 m\u00e1quina de lavar e descascar batatas\" width=\"500\" height=\"281\" src=\"https:\/\/www.youtube.com\/embed\/hJ8XlGMAJfA?feature=oembed\" frameborder=\"0\" allow=\"accelerometer; autoplay; clipboard-write; encrypted-media; gyroscope; picture-in-picture; web-share\" referrerpolicy=\"strict-origin-when-cross-origin\" allowfullscreen><\/iframe> <\/div><\/figure>    <h2 class=\"wp-block-heading\" id=\"h-working-principle-of-potato-washing-and-peeling-machine\">Princ\u00edpio de funcionamento da m\u00e1quina de lavar e descascar batatas<\/h2>    <p>As mat\u00e9rias-primas, como cenouras e batatas, entram na m\u00e1quina de lavar e descascar uniformemente atrav\u00e9s do transportador, e os rolos da escova giram sob o acionamento do redutor de transmiss\u00e3o, o que faz com que os materiais girem continuamente e, assim, produzam atrito, e as impurezas e cascas s\u00e3o escovado e entra no fundo do reservat\u00f3rio junto com o fluxo de \u00e1gua. <\/p>    <p>Ao mesmo tempo, a cabe\u00e7a de pulveriza\u00e7\u00e3o pulveriza \u00e1gua de alta press\u00e3o para enxaguar a superf\u00edcie do material e garantir a limpeza do material. O sedimento limpo e as cascas de frutas e vegetais fluem para o tanque de \u00e1gua atrav\u00e9s da abertura dos rolos da escova e s\u00e3o descarregados pela porta de descarga. A m\u00e1quina de lavar cenoura pode ser feita de acordo com as necessidades espec\u00edficas dos clientes, podendo tamb\u00e9m ser adicionado o dispositivo de limpeza de circula\u00e7\u00e3o.<\/p>    <h2 class=\"wp-block-heading\" id=\"h-parameters-of-potato-washer-machine\">Par\u00e2metros da m\u00e1quina lavadora de batatas<\/h2>    <figure class=\"wp-block-table\"><table><tbody><tr><td><strong>Modelo<\/strong><\/td><td><strong>Pot\u00eancia do motor<\/strong><strong>&nbsp;<\/strong><strong>(kw)<\/strong><\/td><td><strong>Capacidade de produ\u00e7\u00e3o<\/strong><strong>&nbsp;<\/strong><strong>(kg\/hora)<\/strong><\/td><td><strong>Tamanho (mm)<\/strong><strong><\/strong><\/td><\/tr><tr><td>TZ-800<\/td><td>1.1<\/td><td>700<\/td><td>1580*850*800<\/td><\/tr><tr><td>TZ-1000<\/td><td>1.5<\/td><td>1000<\/td><td>1780*850*800<\/td><\/tr><tr><td>TZ-1200<\/td><td>1.5<\/td><td>1200<\/td><td>1980*850*800<\/td><\/tr><tr><td>TZ-1500<\/td><td>2.2<\/td><td>1500<\/td><td>2280*850*800<\/td><\/tr><tr><td>TZ-1800<\/td><td>2.2<\/td><td>1800<\/td><td>2580*850*800<\/td><\/tr><tr><td>TZ-2000<\/td><td>3<\/td><td>2000<\/td><td>2780*850*800<\/td><\/tr><tr><td>TZ-2600<\/td><td>4<\/td><td>3000<\/td><td>3400*850*800<\/td><\/tr><\/tbody><\/table><\/figure>    <h2 class=\"wp-block-heading\">Por que a m\u00e1quina de lavar e descascar batatas \u00e9 t\u00e3o popular?<\/h2>    <p>Com \u00eanfase na sa\u00fade alimentar, muitos processadores de alimentos est\u00e3o usando produtos de limpeza de escovas em suas linhas de montagem. Esta limpeza de frutas e vegetais de qualidade alimentar contribui ainda mais para a prote\u00e7\u00e3o da sa\u00fade do consumidor.<\/p>    <p>Em compara\u00e7\u00e3o com a limpeza humana tradicional de frutas e vegetais, a m\u00e1quina de limpeza com escova tem as vantagens de uma grande \u00e1rea de limpeza, economizando \u00e1gua, alta efici\u00eancia de limpeza, frutas e vegetais desde a entrada, atrav\u00e9s da transmiss\u00e3o por corrente, frutas e vegetais na dire\u00e7\u00e3o de a propuls\u00e3o rotativa do funil de alimenta\u00e7\u00e3o, enquanto abre o spray de limpeza autom\u00e1tico. No processo de avan\u00e7o pode atingir a limpeza de 360 \u200b\u200b\u00b0, a superf\u00edcie das manchas de frutas e vegetais limpa.<\/p>    <p>Como o limpador de escova precisa limpar e descascar diferentes frutas e vegetais, a escova precisa resistir ao teste. Os rolos de escova de conformidade geralmente escolhem material de seda macio, moderado, resist\u00eancia ao atrito e alta elasticidade de cerdas de n\u00e1ilon, e podem ser profundamente em uma variedade de frutas e vegetais na \u00e1rea cega para limpeza.<\/p>","protected":false},"excerpt":{"rendered":"<p>The potato washing and peeling machine is one of the vegetable and fruit processing equipment, which will clean materials and peel root vegetables. The highly automated and widely used make it very common in fruit and vegetable processing plant, such as a ginger powder production plant. Applications of potato washing and peeling machine Brush washing [&hellip;]<\/p>\n","protected":false},"author":1,"featured_media":73,"parent":0,"template":"","tags":[26],"product-type":[4],"class_list":["post-71","product","type-product","status-publish","has-post-thumbnail","hentry","tag-potato-washing-machine","product-type-washing-machine"],"_links":{"self":[{"href":"https:\/\/fvmachinery.com\/pt\/wp-json\/wp\/v2\/product\/71","targetHints":{"allow":["GET"]}}],"collection":[{"href":"https:\/\/fvmachinery.com\/pt\/wp-json\/wp\/v2\/product"}],"about":[{"href":"https:\/\/fvmachinery.com\/pt\/wp-json\/wp\/v2\/types\/product"}],"author":[{"embeddable":true,"href":"https:\/\/fvmachinery.com\/pt\/wp-json\/wp\/v2\/users\/1"}],"wp:featuredmedia":[{"embeddable":true,"href":"https:\/\/fvmachinery.com\/pt\/wp-json\/wp\/v2\/media\/73"}],"wp:attachment":[{"href":"https:\/\/fvmachinery.com\/pt\/wp-json\/wp\/v2\/media?parent=71"}],"wp:term":[{"taxonomy":"post_tag","embeddable":true,"href":"https:\/\/fvmachinery.com\/pt\/wp-json\/wp\/v2\/tags?post=71"},{"taxonomy":"product-type","embeddable":true,"href":"https:\/\/fvmachinery.com\/pt\/wp-json\/wp\/v2\/product-type?post=71"}],"curies":[{"name":"wp","href":"https:\/\/api.w.org\/{rel}","templated":true}]}}