{"id":733,"date":"2023-11-17T11:07:43","date_gmt":"2023-11-17T03:07:43","guid":{"rendered":"https:\/\/fvmachinery.com\/?post_type=product&#038;p=733"},"modified":"2023-11-17T18:25:50","modified_gmt":"2023-11-17T10:25:50","slug":"melon-peeling-machine","status":"publish","type":"product","link":"https:\/\/fvmachinery.com\/pt\/product\/melon-peeling-machine\/","title":{"rendered":"M\u00e1quina de descascar mel\u00e3o"},"content":{"rendered":"<p>Uma m\u00e1quina descascadora de mel\u00e3o \u00e9 uma m\u00e1quina usada principalmente para descascar mel\u00f5es. Pode descascar ab\u00f3bora, mel\u00e3o de inverno, abacaxi e jaca. Devido \u00e0 sua alta seguran\u00e7a e descascamento r\u00e1pido, \u00e9 muito adequado para ind\u00fastrias de processamento de alimentos e catering.<\/p>   <div class=\"wp-block-image\"> <figure class=\"aligncenter size-full\"><img loading=\"lazy\" decoding=\"async\" width=\"720\" height=\"540\" src=\"https:\/\/fvmachinery.com\/wp-content\/uploads\/2023\/11\/melon-peeling-machine.webp\" alt=\"m\u00e1quina de descascar mel\u00e3o\" class=\"wp-image-772\" title=\"\" srcset=\"https:\/\/fvmachinery.com\/wp-content\/uploads\/2023\/11\/melon-peeling-machine.webp 720w, https:\/\/fvmachinery.com\/wp-content\/uploads\/2023\/11\/melon-peeling-machine-300x225.webp 300w\" sizes=\"auto, (max-width: 720px) 100vw, 720px\" \/><figcaption class=\"wp-element-caption\">m\u00e1quina de descascar mel\u00e3o<\/figcaption><\/figure> <\/div>   <h2 class=\"wp-block-heading\">Como usar uma m\u00e1quina de descascar mel\u00e3o?<\/h2>    <p>Primeiro limpamos a casca dos mel\u00f5es ou frutas que precisam ser descascadas. Se precisarmos processar uma grande quantidade de mel\u00f5es e frutas, podemos usar uma m\u00e1quina de limpeza de frutas e vegetais para limp\u00e1-los. Em seguida colocamos as frutas limpas na ponta da faca de tr\u00eas pontas para fix\u00e1-las. Depois que a m\u00e1quina for ligada, ela reconhecer\u00e1 automaticamente as frutas fixadas. Depois de avaliar o formato e o tamanho das frutas, o descascador come\u00e7a a descascar rapidamente. portanto, o peeling pode ser facilmente conclu\u00eddo de uma s\u00f3 vez.<\/p>    <figure class=\"wp-block-gallery has-nested-images columns-default is-cropped wp-block-gallery-2 is-layout-flex wp-block-gallery-is-layout-flex\"> <figure class=\"wp-block-image size-large\"><img loading=\"lazy\" decoding=\"async\" width=\"720\" height=\"540\" data-id=\"761\" src=\"https:\/\/fvmachinery.com\/wp-content\/uploads\/2023\/11\/easy-to-operate-control-cabinet.webp\" alt=\"gabinete de controle f\u00e1cil de operar\" class=\"wp-image-761\" title=\"\" srcset=\"https:\/\/fvmachinery.com\/wp-content\/uploads\/2023\/11\/easy-to-operate-control-cabinet.webp 720w, https:\/\/fvmachinery.com\/wp-content\/uploads\/2023\/11\/easy-to-operate-control-cabinet-300x225.webp 300w\" sizes=\"auto, (max-width: 720px) 100vw, 720px\" \/><figcaption class=\"wp-element-caption\">Gabinete de controle f\u00e1cil de operar<\/figcaption><\/figure>    <figure class=\"wp-block-image size-large\"><img loading=\"lazy\" decoding=\"async\" width=\"720\" height=\"540\" data-id=\"759\" src=\"https:\/\/fvmachinery.com\/wp-content\/uploads\/2023\/11\/carabiner-and-sharpener-design-simple-and-generous.webp\" alt=\"design de mosquet\u00e3o e apontador, simples e generoso\" class=\"wp-image-759\" title=\"\" srcset=\"https:\/\/fvmachinery.com\/wp-content\/uploads\/2023\/11\/carabiner-and-sharpener-design-simple-and-generous.webp 720w, https:\/\/fvmachinery.com\/wp-content\/uploads\/2023\/11\/carabiner-and-sharpener-design-simple-and-generous-300x225.webp 300w\" sizes=\"auto, (max-width: 720px) 100vw, 720px\" \/><figcaption class=\"wp-element-caption\">Design de mosquet\u00e3o e apontador, simples e generoso<\/figcaption><\/figure> <\/figure>    <h2 class=\"wp-block-heading\">Vale a pena comprar uma m\u00e1quina de descascar mel\u00e3o?<\/h2>    <p>Realmente vale a pena comprar uma m\u00e1quina de descascar mel\u00e3o. Para algumas frutas pequenas, o descascamento manual n\u00e3o \u00e9 dif\u00edcil. A \u00fanica desvantagem \u00e9 que a efici\u00eancia n\u00e3o \u00e9 alta. Para frutas com casca dura como abacaxi, ab\u00f3bora, jaca e outras frutas grandes e de casca grossa, a limpeza e descascamento manual ser\u00e1 uma tarefa muito \u00e1rdua. Manter os trabalhadores seguros ao usar facas afiadas e afiadas tamb\u00e9m \u00e9 dif\u00edcil. <\/p>    <p>A m\u00e1quina descascadora de mel\u00e3o pode resolver facilmente esses problemas, garantindo melhor a seguran\u00e7a alimentar e reduzindo a polui\u00e7\u00e3o. A m\u00e1quina descascadora de mel\u00e3o pode trazer benef\u00edcios econ\u00f4micos e sociais substanciais para empresas e indiv\u00edduos que precisam processar mel\u00f5es e frutas em grandes quantidades.<\/p>    <figure class=\"wp-block-embed is-type-video is-provider-youtube wp-block-embed-youtube wp-embed-aspect-16-9 wp-has-aspect-ratio\"><div class=\"wp-block-embed__wrapper\"> <iframe loading=\"lazy\" title=\"Todo o processo da m\u00e1quina autom\u00e1tica de descascar mel\u00e3o \u00e9 incrivelmente eficiente! #melon #peelingmachine\" width=\"500\" height=\"281\" src=\"https:\/\/www.youtube.com\/embed\/6JUcHi6m7UU?feature=oembed\" frameborder=\"0\" allow=\"accelerometer; autoplay; clipboard-write; encrypted-media; gyroscope; picture-in-picture; web-share\" referrerpolicy=\"strict-origin-when-cross-origin\" allowfullscreen><\/iframe> <\/div><\/figure>    <h2 class=\"wp-block-heading\">Como escolher uma m\u00e1quina para descascar mel\u00e3o?<\/h2>    <p>Primeiro, precisamos observar o material, o formato e a quantidade da placa. Placas com maior dureza t\u00eam melhores efeitos de peeling. Recomenda-se escolher placas com maior dureza, como a\u00e7o-liga ou a\u00e7o de tungst\u00eanio. O formato da placa tamb\u00e9m afeta os resultados de descascamento. Uma placa redonda descasca melhor, mas tamb\u00e9m tem maior probabilidade de emperrar. Podemos escolher placas redondas, quadradas ou trapezoidais de acordo com as nossas necessidades. O n\u00famero de placas afeta a velocidade de descascamento. <\/p>    <p>Quanto mais fog\u00f5es, mais r\u00e1pida ser\u00e1 a velocidade de descascamento. No entanto, tamb\u00e9m \u00e9 importante observar que muitas placas podem resultar em descascamento irregular. Podemos escolher o n\u00famero adequado de placas de acordo com os diferentes materiais. A altura da casca afetar\u00e1 a espessura da casca. Quanto maior a altura do descascamento, mais fina ser\u00e1 a espessura do descascamento. No entanto, tamb\u00e9m \u00e9 importante observar que o descascamento em altura muito alta pode causar danos \u00e0 polpa. \u00c9 melhor escolher de acordo com o tipo de fruta a descascar.<\/p>    <figure class=\"wp-block-gallery has-nested-images columns-default is-cropped wp-block-gallery-3 is-layout-flex wp-block-gallery-is-layout-flex\"> <figure class=\"wp-block-image size-large\"><img loading=\"lazy\" decoding=\"async\" width=\"720\" height=\"540\" data-id=\"766\" src=\"https:\/\/fvmachinery.com\/wp-content\/uploads\/2023\/11\/The-worker-is-testing-the-machine.webp\" alt=\"O trabalhador est\u00e1 testando a m\u00e1quina,\" class=\"wp-image-766\" title=\"\" srcset=\"https:\/\/fvmachinery.com\/wp-content\/uploads\/2023\/11\/The-worker-is-testing-the-machine.webp 720w, https:\/\/fvmachinery.com\/wp-content\/uploads\/2023\/11\/The-worker-is-testing-the-machine-300x225.webp 300w\" sizes=\"auto, (max-width: 720px) 100vw, 720px\" \/><figcaption class=\"wp-element-caption\">O trabalhador est\u00e1 testando a m\u00e1quina,<\/figcaption><\/figure>    <figure class=\"wp-block-image size-large\"><img loading=\"lazy\" decoding=\"async\" width=\"720\" height=\"540\" data-id=\"764\" src=\"https:\/\/fvmachinery.com\/wp-content\/uploads\/2023\/11\/single-head-double-head-as-you-choose.webp\" alt=\"cabe\u00e7a \u00fanica, cabe\u00e7a dupla conforme voc\u00ea escolher\" class=\"wp-image-764\" title=\"\" srcset=\"https:\/\/fvmachinery.com\/wp-content\/uploads\/2023\/11\/single-head-double-head-as-you-choose.webp 720w, https:\/\/fvmachinery.com\/wp-content\/uploads\/2023\/11\/single-head-double-head-as-you-choose-300x225.webp 300w\" sizes=\"auto, (max-width: 720px) 100vw, 720px\" \/><figcaption class=\"wp-element-caption\">Cabe\u00e7a \u00fanica, cabe\u00e7a dupla conforme voc\u00ea escolher<\/figcaption><\/figure> <\/figure>    <h2 class=\"wp-block-heading\">Diferentes tipos de m\u00e1quinas para descascar mel\u00e3o<\/h2>    <p>A Taizy Machinery Factory produziu uma m\u00e1quina descascadora de mel\u00e3o modelo TZ-ZH-XP1. Seu corpo \u00e9 feito de a\u00e7o inoxid\u00e1vel 304, e a parte do fog\u00e3o \u00e9 feita de liga com melhor dureza. Os materiais da Taizy Machinery cumprem rigorosamente os padr\u00f5es da UE para garantir a qualidade e higiene dos alimentos. A parte de controle eletr\u00f4nico adota tecnologia mais avan\u00e7ada e pode detectar melhor o formato e o tamanho das frutas. A parte da l\u00e2mina fixa adota um design de faca de disco, que pode fixar melhor os mel\u00f5es. <\/p>    <p class=\"translation-block\">Os clientes est\u00e3o usando-a bem. Como h\u00e1 muitas frutas que precisam ser processadas, muitos clientes personalizaram m\u00e1quinas de descascar de duas cabe\u00e7as. A efici\u00eancia foi grandemente melhorada, ocupa menos espa\u00e7o do que comprar duas m\u00e1quinas separadamente e \u00e9 mais eficiente. Portanto, a F\u00e1brica Taizy lan\u00e7ou a m\u00e1quina de descascar de duas cabe\u00e7as TZ-ZH-XP2. Se voc\u00ea precisa comprar uma <em><strong><a href=\"https:\/\/fvmachinery.com\/pt\/product\/maquina-de-descascar-coco\/\" data-type=\"link\" data-id=\"https:\/\/fvmachinery.com\/product\/coconut-peeling-machine\/\">m\u00e1quina de descascar<\/a><\/strong><\/em>, voc\u00ea \u00e9 bem-vindo para visitar a f\u00e1brica Taizy para comprar.<\/p>    <figure class=\"wp-block-gallery has-nested-images columns-default is-cropped wp-block-gallery-4 is-layout-flex wp-block-gallery-is-layout-flex\"> <figure class=\"wp-block-image size-large\"><img loading=\"lazy\" decoding=\"async\" width=\"720\" height=\"540\" data-id=\"763\" src=\"https:\/\/fvmachinery.com\/wp-content\/uploads\/2023\/11\/single-head-melon-peeler.webp\" alt=\"descascador de mel\u00e3o de cabe\u00e7a \u00fanica\" class=\"wp-image-763\" title=\"\" srcset=\"https:\/\/fvmachinery.com\/wp-content\/uploads\/2023\/11\/single-head-melon-peeler.webp 720w, https:\/\/fvmachinery.com\/wp-content\/uploads\/2023\/11\/single-head-melon-peeler-300x225.webp 300w\" sizes=\"auto, (max-width: 720px) 100vw, 720px\" \/><figcaption class=\"wp-element-caption\">Descascador de mel\u00e3o de cabe\u00e7a \u00fanica<\/figcaption><\/figure>    <figure class=\"wp-block-image size-large\"><img loading=\"lazy\" decoding=\"async\" width=\"720\" height=\"540\" data-id=\"760\" src=\"https:\/\/fvmachinery.com\/wp-content\/uploads\/2023\/11\/double-head-melon-peeler.webp\" alt=\"descascador de mel\u00e3o de cabe\u00e7a dupla\" class=\"wp-image-760\" title=\"\" srcset=\"https:\/\/fvmachinery.com\/wp-content\/uploads\/2023\/11\/double-head-melon-peeler.webp 720w, https:\/\/fvmachinery.com\/wp-content\/uploads\/2023\/11\/double-head-melon-peeler-300x225.webp 300w\" sizes=\"auto, (max-width: 720px) 100vw, 720px\" \/><figcaption class=\"wp-element-caption\">Descascador de mel\u00e3o de duas cabe\u00e7as<\/figcaption><\/figure> <\/figure>    <h2 class=\"wp-block-heading\">Par\u00e2metros da m\u00e1quina descascadora de mel\u00e3o<\/h2>    <figure class=\"wp-block-table\"><table><tbody><tr><td>Modelo<\/td><td>TZ-ZH-XP1<\/td><td>TZ-ZH-XP2<\/td><\/tr><tr><td>Poder<\/td><td>0,75 kW<\/td><td>1,5 kW<\/td><\/tr><tr><td>Tens\u00e3o<\/td><td>380 V<\/td><td>380 V<\/td><\/tr><tr><td>Peso<\/td><td>95kg<\/td><td>190kg<\/td><\/tr><tr><td>Capacidade<\/td><td>120 unidades\/h<\/td><td>230 unidades\/h<\/td><\/tr><tr><td>Tamanho<\/td><td>750*500*1800mm<\/td><td>1200*720*1800mm<\/td><\/tr><\/tbody><\/table><figcaption class=\"wp-element-caption\">Par\u00e2metros da m\u00e1quina descascadora de mel\u00e3o<\/figcaption><\/figure>    <p><\/p>    <p><\/p>    <p><\/p>    <p><\/p>    <p><\/p>    <p><br>\u200b<\/p>","protected":false},"excerpt":{"rendered":"<p>A melon peeling machine is a machine mainly used for peeling melons. It can peel pumpkin, winter melon, pineapple, and jackfruit. Because of its high safety and quick peeling, it is very suitable for food processing and catering industries. How to Use a Melon Peeling Machine? First, we clean the skins of the melons or [&hellip;]<\/p>\n","protected":false},"author":1,"featured_media":772,"parent":0,"template":"","tags":[],"product-type":[13],"class_list":["post-733","product","type-product","status-publish","has-post-thumbnail","hentry","product-type-peeling-machine"],"_links":{"self":[{"href":"https:\/\/fvmachinery.com\/pt\/wp-json\/wp\/v2\/product\/733","targetHints":{"allow":["GET"]}}],"collection":[{"href":"https:\/\/fvmachinery.com\/pt\/wp-json\/wp\/v2\/product"}],"about":[{"href":"https:\/\/fvmachinery.com\/pt\/wp-json\/wp\/v2\/types\/product"}],"author":[{"embeddable":true,"href":"https:\/\/fvmachinery.com\/pt\/wp-json\/wp\/v2\/users\/1"}],"wp:featuredmedia":[{"embeddable":true,"href":"https:\/\/fvmachinery.com\/pt\/wp-json\/wp\/v2\/media\/772"}],"wp:attachment":[{"href":"https:\/\/fvmachinery.com\/pt\/wp-json\/wp\/v2\/media?parent=733"}],"wp:term":[{"taxonomy":"post_tag","embeddable":true,"href":"https:\/\/fvmachinery.com\/pt\/wp-json\/wp\/v2\/tags?post=733"},{"taxonomy":"product-type","embeddable":true,"href":"https:\/\/fvmachinery.com\/pt\/wp-json\/wp\/v2\/product-type?post=733"}],"curies":[{"name":"wp","href":"https:\/\/api.w.org\/{rel}","templated":true}]}}