{"id":737,"date":"2023-11-20T16:50:42","date_gmt":"2023-11-20T08:50:42","guid":{"rendered":"https:\/\/fvmachinery.com\/?post_type=product&#038;p=737"},"modified":"2023-12-07T15:06:08","modified_gmt":"2023-12-07T07:06:08","slug":"screw-juicer-machine","status":"publish","type":"product","link":"https:\/\/fvmachinery.com\/pt\/product\/maquina-de-espremedor-de-parafuso\/","title":{"rendered":"M\u00e1quina espremedora de parafusos"},"content":{"rendered":"<p>Uma m\u00e1quina espremedora de rosca, tamb\u00e9m conhecida como prensa a frio, extrai suco de frutas e vegetais espremendo-os atrav\u00e9s de dois eixos de rosca girat\u00f3rios. Devido ao tamanho maior do espremedor de rosca dupla, ele \u00e9 adequado para processadores de leite de nozes, frutas e vegetais e outros locais onde h\u00e1 maior demanda por suco. Aqui daremos uma olhada mais de perto na estrutura, uso, vantagens e usos de uma m\u00e1quina espremedora de rosca.<\/p>    <figure class=\"wp-block-image size-full\"><img loading=\"lazy\" decoding=\"async\" width=\"720\" height=\"540\" src=\"https:\/\/fvmachinery.com\/wp-content\/uploads\/2023\/11\/screw-juicer-machine.webp\" alt=\"m\u00e1quina de espremedor de parafuso\" class=\"wp-image-785\" title=\"\" srcset=\"https:\/\/fvmachinery.com\/wp-content\/uploads\/2023\/11\/screw-juicer-machine.webp 720w, https:\/\/fvmachinery.com\/wp-content\/uploads\/2023\/11\/screw-juicer-machine-300x225.webp 300w\" sizes=\"auto, (max-width: 720px) 100vw, 720px\" \/><figcaption class=\"wp-element-caption\">M\u00e1quina espremedora de parafusos<\/figcaption><\/figure>    <h2 class=\"wp-block-heading\">Estrutura da m\u00e1quina espremedora de parafusos<\/h2>    <p>O espremedor de parafuso duplo consiste principalmente em um funil de alimenta\u00e7\u00e3o, parafuso duplo, filtro e sa\u00edda de suco.<br>O funil de alimenta\u00e7\u00e3o \u00e9 usado para colocar frutas e vegetais no espremedor. O parafuso duplo \u00e9 o componente principal de um espremedor de parafuso duplo, que consiste em dois parafusos, cuja forma e tamanho podem ser ajustados de acordo com as diferentes frutas e vegetais.<\/p>    <p> O filtro \u00e9 usado para separar o suco e o baga\u00e7o, a densidade da malha pode ser selecionada de acordo com as diferentes frutas e vegetais, bem como com as diferentes necessidades de sabor. Uma sa\u00edda de suco \u00e9 usada para retirar o suco espremido.<\/p>    <figure class=\"wp-block-gallery has-nested-images columns-default is-cropped wp-block-gallery-2 is-layout-flex wp-block-gallery-is-layout-flex\"> <figure class=\"wp-block-image size-large\"><img loading=\"lazy\" decoding=\"async\" width=\"800\" height=\"800\" data-id=\"786\" src=\"https:\/\/fvmachinery.com\/wp-content\/uploads\/2023\/11\/The-body-is-made-of-sus304-stainless-steel.webp\" alt=\"O corpo \u00e9 feito de a\u00e7o inoxid\u00e1vel sus304.\" class=\"wp-image-786\" title=\"\" srcset=\"https:\/\/fvmachinery.com\/wp-content\/uploads\/2023\/11\/The-body-is-made-of-sus304-stainless-steel.webp 800w, https:\/\/fvmachinery.com\/wp-content\/uploads\/2023\/11\/The-body-is-made-of-sus304-stainless-steel-300x300.webp 300w, https:\/\/fvmachinery.com\/wp-content\/uploads\/2023\/11\/The-body-is-made-of-sus304-stainless-steel-150x150.webp 150w, https:\/\/fvmachinery.com\/wp-content\/uploads\/2023\/11\/The-body-is-made-of-sus304-stainless-steel-768x768.webp 768w\" sizes=\"auto, (max-width: 800px) 100vw, 800px\" \/><figcaption class=\"wp-element-caption\">O corpo \u00e9 feito de a\u00e7o inoxid\u00e1vel Sus304.<\/figcaption><\/figure>    <figure class=\"wp-block-image size-large\"><img loading=\"lazy\" decoding=\"async\" width=\"720\" height=\"540\" data-id=\"787\" src=\"https:\/\/fvmachinery.com\/wp-content\/uploads\/2023\/11\/medium-sized-screw-juice-extractor.webp\" alt=\"extrator de suco de parafuso de tamanho m\u00e9dio\" class=\"wp-image-787\" title=\"\" srcset=\"https:\/\/fvmachinery.com\/wp-content\/uploads\/2023\/11\/medium-sized-screw-juice-extractor.webp 720w, https:\/\/fvmachinery.com\/wp-content\/uploads\/2023\/11\/medium-sized-screw-juice-extractor-300x225.webp 300w\" sizes=\"auto, (max-width: 720px) 100vw, 720px\" \/><figcaption class=\"wp-element-caption\">Extrator de suco de parafuso de tamanho m\u00e9dio<\/figcaption><\/figure> <\/figure>    <h2 class=\"wp-block-heading\">Como usar uma m\u00e1quina espremedora de parafusos?<\/h2>    <p class=\"translation-block\">Em primeiro lugar, limpamos as frutas e os vegetais, podemos tamb\u00e9m lav\u00e1-los com a ajuda de uma <strong><em><a href=\"https:\/\/fvmachinery.com\/pt\/product\/maquina-de-remocao-de-detritos-vegetais\/\" data-type=\"link\" data-id=\"https:\/\/fvmachinery.com\/product\/vegetable-debris-removal-machine\/\">m\u00e1quina de lavagem de frutas e vegetais<\/a><\/em><\/strong> e colocar as frutas ou vegetais limpos no alimentador. Em seguida, pressionamos o interruptor e a dupla rosca come\u00e7a a girar. Ao espremer as frutas e os vegetais com a dupla rosca, o sumo e a polpa s\u00e3o separados. O sumo sai atrav\u00e9s do filtro e \u00e9 recolhido no recipiente do funil, enquanto a polpa \u00e9 descarregada pela sa\u00edda de esc\u00f3ria.<\/p>    <figure class=\"wp-block-gallery has-nested-images columns-default is-cropped wp-block-gallery-3 is-layout-flex wp-block-gallery-is-layout-flex\"> <figure class=\"wp-block-image size-large\"><img loading=\"lazy\" decoding=\"async\" width=\"720\" height=\"540\" data-id=\"788\" src=\"https:\/\/fvmachinery.com\/wp-content\/uploads\/2023\/11\/Removable-parts-for-easy-cleaning.webp\" alt=\"pe\u00e7as remov\u00edveis para f\u00e1cil limpeza\" class=\"wp-image-788\" title=\"\" srcset=\"https:\/\/fvmachinery.com\/wp-content\/uploads\/2023\/11\/Removable-parts-for-easy-cleaning.webp 720w, https:\/\/fvmachinery.com\/wp-content\/uploads\/2023\/11\/Removable-parts-for-easy-cleaning-300x225.webp 300w\" sizes=\"auto, (max-width: 720px) 100vw, 720px\" \/><figcaption class=\"wp-element-caption\">Pe\u00e7as remov\u00edveis para f\u00e1cil limpeza<\/figcaption><\/figure>    <figure class=\"wp-block-image size-large\"><img loading=\"lazy\" decoding=\"async\" width=\"720\" height=\"540\" data-id=\"789\" src=\"https:\/\/fvmachinery.com\/wp-content\/uploads\/2023\/11\/The-density-of-the-filter-can-support-customization.webp\" alt=\"A densidade do filtro pode suportar personaliza\u00e7\u00e3o.\" class=\"wp-image-789\" title=\"\" srcset=\"https:\/\/fvmachinery.com\/wp-content\/uploads\/2023\/11\/The-density-of-the-filter-can-support-customization.webp 720w, https:\/\/fvmachinery.com\/wp-content\/uploads\/2023\/11\/The-density-of-the-filter-can-support-customization-300x225.webp 300w\" sizes=\"auto, (max-width: 720px) 100vw, 720px\" \/><figcaption class=\"wp-element-caption\">A densidade do filtro pode suportar personaliza\u00e7\u00e3o.<\/figcaption><\/figure> <\/figure>    <h2 class=\"wp-block-heading\">Quais s\u00e3o as vantagens de uma m\u00e1quina espremedora de parafusos\uff1f<\/h2>    <p>O espremedor de rosca tem alto rendimento de suco. O espremedor adota uma extrus\u00e3o de parafuso para extrair o suco, que pode espremer frutas e vegetais com efic\u00e1cia e aumentar a taxa de rendimento do suco. De modo geral, o rendimento de suco do espremedor de rosca dupla pode chegar a mais de 80%.<\/p>    <p>O suco extra\u00eddo pela rosca de baixa velocidade tem bom gosto. O espremedor de rosca dupla pode separar as fibras das frutas e vegetais, tornando o sabor do suco mais delicado. Ao mesmo tempo, pode reduzir a oxida\u00e7\u00e3o do suco, para que os nutrientes do suco possam ser melhor preservados. O funcionamento da m\u00e1quina \u00e9 muito simples, basta colocar as frutas e verduras na tremonha de alimenta\u00e7\u00e3o.<\/p>    <p>Al\u00e9m disso, a m\u00e1quina apresenta as seguintes vantagens: menos ru\u00eddo devido \u00e0 menor velocidade de rota\u00e7\u00e3o da m\u00e1quina de rosca dupla. Cada espremedor de frutas produzido pela Taizy \u00e9 equipado com uma capa protetora que evita respingos de frutas e vegetais. A m\u00e1quina tamb\u00e9m \u00e9 f\u00e1cil de limpar, pois suas pe\u00e7as s\u00e3o remov\u00edveis.<\/p>    <figure class=\"wp-block-gallery has-nested-images columns-default is-cropped wp-block-gallery-4 is-layout-flex wp-block-gallery-is-layout-flex\"> <figure class=\"wp-block-image size-large\"><img loading=\"lazy\" decoding=\"async\" width=\"720\" height=\"540\" data-id=\"790\" src=\"https:\/\/fvmachinery.com\/wp-content\/uploads\/2023\/11\/double-helix-configuration-.webp\" alt=\"configura\u00e7\u00e3o de dupla h\u00e9lice\" class=\"wp-image-790\" title=\"\" srcset=\"https:\/\/fvmachinery.com\/wp-content\/uploads\/2023\/11\/double-helix-configuration-.webp 720w, https:\/\/fvmachinery.com\/wp-content\/uploads\/2023\/11\/double-helix-configuration--300x225.webp 300w\" sizes=\"auto, (max-width: 720px) 100vw, 720px\" \/><figcaption class=\"wp-element-caption\">Configura\u00e7\u00e3o de dupla h\u00e9lice<\/figcaption><\/figure>    <figure class=\"wp-block-image size-large\"><img loading=\"lazy\" decoding=\"async\" width=\"720\" height=\"540\" data-id=\"791\" src=\"https:\/\/fvmachinery.com\/wp-content\/uploads\/2023\/11\/customized-machine-with-raised-inlet.webp\" alt=\"m\u00e1quina personalizada com entrada elevada\" class=\"wp-image-791\" title=\"\" srcset=\"https:\/\/fvmachinery.com\/wp-content\/uploads\/2023\/11\/customized-machine-with-raised-inlet.webp 720w, https:\/\/fvmachinery.com\/wp-content\/uploads\/2023\/11\/customized-machine-with-raised-inlet-300x225.webp 300w\" sizes=\"auto, (max-width: 720px) 100vw, 720px\" \/><figcaption class=\"wp-element-caption\">M\u00e1quina personalizada com entrada elevada<\/figcaption><\/figure> <\/figure>    <h2 class=\"wp-block-heading\">M\u00e1quina espremedora de parafusos: m\u00e1quina multiuso<\/h2>    <p>A m\u00e1quina espremedora de parafuso pode ser usada para extra\u00e7\u00e3o e desidrata\u00e7\u00e3o de suco. Pode ser usado para fazer suco de frutas e vegetais com certas fibras, como gengibre, ervas chinesas, jujuba, etc. Tamb\u00e9m pode ser usado para fazer suco cont\u00ednuo de pequenas frutas com galhos, como bagas de espinheiro, e seu orif\u00edcio de peneira pode ser personalizado de acordo do tamanho de bagas de espinheiro-mar. Diferente do espremedor geral, o espremedor de parafuso duplo tamb\u00e9m \u00e9 usado na ind\u00fastria de prote\u00e7\u00e3o ambiental, res\u00edduos de mercado, prensagem de res\u00edduos de cozinha e desidrata\u00e7\u00e3o.<\/p>    <h2 class=\"wp-block-heading\">Par\u00e2metros das m\u00e1quinas espremedoras de parafuso<\/h2>    <figure class=\"wp-block-table\"><table><tbody><tr><td colspan=\"2\">Modelo<\/td><td>TZ-15<\/td><td>TZ-30<\/td><td>TZ-50<\/td><td>TZ-100<\/td><td>TZ-150<\/td><\/tr><tr><td colspan=\"2\">Capacidade<\/td><td>1 t\/h<\/td><td>1,5 t\/h<\/td><td>4 t\/h<\/td><td>7 t\/h<\/td><td>13 t\/h<\/td><\/tr><tr><td rowspan=\"2\">Parafuso de transporte<\/td><td>di\u00e2metro<\/td><td>260 mil\u00edmetros<\/td><td>350 mil\u00edmetros<\/td><td>420 mil\u00edmetros<\/td><td>500 mil\u00edmetros<\/td><td>600 mil\u00edmetros<\/td><\/tr><tr><td>tom<\/td><td>150 mil\u00edmetros<\/td><td>200 mil\u00edmetros<\/td><td>210 mil\u00edmetros<\/td><td>280 mil\u00edmetros<\/td><td>280 mil\u00edmetros<\/td><\/tr><tr><td rowspan=\"2\">Pressione o parafuso<\/td><td>di\u00e2metro<\/td><td>260 mil\u00edmetros<\/td><td>350 mil\u00edmetros<\/td><td>420 mil\u00edmetros<\/td><td>500 mil\u00edmetros<\/td><td>600 mil\u00edmetros<\/td><\/tr><tr><td>velocidade<\/td><td>10 rpm<\/td><td>10 rpm<\/td><td>10 rpm<\/td><td>10 rpm<\/td><td>10 rpm<\/td><\/tr><tr><td colspan=\"2\">Poder<\/td><td>5,5 kW<\/td><td>7,5 kW<\/td><td>11 kW<\/td><td>18,5 kW<\/td><td>22 kW<\/td><\/tr><tr><td colspan=\"2\">Di\u00e2metro da tela<\/td><td>270 mil\u00edmetros<\/td><td>360 mil\u00edmetros<\/td><td>430 mil\u00edmetros<\/td><td>510 mil\u00edmetros<\/td><td>610 mil\u00edmetros<\/td><\/tr><tr><td colspan=\"2\">Abertura da tela<\/td><td>1,5 mm<\/td><td>1,5 mm<\/td><td>2*40mm<\/td><td>2*40mm<\/td><td>2*40mm<\/td><\/tr><tr><td colspan=\"2\">Tamanho M)<\/td><td>2.2*0.6*0.9<\/td><td>3.5*0.7*1<\/td><td>3.5*1*1.5<\/td><td>3.8*1.1*1.7<\/td><td>4.5*1.1*1.65<\/td><\/tr><tr><td colspan=\"2\">Peso (kg)<\/td><td>650kg<\/td><td>1200kg<\/td><td>2550kg<\/td><td>2.950kg<\/td><td>4200kg<\/td><\/tr><\/tbody><\/table><figcaption class=\"wp-element-caption\">Par\u00e2metros das m\u00e1quinas espremedoras de parafuso<\/figcaption><\/figure>","protected":false},"excerpt":{"rendered":"<p>A screw juicer machine, also known as a cold press, extracts juice from fruits and vegetables by squeezing them through two rotating screw shafts. Due to the larger size of the twin screw juicer, it is suitable for nut milk, fruit and vegetable processors, and other places where there is a greater demand for juice. [&hellip;]<\/p>\n","protected":false},"author":1,"featured_media":785,"parent":0,"template":"","tags":[],"product-type":[30],"class_list":["post-737","product","type-product","status-publish","has-post-thumbnail","hentry","product-type-juicing-machine"],"_links":{"self":[{"href":"https:\/\/fvmachinery.com\/pt\/wp-json\/wp\/v2\/product\/737","targetHints":{"allow":["GET"]}}],"collection":[{"href":"https:\/\/fvmachinery.com\/pt\/wp-json\/wp\/v2\/product"}],"about":[{"href":"https:\/\/fvmachinery.com\/pt\/wp-json\/wp\/v2\/types\/product"}],"author":[{"embeddable":true,"href":"https:\/\/fvmachinery.com\/pt\/wp-json\/wp\/v2\/users\/1"}],"wp:featuredmedia":[{"embeddable":true,"href":"https:\/\/fvmachinery.com\/pt\/wp-json\/wp\/v2\/media\/785"}],"wp:attachment":[{"href":"https:\/\/fvmachinery.com\/pt\/wp-json\/wp\/v2\/media?parent=737"}],"wp:term":[{"taxonomy":"post_tag","embeddable":true,"href":"https:\/\/fvmachinery.com\/pt\/wp-json\/wp\/v2\/tags?post=737"},{"taxonomy":"product-type","embeddable":true,"href":"https:\/\/fvmachinery.com\/pt\/wp-json\/wp\/v2\/product-type?post=737"}],"curies":[{"name":"wp","href":"https:\/\/api.w.org\/{rel}","templated":true}]}}