{"id":78,"date":"2022-08-25T08:53:14","date_gmt":"2022-08-25T00:53:14","guid":{"rendered":"https:\/\/fvmachinery.com\/?post_type=product&#038;p=78"},"modified":"2022-10-18T09:37:22","modified_gmt":"2022-10-18T01:37:22","slug":"commercial-vegetable-dicing-machine","status":"publish","type":"product","link":"https:\/\/fvmachinery.com\/pt\/product\/commercial-vegetable-dicing-machine\/","title":{"rendered":"M\u00e1quina comercial de cortar vegetais | Dicer Cebola Tomate"},"content":{"rendered":"<p>A m\u00e1quina comercial de cortar vegetais pode cortar vegetais e frutas em peda\u00e7os pequenos e de tamanhos iguais, bem como fati\u00e1-los ou ral\u00e1-los. A m\u00e1quina de cortar cubos el\u00e9trica pode cortar quase todos os tipos de vegetais e frutas: cebolas, tomates, batatas, cenouras, ma\u00e7\u00e3s, mangas, etc. Usando uma m\u00e1quina de cortar legumes el\u00e9trica em cubos em vez do corte manual tradicional, a efici\u00eancia ser\u00e1 muito melhorada, portanto, \u00e9 o equipamento necess\u00e1rio para f\u00e1bricas de processamento de alimentos, restaurantes, cantinas e outras ind\u00fastrias.<\/p>   <div class=\"wp-block-image\"> <figure class=\"aligncenter size-full\"><img loading=\"lazy\" decoding=\"async\" width=\"720\" height=\"540\" src=\"https:\/\/fvmachinery.com\/wp-content\/uploads\/2022\/08\/dicing-machine1.webp\" alt=\"\" class=\"wp-image-166\" title=\"\" srcset=\"https:\/\/fvmachinery.com\/wp-content\/uploads\/2022\/08\/dicing-machine1.webp 720w, https:\/\/fvmachinery.com\/wp-content\/uploads\/2022\/08\/dicing-machine1-300x225.webp 300w\" sizes=\"auto, (max-width: 720px) 100vw, 720px\" \/><figcaption>m\u00e1quina comercial de cortar vegetais<\/figcaption><\/figure> <\/div>   <h2 class=\"wp-block-heading\" id=\"h-raw-materials-and-final-product-of-vegetable-dicer-machine\">Mat\u00e9rias-primas e produto final da m\u00e1quina cortadora de legumes<\/h2>    <p>Uma m\u00e1quina de cortar vegetais \u00e9 uma m\u00e1quina de corte multifuncional para processar frutas e vegetais. Quase todos os vegetais e frutas podem ser processados \u200b\u200bpor esta m\u00e1quina comercial de corte de vegetais, como cenoura, batata, cebola, tomate, rabanete, pepino, inhame, batata doce, piment\u00e3o verde, ma\u00e7\u00e3, p\u00eara, manga, abacaxi, presunto, etc. <\/p>    <p class=\"translation-block\">O tamanho do material cortado pode ser definido e \u00e9 muito amplo, de 3mm a 20mm. Os peda\u00e7os de legumes processados podem ser embalados ou cozidos diretamente. Al\u00e9m disso, se o cliente quiser fatiar, esta m\u00e1quina el\u00e9trica de corte de legumes tamb\u00e9m pode faz\u00ea-lo, a espessura do material cortado \u00e9 de 2-20mm. Al\u00e9m disso, tamb\u00e9m fornecemos <a href=\"https:\/\/fvmachinery.com\/pt\/product\/vegetable-slicer-machine\/\">m\u00e1quinas fatiadoras de legumes<\/a>, consulte-nos agora e diga-nos o que voc\u00ea precisa.<\/p>   <div class=\"wp-block-image\"> <figure class=\"aligncenter size-full\"><img loading=\"lazy\" decoding=\"async\" width=\"720\" height=\"540\" src=\"https:\/\/fvmachinery.com\/wp-content\/uploads\/2022\/08\/vegetable-dices1.webp\" alt=\"dados de vegetais\" class=\"wp-image-191\" title=\"\" srcset=\"https:\/\/fvmachinery.com\/wp-content\/uploads\/2022\/08\/vegetable-dices1.webp 720w, https:\/\/fvmachinery.com\/wp-content\/uploads\/2022\/08\/vegetable-dices1-300x225.webp 300w\" sizes=\"auto, (max-width: 720px) 100vw, 720px\" \/><figcaption>dados de vegetais<\/figcaption><\/figure> <\/div>   <h2 class=\"wp-block-heading\" id=\"h-features-of-commercial-vegetable-dicing-machine\">Caracter\u00edsticas da m\u00e1quina comercial de corte de vegetais<\/h2>    <ol class=\"wp-block-list\"><li>A fun\u00e7\u00e3o da m\u00e1quina \u00e9 rica, uma m\u00e1quina de cortar vegetais pode cortar uma variedade de vegetais e frutas em cubos ou fatias, o tamanho e a espessura do produto acabado podem ser ajustados, adequados para uma variedade de cen\u00e1rios de uso para atender \u00e0s necessidades dos usu\u00e1rios.<\/li><li>Os vegetais cortados na m\u00e1quina s\u00e3o de tamanho regular, tamanho uniforme e bela apar\u00eancia, sejam embalados e vendidos ou cozidos diretamente, os resultados s\u00e3o muito bons.<\/li><li>A m\u00e1quina \u00e9 f\u00e1cil de operar e os funcion\u00e1rios podem participar com treinamento simples.<\/li><li>As facas de corte s\u00e3o todas feitas de a\u00e7o inoxid\u00e1vel 304 de qualidade alimentar, com longa vida \u00fatil e baixo custo de manuten\u00e7\u00e3o.<\/li><\/ol>    <h2 class=\"wp-block-heading\" id=\"h-working-principle-of-onion-dicer-machine\">Princ\u00edpio de funcionamento da m\u00e1quina cortadora de cebola<\/h2>    <p>A mesa de corte rotativa desta m\u00e1quina comercial de corte de vegetais faz com que a mat\u00e9ria-prima gire em alta velocidade e a for\u00e7a centr\u00edfuga \u00e9 gerada durante a rota\u00e7\u00e3o. A m\u00e1quina cortadora de cebola usa a for\u00e7a centr\u00edfuga gerada pela rota\u00e7\u00e3o em alta velocidade do material para cortar o vegetal ou fruta em fatias pelo cortador vertical, e ent\u00e3o as fatias s\u00e3o cortadas em tiras pelo cortador circular. <\/p>    <p>O material \u00e9 enviado para a faca de corte horizontal para cortar as tiras em cubos ou ret\u00e2ngulos. A espessura dos cavacos ou o tamanho do corte podem ser alterados ajustando a folga entre a l\u00e2mina de corte e a base girat\u00f3ria, enquanto a forma do corte pode ser alterada ajustando a faca de disco e a faca transversal.<\/p>    <h2 class=\"wp-block-heading\" id=\"h-parameters-of-commercial-vegetable-dicing-machine\">Par\u00e2metros da m\u00e1quina comercial de corte de vegetais<\/h2>    <p>Capacidade de produ\u00e7\u00e3o: 600kg\/h-1000kg\/h<br>Tamanho de corte: cubos de 3mm-20mmd ou outros tamanhos personalizados<br>Pot\u00eancia: 0,75 kW<br>Tens\u00e3o: alimenta\u00e7\u00e3o monof\u00e1sica 220V 50hz<br>Tamanho da m\u00e1quina: 710*660*1085mm<br>Material do corpo: a\u00e7o inoxid\u00e1vel 201 ou a\u00e7o inoxid\u00e1vel 304<br>Peso: 100kg<br>Tamanho da faca de corte: 6 mm (uma m\u00e1quina vem com duas)<br>Material da faca de corte: a\u00e7o inoxid\u00e1vel 304<\/p>    <h2 class=\"wp-block-heading\" id=\"h-how-to-maintain-electric-vegetable-dicer-machine\">Como fazer a manuten\u00e7\u00e3o da m\u00e1quina el\u00e9trica de cortar vegetais?<\/h2>    <ol class=\"wp-block-list\"><li>A m\u00e1quina comercial de cortar vegetais deve ser limpa a tempo ap\u00f3s o uso, caso contr\u00e1rio, se houver restos de vegetais e res\u00edduos de frutas, a m\u00e1quina ficar\u00e1 com mau cheiro com o tempo.<\/li><li>Ap\u00f3s cada utiliza\u00e7\u00e3o, o operador deve verificar se a ferramenta est\u00e1 danificada ou gasta. Al\u00e9m disso, o operador deve desmontar o conjunto da ferramenta de disco e limp\u00e1-lo uma vez por semana. Antes da instala\u00e7\u00e3o, aplique \u00f3leo de cozinha no eixo de corte e no eixo do cortador para garantir f\u00e1cil remo\u00e7\u00e3o.<\/li><li>Lubrifique as engrenagens e a corrente uma vez a cada meio m\u00eas para garantir que as pe\u00e7as da m\u00e1quina estejam lubrificadas e funcionando perfeitamente.<\/li><li>Todas as inspe\u00e7\u00f5es e manuten\u00e7\u00f5es devem ser realizadas depois que a energia for desligada.<\/li><\/ol>","protected":false},"excerpt":{"rendered":"<p>The commercial vegetable dicing machine can cut vegetables and fruits into small, evenly sized pieces, as well as slice or shred them. The electric dicing machine can almost all types of vegetables and fruits: onions, tomatoes, potatoes, carrots, apples, mangoes, etc. Using an electric dicing machine cutting vegetables instead of the traditional manual cutting, the [&hellip;]<\/p>\n","protected":false},"author":1,"featured_media":80,"parent":0,"template":"","tags":[18],"product-type":[12],"class_list":["post-78","product","type-product","status-publish","has-post-thumbnail","hentry","tag-vegetable-dicing-machine","product-type-cutting-machine"],"_links":{"self":[{"href":"https:\/\/fvmachinery.com\/pt\/wp-json\/wp\/v2\/product\/78","targetHints":{"allow":["GET"]}}],"collection":[{"href":"https:\/\/fvmachinery.com\/pt\/wp-json\/wp\/v2\/product"}],"about":[{"href":"https:\/\/fvmachinery.com\/pt\/wp-json\/wp\/v2\/types\/product"}],"author":[{"embeddable":true,"href":"https:\/\/fvmachinery.com\/pt\/wp-json\/wp\/v2\/users\/1"}],"wp:featuredmedia":[{"embeddable":true,"href":"https:\/\/fvmachinery.com\/pt\/wp-json\/wp\/v2\/media\/80"}],"wp:attachment":[{"href":"https:\/\/fvmachinery.com\/pt\/wp-json\/wp\/v2\/media?parent=78"}],"wp:term":[{"taxonomy":"post_tag","embeddable":true,"href":"https:\/\/fvmachinery.com\/pt\/wp-json\/wp\/v2\/tags?post=78"},{"taxonomy":"product-type","embeddable":true,"href":"https:\/\/fvmachinery.com\/pt\/wp-json\/wp\/v2\/product-type?post=78"}],"curies":[{"name":"wp","href":"https:\/\/api.w.org\/{rel}","templated":true}]}}