{"id":784,"date":"2023-11-21T09:26:21","date_gmt":"2023-11-21T01:26:21","guid":{"rendered":"https:\/\/fvmachinery.com\/?post_type=product&#038;p=784"},"modified":"2023-11-21T09:26:22","modified_gmt":"2023-11-21T01:26:22","slug":"vegetable-debris-removal-machine","status":"publish","type":"product","link":"https:\/\/fvmachinery.com\/pt\/product\/maquina-de-remocao-de-detritos-vegetais\/","title":{"rendered":"M\u00e1quina de remo\u00e7\u00e3o de detritos vegetais"},"content":{"rendered":"<p>Uma m\u00e1quina de remo\u00e7\u00e3o de detritos vegetais \u00e9 um equipamento de limpeza que utiliza um rolo de cabelo para girar e escovar a superf\u00edcie dos vegetais, o que pode remover com efic\u00e1cia a sujeira da superf\u00edcie dos vegetais, incluindo solo, areia, res\u00edduos de pesticidas e assim por diante. Portanto, \u00e9 adequado para ind\u00fastrias de alimenta\u00e7\u00e3o, hortali\u00e7as e outras ind\u00fastrias com altos requisitos de limpeza de vegetais.<\/p>   <div class=\"wp-block-image\"> <figure class=\"aligncenter size-full\"><img loading=\"lazy\" decoding=\"async\" width=\"720\" height=\"540\" src=\"https:\/\/fvmachinery.com\/wp-content\/uploads\/2023\/11\/vegetable-debris-removal-machine-1.webp\" alt=\"m\u00e1quina de remo\u00e7\u00e3o de detritos vegetais\" class=\"wp-image-803\" title=\"\" srcset=\"https:\/\/fvmachinery.com\/wp-content\/uploads\/2023\/11\/vegetable-debris-removal-machine-1.webp 720w, https:\/\/fvmachinery.com\/wp-content\/uploads\/2023\/11\/vegetable-debris-removal-machine-1-300x225.webp 300w\" sizes=\"auto, (max-width: 720px) 100vw, 720px\" \/><figcaption class=\"wp-element-caption\">m\u00e1quina de remo\u00e7\u00e3o de detritos vegetais<\/figcaption><\/figure> <\/div>   <h2 class=\"wp-block-heading\">Princ\u00edpio de funcionamento da m\u00e1quina de remo\u00e7\u00e3o de detritos vegetais<\/h2>    <p>A m\u00e1quina para remo\u00e7\u00e3o de detritos vegetais \u00e9 composta principalmente por um rolo de cabelo, dispositivo rotativo, bomba de \u00e1gua e dispositivo de drenagem. Ao usar, colocamos os vegetais na m\u00e1quina de lavar vegetais do rolo de cabelo, pressionamos o bot\u00e3o e o dispositivo rotativo come\u00e7ou a acionar a rota\u00e7\u00e3o do rolo de cabelo. <\/p>    <p>Uma pequena bomba d'\u00e1gua fornecer\u00e1 \u00e1gua ao rolo de cabelo. As fileiras de rolos de cabelo giram rapidamente, varrendo a superf\u00edcie dos vegetais uma ap\u00f3s a outra, misturando a \u00e1gua limpa e a sujeira da superf\u00edcie dos vegetais para cair no dispositivo de drenagem, ent\u00e3o o esgoto \u00e9 descarregado e os vegetais continuam avan\u00e7ar para limpar e finalmente chegar ao porto de descarga.<\/p>    <figure class=\"wp-block-gallery has-nested-images columns-default is-cropped wp-block-gallery-2 is-layout-flex wp-block-gallery-is-layout-flex\"> <figure class=\"wp-block-image size-large\"><img loading=\"lazy\" decoding=\"async\" width=\"720\" height=\"540\" data-id=\"795\" src=\"https:\/\/fvmachinery.com\/wp-content\/uploads\/2023\/11\/side-view-of-the-roller-washing-machine.webp\" alt=\"vista lateral da m\u00e1quina de lavar rolos\" class=\"wp-image-795\" title=\"\" srcset=\"https:\/\/fvmachinery.com\/wp-content\/uploads\/2023\/11\/side-view-of-the-roller-washing-machine.webp 720w, https:\/\/fvmachinery.com\/wp-content\/uploads\/2023\/11\/side-view-of-the-roller-washing-machine-300x225.webp 300w\" sizes=\"auto, (max-width: 720px) 100vw, 720px\" \/><figcaption class=\"wp-element-caption\">Vista lateral da m\u00e1quina de lavar rolos<\/figcaption><\/figure>    <figure class=\"wp-block-image size-large\"><img loading=\"lazy\" decoding=\"async\" width=\"720\" height=\"540\" data-id=\"796\" src=\"https:\/\/fvmachinery.com\/wp-content\/uploads\/2023\/11\/simple-electrical-control-system-for-easy-operation.webp\" alt=\"sistema de controle el\u00e9trico simples para f\u00e1cil opera\u00e7\u00e3o\" class=\"wp-image-796\" title=\"\" srcset=\"https:\/\/fvmachinery.com\/wp-content\/uploads\/2023\/11\/simple-electrical-control-system-for-easy-operation.webp 720w, https:\/\/fvmachinery.com\/wp-content\/uploads\/2023\/11\/simple-electrical-control-system-for-easy-operation-300x225.webp 300w\" sizes=\"auto, (max-width: 720px) 100vw, 720px\" \/><figcaption class=\"wp-element-caption\">Sistema de controle el\u00e9trico simples para f\u00e1cil opera\u00e7\u00e3o<\/figcaption><\/figure> <\/figure>    <h2 class=\"wp-block-heading\">Quais s\u00e3o as vantagens de uma m\u00e1quina de remo\u00e7\u00e3o de detritos vegetais?<\/h2>    <p>A m\u00e1quina de remo\u00e7\u00e3o de detritos vegetais tem uma ampla gama de aplica\u00e7\u00f5es, \u00e9 adequada para todos os tipos de ra\u00edzes, mel\u00e3o e frutas, vegetais aqu\u00e1ticos e assim por diante.<\/p>    <p>Tem um bom efeito de limpeza, fileiras e mais fileiras de rolos de cabelo podem remover com efic\u00e1cia a sujeira da superf\u00edcie dos vegetais, incluindo terra, areia, res\u00edduos de pesticidas e assim por diante. O limpador de vegetais para rolo de cabelo pode limpar vegetais continuamente e melhorar a efici\u00eancia da produ\u00e7\u00e3o. Seu funcionamento tamb\u00e9m \u00e9 muito simples, basta colocar os legumes na m\u00e1quina e apertar o bot\u00e3o.<\/p>    <figure class=\"wp-block-gallery has-nested-images columns-default is-cropped wp-block-gallery-3 is-layout-flex wp-block-gallery-is-layout-flex\"> <figure class=\"wp-block-image size-large\"><img loading=\"lazy\" decoding=\"async\" width=\"720\" height=\"540\" data-id=\"799\" src=\"https:\/\/fvmachinery.com\/wp-content\/uploads\/2023\/11\/The-softness-and-hardness-of-the-brushes-can-be-customized-according-to-the-material.webp\" alt=\"A maciez e dureza dos pinc\u00e9is podem ser customizadas de acordo com o material.\" class=\"wp-image-799\" title=\"\" srcset=\"https:\/\/fvmachinery.com\/wp-content\/uploads\/2023\/11\/The-softness-and-hardness-of-the-brushes-can-be-customized-according-to-the-material.webp 720w, https:\/\/fvmachinery.com\/wp-content\/uploads\/2023\/11\/The-softness-and-hardness-of-the-brushes-can-be-customized-according-to-the-material-300x225.webp 300w\" sizes=\"auto, (max-width: 720px) 100vw, 720px\" \/><figcaption class=\"wp-element-caption\">A suavidade e a dureza dos pinc\u00e9is podem ser personalizadas de acordo com o material.<\/figcaption><\/figure>    <figure class=\"wp-block-image size-large\"><img loading=\"lazy\" decoding=\"async\" width=\"720\" height=\"540\" data-id=\"800\" src=\"https:\/\/fvmachinery.com\/wp-content\/uploads\/2023\/11\/The-body-is-made-of-SUS304-stainless-steel.webp\" alt=\"O corpo \u00e9 feito de a\u00e7o inoxid\u00e1vel SUS304.\" class=\"wp-image-800\" title=\"\" srcset=\"https:\/\/fvmachinery.com\/wp-content\/uploads\/2023\/11\/The-body-is-made-of-SUS304-stainless-steel.webp 720w, https:\/\/fvmachinery.com\/wp-content\/uploads\/2023\/11\/The-body-is-made-of-SUS304-stainless-steel-300x225.webp 300w\" sizes=\"auto, (max-width: 720px) 100vw, 720px\" \/><figcaption class=\"wp-element-caption\">O corpo \u00e9 feito de a\u00e7o inoxid\u00e1vel Sus304.<\/figcaption><\/figure> <\/figure>    <h2 class=\"wp-block-heading\">Solu\u00e7\u00f5es para clientes<\/h2>    <p> A m\u00e1quina de remo\u00e7\u00e3o de detritos vegetais \u00e9 bem-vinda pela ind\u00fastria aliment\u00edcia devido \u00e0 sua alta efici\u00eancia, e a efici\u00eancia das diferentes especifica\u00e7\u00f5es das m\u00e1quinas de lavar vegetais com rolo de cabelo \u00e9 diferente. A Taizy Machinery Factory oferece diversas solu\u00e7\u00f5es customizadas para diversos clientes de acordo com suas necessidades e permite que eles recebam a m\u00e1quina no menor tempo poss\u00edvel. <\/p>    <p class=\"translation-block\">Tamb\u00e9m temos uma variedade de equipamentos de apoio. Por exemplo: <strong><em><a href=\"https:\/\/fvmachinery.com\/pt\/product\/carrot-peeler\/\" data-type=\"link\" data-id=\"https:\/\/fvmachinery.com\/product\/carrot-peeler\/\">descascador de frutas e vegetais<\/a><\/em><\/strong>, <strong><em><a href=\"https:\/\/fvmachinery.com\/pt\/product\/commercial-vegetable-cutting-machine\/\" data-type=\"link\" data-id=\"https:\/\/fvmachinery.com\/product\/commercial-vegetable-cutting-machine\/\">fatiador de frutas e vegetais<\/a><\/em><\/strong>, <strong><em><a href=\"https:\/\/fvmachinery.com\/pt\/product\/fruit-juice-machine\/\" data-type=\"link\" data-id=\"https:\/\/fvmachinery.com\/product\/fruit-juice-machine\/\">centr\u00edfuga de frutas<\/a><\/em><\/strong>, e assim por diante. Para garantir um efeito de limpeza mais eficiente e higi\u00eanico, equiparemos os clientes com pe\u00e7as de desgaste, que s\u00e3o convenientes para os clientes substitu\u00edrem a tempo e melhorarem a produtividade. Se voc\u00ea tamb\u00e9m estiver interessado em nossa m\u00e1quina de limpeza de vegetais com rolo de cabelo, seja bem-vindo para visitar nossa f\u00e1brica.<\/p>    <figure class=\"wp-block-gallery has-nested-images columns-default is-cropped wp-block-gallery-4 is-layout-flex wp-block-gallery-is-layout-flex\"> <figure class=\"wp-block-image size-large\"><img loading=\"lazy\" decoding=\"async\" width=\"720\" height=\"540\" data-id=\"801\" src=\"https:\/\/fvmachinery.com\/wp-content\/uploads\/2023\/11\/multiple-sprinkler-heads-for-more-even-watering.webp\" alt=\"v\u00e1rios aspersores para uma rega mais uniforme\" class=\"wp-image-801\" title=\"\" srcset=\"https:\/\/fvmachinery.com\/wp-content\/uploads\/2023\/11\/multiple-sprinkler-heads-for-more-even-watering.webp 720w, https:\/\/fvmachinery.com\/wp-content\/uploads\/2023\/11\/multiple-sprinkler-heads-for-more-even-watering-300x225.webp 300w\" sizes=\"auto, (max-width: 720px) 100vw, 720px\" \/><figcaption class=\"wp-element-caption\">V\u00e1rios aspersores para uma rega mais uniforme<\/figcaption><\/figure>    <figure class=\"wp-block-image size-large\"><img loading=\"lazy\" decoding=\"async\" width=\"720\" height=\"540\" data-id=\"802\" src=\"https:\/\/fvmachinery.com\/wp-content\/uploads\/2023\/11\/recycling-water-purification-device-system-saving-water-resources.webp\" alt=\"sistema de dispositivo de purifica\u00e7\u00e3o de \u00e1gua de reciclagem, economizando recursos h\u00eddricos\" class=\"wp-image-802\" title=\"\" srcset=\"https:\/\/fvmachinery.com\/wp-content\/uploads\/2023\/11\/recycling-water-purification-device-system-saving-water-resources.webp 720w, https:\/\/fvmachinery.com\/wp-content\/uploads\/2023\/11\/recycling-water-purification-device-system-saving-water-resources-300x225.webp 300w\" sizes=\"auto, (max-width: 720px) 100vw, 720px\" \/><figcaption class=\"wp-element-caption\">Sistema de dispositivo de purifica\u00e7\u00e3o de \u00e1gua para reciclagem, economizando recursos h\u00eddricos<\/figcaption><\/figure> <\/figure>    <h2 class=\"wp-block-heading\">Par\u00e2metros da m\u00e1quina de remo\u00e7\u00e3o de detritos vegetais<\/h2>    <figure class=\"wp-block-table\"><table><tbody><tr><td>Modelo<\/td><td>TZ-MK-3000<\/td><\/tr><tr><td>Comprimento do pincel<\/td><td>10mm<\/td><\/tr><tr><td>Poder<\/td><td>3,75 kW<\/td><\/tr><tr><td>Tamanho<\/td><td>3000*1500*1350mm<\/td><\/tr><\/tbody><\/table><figcaption class=\"wp-element-caption\">Par\u00e2metros da m\u00e1quina de remo\u00e7\u00e3o de detritos vegetais<\/figcaption><\/figure>","protected":false},"excerpt":{"rendered":"<p>A vegetable debris removal machine is a cleaning equipment that utilizes a hair roller to rotate and brush the surface of vegetables, which can effectively remove the dirt on the surface of vegetables, including soil, sand, pesticide residues, and so on. Therefore, it is suitable for catering, vegetable, and other industries with high requirements for [&hellip;]<\/p>\n","protected":false},"author":1,"featured_media":803,"parent":0,"template":"","tags":[],"product-type":[4],"class_list":["post-784","product","type-product","status-publish","has-post-thumbnail","hentry","product-type-washing-machine"],"_links":{"self":[{"href":"https:\/\/fvmachinery.com\/pt\/wp-json\/wp\/v2\/product\/784","targetHints":{"allow":["GET"]}}],"collection":[{"href":"https:\/\/fvmachinery.com\/pt\/wp-json\/wp\/v2\/product"}],"about":[{"href":"https:\/\/fvmachinery.com\/pt\/wp-json\/wp\/v2\/types\/product"}],"author":[{"embeddable":true,"href":"https:\/\/fvmachinery.com\/pt\/wp-json\/wp\/v2\/users\/1"}],"wp:featuredmedia":[{"embeddable":true,"href":"https:\/\/fvmachinery.com\/pt\/wp-json\/wp\/v2\/media\/803"}],"wp:attachment":[{"href":"https:\/\/fvmachinery.com\/pt\/wp-json\/wp\/v2\/media?parent=784"}],"wp:term":[{"taxonomy":"post_tag","embeddable":true,"href":"https:\/\/fvmachinery.com\/pt\/wp-json\/wp\/v2\/tags?post=784"},{"taxonomy":"product-type","embeddable":true,"href":"https:\/\/fvmachinery.com\/pt\/wp-json\/wp\/v2\/product-type?post=784"}],"curies":[{"name":"wp","href":"https:\/\/api.w.org\/{rel}","templated":true}]}}