{"id":81,"date":"2022-08-25T09:05:19","date_gmt":"2022-08-25T01:05:19","guid":{"rendered":"https:\/\/fvmachinery.com\/?post_type=product&#038;p=81"},"modified":"2022-10-18T10:20:55","modified_gmt":"2022-10-18T02:20:55","slug":"vegetable-slicer-machine","status":"publish","type":"product","link":"https:\/\/fvmachinery.com\/pt\/product\/vegetable-slicer-machine\/","title":{"rendered":"M\u00e1quina fatiadora de vegetais | M\u00e1quina de fatiar batata, cenoura e cebola"},"content":{"rendered":"<p>Esta m\u00e1quina industrial de fatiar vegetais \u00e9 usada principalmente para processar o corte de frutas e vegetais. A m\u00e1quina de fatiar vegetais pode processar batatas, raiz de l\u00f3tus, ma\u00e7\u00e3s, bananas, peras, rabanetes, pepinos e outros tipos de vegetais e frutas. A m\u00e1quina corta as fatias do produto perfeitamente, a espessura \u00e9 uniformemente acabada, taxa de 99%, alta efici\u00eancia e pode atender \u00e0s necessidades de restaurantes, cantinas, empresas de processamento de alimentos e empresas de congelamento.<\/p>   <div class=\"wp-block-image\"> <figure class=\"aligncenter size-full\"><img loading=\"lazy\" decoding=\"async\" width=\"720\" height=\"540\" src=\"https:\/\/fvmachinery.com\/wp-content\/uploads\/2022\/08\/vegetable-slicing-machine1.webp\" alt=\"m\u00e1quina de fatiar vegetais\" class=\"wp-image-195\" title=\"\" srcset=\"https:\/\/fvmachinery.com\/wp-content\/uploads\/2022\/08\/vegetable-slicing-machine1.webp 720w, https:\/\/fvmachinery.com\/wp-content\/uploads\/2022\/08\/vegetable-slicing-machine1-300x225.webp 300w\" sizes=\"auto, (max-width: 720px) 100vw, 720px\" \/><figcaption>m\u00e1quina de fatiar vegetais<\/figcaption><\/figure> <\/div>   <h2 class=\"wp-block-heading\" id=\"h-raw-materials-finnal-products-of-vegetable-slicing-machine\">Mat\u00e9rias-primas e produtos finais da m\u00e1quina de fatiar vegetais<\/h2>    <p class=\"translation-block\">A m\u00e1quina de fatiar vegetais e frutos \u00e9 principalmente adequada para materiais m\u00e9dios, longos ou cil\u00edndricos para fatiar.<br>Por exemplo, ra\u00edzes vegetais s\u00e3o muito adequadas para este tipo de fatiadora, incluindo batatas, cenouras, rabanetes, batatas-doce, raiz de l\u00f3tus e outras verduras aplic\u00e1veis, incluindo pepinos, beringela, cebolas, courgette, bambu, etc. Frutas adequadas incluem ma\u00e7\u00e3s, peras, bananas, fruta-do-drag\u00e3o, etc. Al\u00e9m disso, se n\u00e3o gosta de fatias de vegetais, tamb\u00e9m fornecemos <a href=\"https:\/\/fvmachinery.com\/pt\/product\/commercial-vegetable-dicing-machine\/\">triturador de vegetais para venda<\/a>, se estiver interessado, contacte-nos.<\/p>   <div class=\"wp-block-image\"> <figure class=\"aligncenter size-full\"><img loading=\"lazy\" decoding=\"async\" width=\"720\" height=\"540\" src=\"https:\/\/fvmachinery.com\/wp-content\/uploads\/2022\/08\/finnal-products-of-vegetable-slicing-machine.webp\" alt=\"produtos finais da m\u00e1quina de fatiar vegetais\" class=\"wp-image-247\" title=\"\" srcset=\"https:\/\/fvmachinery.com\/wp-content\/uploads\/2022\/08\/finnal-products-of-vegetable-slicing-machine.webp 720w, https:\/\/fvmachinery.com\/wp-content\/uploads\/2022\/08\/finnal-products-of-vegetable-slicing-machine-300x225.webp 300w\" sizes=\"auto, (max-width: 720px) 100vw, 720px\" \/><figcaption>produtos finais da m\u00e1quina de fatiar vegetais<\/figcaption><\/figure> <\/div>   <h2 class=\"wp-block-heading\" id=\"h-structure-of-commercial-onion-slicer-machine\">Estrutura da m\u00e1quina comercial de fatiar cebola<\/h2>   <div class=\"wp-block-image\"> <figure class=\"aligncenter size-full\"><img loading=\"lazy\" decoding=\"async\" width=\"720\" height=\"540\" src=\"https:\/\/fvmachinery.com\/wp-content\/uploads\/2022\/08\/fruit-slicing-machine-structure1.webp\" alt=\"\" class=\"wp-image-170\" title=\"\" srcset=\"https:\/\/fvmachinery.com\/wp-content\/uploads\/2022\/08\/fruit-slicing-machine-structure1.webp 720w, https:\/\/fvmachinery.com\/wp-content\/uploads\/2022\/08\/fruit-slicing-machine-structure1-300x225.webp 300w\" sizes=\"auto, (max-width: 720px) 100vw, 720px\" \/><figcaption>estrutura da m\u00e1quina cortadora de vegetais<\/figcaption><\/figure> <\/div>   <p>O cortador de cebola industrial \u00e9 composto principalmente por uma estrutura, uma porta de alimenta\u00e7\u00e3o, uma placa de corte rotativa, uma pe\u00e7a de transmiss\u00e3o, um motor, uma porta de descarga, etc. \u00c9 adequado para fatiar frutas e vegetais de grande volume e formato cil\u00edndrico longo. As partes de contato da m\u00e1quina de fatiar vegetais e dos produtos agr\u00edcolas s\u00e3o todas feitas de a\u00e7o inoxid\u00e1vel de alta qualidade, o que atende aos requisitos internacionais de higiene de m\u00e1quinas de processamento de alimentos. Portanto, pode garantir que a m\u00e1quina n\u00e3o enferruje ou corroa ap\u00f3s um trabalho de longo prazo.<\/p>    <h2 class=\"wp-block-heading\" id=\"h-technical-parameters-of-carrot-slicer-machine\">Par\u00e2metros t\u00e9cnicos da m\u00e1quina cortadora de cenoura<\/h2>    <p>Pot\u00eancia: 1,5 kW<br>Tamanho: 700*700*900mm<br>Peso: 160kg<br>Capacidade:500-700kg\/h<\/p>    <h2 class=\"wp-block-heading\" id=\"h-how-to-use-an-industrial-vegetable-slicer-machine\">Como usar uma m\u00e1quina industrial de fatiar vegetais?<\/h2>    <p>Antes de usar esta m\u00e1quina cortadora de vegetais e frutas, devemos nos certificar de que a energia est\u00e1 pronta. Em seguida, pressione o bot\u00e3o iniciar do fatiador. Separamos as frutas e legumes e os colocamos em diferentes entradas de acordo com o seu tamanho. Em seguida, a placa de corte interna gira em alta velocidade enquanto corta, e as fatias de frutas e vegetais cair\u00e3o imediatamente do bico.<\/p>    <h2 class=\"wp-block-heading\" id=\"h-advantages-of-electric-potato-slicer-machine\">Vantagens da m\u00e1quina el\u00e9trica de fatiar batatas<\/h2>    <ol class=\"wp-block-list\"><li>A m\u00e1quina industrial de fatiar vegetais substitui completamente o trabalho manual tradicional. O corte manual \u00e9 lento, de tamanho irregular e n\u00e3o \u00e9 adequado para aplica\u00e7\u00e3o na ind\u00fastria de processamento de alimentos em grande escala. A efici\u00eancia de corte da m\u00e1quina \u00e9 dezenas de vezes maior que a efici\u00eancia manual, economizando muito tempo e custos de m\u00e3o de obra.<\/li><li>A placa de faca rotativa da m\u00e1quina cortadora de vegetais \u00e9 razoavelmente projetada, a espessura e o tamanho do material cortado s\u00e3o uniformes, a espessura pode ser ajustada e a faixa de espessura \u00e9 de 1-8 mm. A l\u00e2mina da faca \u00e9 afiada e n\u00e3o destr\u00f3i o tecido fibroso de frutas e vegetais.<\/li><li>Toda a m\u00e1quina cortadora de batata el\u00e9trica \u00e9 feita de a\u00e7o inoxid\u00e1vel de alta qualidade e liga de alum\u00ednio, com estrutura razo\u00e1vel, uso seguro, bela, baixa taxa de falhas do equipamento e manuten\u00e7\u00e3o conveniente.<\/li><\/ol>    <h2 class=\"wp-block-heading\">Por que escolher a m\u00e1quina de fatiar vegetais Taizy?<\/h2>    <ul class=\"wp-block-list\"><li>Com foco na fabrica\u00e7\u00e3o de m\u00e1quinas para alimentos. A Taizy Machinery foi fundada em 2011 como uma empresa integrada de fabrica\u00e7\u00e3o e com\u00e9rcio de m\u00e1quinas. Desde a sua cria\u00e7\u00e3o, temos vindo a melhorar a nossa tecnologia e a garantir a qualidade dos nossos produtos.<\/li><li>Temos uma vasta gama de produtos. N\u00f3s temos <a href=\"https:\/\/fvmachinery.com\/pt\/product\/commercial-vegetable-cutting-machine\/\">m\u00e1quina de corte de vegetais<\/a>, <a href=\"https:\/\/fvmachinery.com\/pt\/product\/commercial-vegetable-dicing-machine\/\">m\u00e1quina de cortar dados<\/a>, <a href=\"https:\/\/fvmachinery.com\/pt\/product\/vendo-maquina-de-descascar-alho\/\">m\u00e1quina de descascar alho<\/a>, <a href=\"https:\/\/fvmachinery.com\/pt\/product\/fruit-and-vegetable-washing-line\/\">linha de lavagem de frutas e vegetais<\/a> e outras m\u00e1quinas, que podem ser customizadas de acordo com a necessidade do cliente. Nossos produtos foram vendidos para muitos pa\u00edses e regi\u00f5es do mundo.<\/li><li>Melhoria cont\u00ednua do atendimento ao cliente. Nossa equipe de vendas entrar\u00e1 em contato com voc\u00ea assim que receber sua consulta e responder\u00e1 suas perguntas com paci\u00eancia durante todo o processo. Depois que o cliente faz um pedido, o gerente de vendas supervisionar\u00e1 o carregamento e a entrega da m\u00e1quina para garantir que ela chegue com seguran\u00e7a ao pa\u00eds do cliente.<\/li><\/ul>","protected":false},"excerpt":{"rendered":"<p>This industrial vegetable slicer machine is mainly used for processing the slicing of fruits and vegetables. The vegetable slicing machine can process potatoes, lotus root, apples, bananas, pears, radishes, cucumbers, and other kinds of vegetables and fruits. The machine cuts the product slices neatly, the thickness is evenly finished rate of 99%, high efficiency, and [&hellip;]<\/p>\n","protected":false},"author":1,"featured_media":83,"parent":0,"template":"","tags":[28],"product-type":[12],"class_list":["post-81","product","type-product","status-publish","has-post-thumbnail","hentry","tag-vegetable-slicer-machine","product-type-cutting-machine"],"_links":{"self":[{"href":"https:\/\/fvmachinery.com\/pt\/wp-json\/wp\/v2\/product\/81","targetHints":{"allow":["GET"]}}],"collection":[{"href":"https:\/\/fvmachinery.com\/pt\/wp-json\/wp\/v2\/product"}],"about":[{"href":"https:\/\/fvmachinery.com\/pt\/wp-json\/wp\/v2\/types\/product"}],"author":[{"embeddable":true,"href":"https:\/\/fvmachinery.com\/pt\/wp-json\/wp\/v2\/users\/1"}],"wp:featuredmedia":[{"embeddable":true,"href":"https:\/\/fvmachinery.com\/pt\/wp-json\/wp\/v2\/media\/83"}],"wp:attachment":[{"href":"https:\/\/fvmachinery.com\/pt\/wp-json\/wp\/v2\/media?parent=81"}],"wp:term":[{"taxonomy":"post_tag","embeddable":true,"href":"https:\/\/fvmachinery.com\/pt\/wp-json\/wp\/v2\/tags?post=81"},{"taxonomy":"product-type","embeddable":true,"href":"https:\/\/fvmachinery.com\/pt\/wp-json\/wp\/v2\/product-type?post=81"}],"curies":[{"name":"wp","href":"https:\/\/api.w.org\/{rel}","templated":true}]}}