{"id":84,"date":"2022-08-25T09:17:04","date_gmt":"2022-08-25T01:17:04","guid":{"rendered":"https:\/\/fvmachinery.com\/?post_type=product&#038;p=84"},"modified":"2023-06-20T18:06:00","modified_gmt":"2023-06-20T10:06:00","slug":"commercial-vegetable-cutting-machine","status":"publish","type":"product","link":"https:\/\/fvmachinery.com\/pt\/product\/commercial-vegetable-cutting-machine\/","title":{"rendered":"M\u00e1quina comercial de corte de vegetais | M\u00e1quina cortadora de batata"},"content":{"rendered":"<p class=\"translation-block\">A m\u00e1quina de corte de vegetais comercial \u00e9 um dispositivo necess\u00e1rio para restaurantes, cantinas, f\u00e1bricas de processamento de alimentos, militares, etc. O seu trabalho eficiente pode substituir completamente o corte manual de vegetais, uma grande quantidade de vegetais pode ser cortada num curto per\u00edodo de tempo para satisfazer as necessidades da produ\u00e7\u00e3o do hotel, poupando tempo e custos de m\u00e3o de obra para os investidores, melhorando significativamente a efici\u00eancia e obtendo maiores margens de lucro. Portanto, a m\u00e1quina de corte de vegetais \u00e9 uma m\u00e1quina que vale muito a pena investir. Al\u00e9m disso, a Taizy Machinery tamb\u00e9m fornece <a href=\"https:\/\/fvmachinery.com\/pt\/product\/commercial-vegetable-dicing-machine\/\">m\u00e1quinas de cortar vegetais em cubos<\/a> e <a href=\"https:\/\/fvmachinery.com\/pt\/product\/vegetable-slicer-machine\/\">m\u00e1quinas de fatiar para venda<\/a>, se estiver interessado, consulte-nos agora. <\/p>    <h2 class=\"wp-block-heading\" id=\"h-introduction-of-commercial-vegetable-cutting-machine\">Introdu\u00e7\u00e3o de m\u00e1quina comercial de corte de vegetais<\/h2>    <figure class=\"wp-block-gallery has-nested-images columns-default is-cropped wp-block-gallery-2 is-layout-flex wp-block-gallery-is-layout-flex\"> <figure class=\"wp-block-image size-large\"><img loading=\"lazy\" decoding=\"async\" width=\"720\" height=\"540\" data-id=\"220\" src=\"https:\/\/fvmachinery.com\/wp-content\/uploads\/2022\/08\/vegetable-cutting-machine1.webp\" alt=\"\" class=\"wp-image-220\" title=\"\" srcset=\"https:\/\/fvmachinery.com\/wp-content\/uploads\/2022\/08\/vegetable-cutting-machine1.webp 720w, https:\/\/fvmachinery.com\/wp-content\/uploads\/2022\/08\/vegetable-cutting-machine1-300x225.webp 300w\" sizes=\"auto, (max-width: 720px) 100vw, 720px\" \/><figcaption class=\"wp-element-caption\">M\u00e1quina comercial de corte de vegetais<\/figcaption><\/figure>    <figure class=\"wp-block-image size-large\"><img loading=\"lazy\" decoding=\"async\" width=\"500\" height=\"375\" data-id=\"217\" src=\"https:\/\/fvmachinery.com\/wp-content\/uploads\/2022\/08\/Multi-function-cutting-machine2-21.webp\" alt=\"cortador de legumes comercial\" class=\"wp-image-217\" title=\"\" srcset=\"https:\/\/fvmachinery.com\/wp-content\/uploads\/2022\/08\/Multi-function-cutting-machine2-21.webp 500w, https:\/\/fvmachinery.com\/wp-content\/uploads\/2022\/08\/Multi-function-cutting-machine2-21-300x225.webp 300w\" sizes=\"auto, (max-width: 500px) 100vw, 500px\" \/><figcaption class=\"wp-element-caption\">M\u00e1quina comercial de corte de vegetais<\/figcaption><\/figure> <\/figure>    <p>A m\u00e1quina autom\u00e1tica de corte de vegetais Taizy, tamb\u00e9m conhecida como cortador de vegetais multifuncional, m\u00e1quina cortadora de batata e m\u00e1quina cortadora de alface, possui portas de alimenta\u00e7\u00e3o nas extremidades dianteira e traseira, uma das quais possui uma porta de alimenta\u00e7\u00e3o tipo correia transportadora, especializada em corte longo e vegetais de folhas finas, como alface, cebolinha, coentro, alho-por\u00f3, etc. O tamanho do produto acabado e a velocidade da correia transportadora podem ser ajustados para atender a todas as necessidades do cliente.<\/p>    <p>A outra extremidade da m\u00e1quina cortadora de vegetais \u00e9 principalmente para vegetais bulbosos, como batata, batata doce, rabanete, cenoura, ra\u00edzes de l\u00f3tus, taro, etc. aos requisitos espec\u00edficos dos clientes.<\/p>    <h2 class=\"wp-block-heading\" id=\"h-advantages-of-potato-cutter-machine\">Vantagens da m\u00e1quina cortadora de batata<\/h2>    <ol class=\"wp-block-list\"> <li>Ambas as extremidades da m\u00e1quina cortadora de legumes podem cortar legumes ao mesmo tempo.<\/li>    <li>A m\u00e1quina comercial de corte de vegetais tem v\u00e1rias fun\u00e7\u00f5es e uma ampla gama de aplica\u00e7\u00f5es, adequada para a maioria dos vegetais, incluindo vegetais com folhas e ra\u00edzes. Ele pode cortar vegetais em peda\u00e7os, ralar, fatiar e fatiar.<\/li>    <li>A m\u00e1quina comercial de corte de vegetais \u00e9 equipada com uma correia transportadora para obter opera\u00e7\u00e3o cont\u00ednua da m\u00e1quina, melhorando a efici\u00eancia e economizando horas de trabalho.<\/li>    <li>Toda a m\u00e1quina cortadora de vegetais \u00e9 feita de a\u00e7o inoxid\u00e1vel de alta qualidade, que atende aos padr\u00f5es de exporta\u00e7\u00e3o de alimentos e n\u00e3o contamina os alimentos, al\u00e9m de ter uma longa vida \u00fatil.<\/li>    <li>A m\u00e1quina cortadora de alface utiliza um sistema de convers\u00e3o de dupla frequ\u00eancia, que pode alterar o modo de convers\u00e3o de frequ\u00eancia de acordo com a necessidade do cliente, economizando mais energia do que a m\u00e1quina tradicional.<\/li> <\/ol>    <h2 class=\"wp-block-heading\" id=\"h-veg-cutter-machine-technical-parameters\">Par\u00e2metros t\u00e9cnicos da m\u00e1quina cortadora de vegetais<\/h2>    <figure class=\"wp-block-table\"><table><tbody><tr><td>Modelo<\/td><td>TZ-801<\/td><\/tr><tr><td>Fonte de energia<\/td><td>220v<\/td><\/tr><tr><td>Peso<\/td><td>140kg<\/td><\/tr><tr><td>Tamanho<\/td><td>1160*530*1300mm<\/td><\/tr><tr><td>Capacidade<\/td><td>300-1000kg<\/td><\/tr><tr><td>Poder<\/td><td>2,22 kW<\/td><\/tr><tr><td>Tamanho de corte de vegetais folhosos<\/td><td>1-60 mm<\/td><\/tr><tr><td>Correia transportadora de comprimento<\/td><td>118 mm<\/td><\/tr><\/tbody><\/table><\/figure>    <h2 class=\"wp-block-heading\" id=\"h-automatic-vegetable-cutting-machine-structure\">Estrutura autom\u00e1tica da m\u00e1quina de corte de vegetais<\/h2>    <p>A estrutura principal desta m\u00e1quina de corte de vegetais inclui uma estrutura da m\u00e1quina, pe\u00e7a de alimenta\u00e7\u00e3o, pe\u00e7a de corte, pe\u00e7a de transmiss\u00e3o, pe\u00e7a de circuito CNC, etc. As partes principais da m\u00e1quina s\u00e3o feitas de a\u00e7o inoxid\u00e1vel, e a correia transportadora e a correia de prensagem de vegetais s\u00e3o feitas de borracha n\u00e3o t\u00f3xica para garantir um trabalho a longo prazo. A m\u00e1quina autom\u00e1tica de corte de vegetais n\u00e3o \u00e9 corrosiva, n\u00e3o \u00e9 t\u00f3xica e n\u00e3o \u00e9 prejudicial aos vegetais processados, o que atende aos requisitos dos padr\u00f5es de higiene de m\u00e1quinas de processamento de alimentos.<\/p>    <h2 class=\"wp-block-heading\">Precau\u00e7\u00f5es da m\u00e1quina comercial de corte de vegetais<\/h2>    <p class=\"translation-block\">A m\u00e1quina de corte de vegetais, como maquinaria alimentar, est\u00e1 frequentemente em contacto com uma variedade de materiais; algumas subst\u00e2ncias corroer\u00e3o o cortador da m\u00e1quina de corte de vegetais, o material residual ap\u00f3s o corte de vegetais apodrecer\u00e1 e deteriorar-se-\u00e1, em casos graves, causar\u00e1 problemas de seguran\u00e7a alimentar, pelo que a limpeza e <a href=\"https:\/\/fvmachinery.com\/pt\/Info\/precautions-for-using-commercial-vegetable-cutter\/\">manuten\u00e7\u00e3o<\/a> da m\u00e1quina s\u00e3o muito importantes.<\/p>    <p>Al\u00e9m disso, evite armazenar a m\u00e1quina em ambiente escuro e \u00famido, a aten\u00e7\u00e3o di\u00e1ria aos detalhes ser\u00e1 feita ap\u00f3s reduzir os custos de manuten\u00e7\u00e3o do per\u00edodo e prolongar a vida \u00fatil da m\u00e1quina comercial de corte de vegetais.<\/p>","protected":false},"excerpt":{"rendered":"<p>The commercial vegetable cutting machine is a necessary device for restaurants, canteens, food processing plants, the military, etc. Its efficient work can completely replace manual vegetable cutting, a large number of vegetables can be cut in a short period of time to meet the needs of the hotel production, saving time and labor costs for [&hellip;]<\/p>\n","protected":false},"author":1,"featured_media":86,"parent":0,"template":"","tags":[17],"product-type":[12],"class_list":["post-84","product","type-product","status-publish","has-post-thumbnail","hentry","tag-vegetable-cutting-machine","product-type-cutting-machine"],"_links":{"self":[{"href":"https:\/\/fvmachinery.com\/pt\/wp-json\/wp\/v2\/product\/84","targetHints":{"allow":["GET"]}}],"collection":[{"href":"https:\/\/fvmachinery.com\/pt\/wp-json\/wp\/v2\/product"}],"about":[{"href":"https:\/\/fvmachinery.com\/pt\/wp-json\/wp\/v2\/types\/product"}],"author":[{"embeddable":true,"href":"https:\/\/fvmachinery.com\/pt\/wp-json\/wp\/v2\/users\/1"}],"wp:featuredmedia":[{"embeddable":true,"href":"https:\/\/fvmachinery.com\/pt\/wp-json\/wp\/v2\/media\/86"}],"wp:attachment":[{"href":"https:\/\/fvmachinery.com\/pt\/wp-json\/wp\/v2\/media?parent=84"}],"wp:term":[{"taxonomy":"post_tag","embeddable":true,"href":"https:\/\/fvmachinery.com\/pt\/wp-json\/wp\/v2\/tags?post=84"},{"taxonomy":"product-type","embeddable":true,"href":"https:\/\/fvmachinery.com\/pt\/wp-json\/wp\/v2\/product-type?post=84"}],"curies":[{"name":"wp","href":"https:\/\/api.w.org\/{rel}","templated":true}]}}