{"id":88,"date":"2022-08-25T09:32:40","date_gmt":"2022-08-25T01:32:40","guid":{"rendered":"https:\/\/fvmachinery.com\/?post_type=product&#038;p=88"},"modified":"2022-10-21T14:51:24","modified_gmt":"2022-10-21T06:51:24","slug":"garlic-peeling-machine-for-sale","status":"publish","type":"product","link":"https:\/\/fvmachinery.com\/pt\/product\/vendo-maquina-de-descascar-alho\/","title":{"rendered":"M\u00e1quina descascadora de alho para venda | Removedor autom\u00e1tico de casca de alho"},"content":{"rendered":"<p class=\"translation-block\">A m\u00e1quina de descascar alho \u00e0 venda pode remover rapidamente e de forma eficaz a casca do alho e tamb\u00e9m a casca de castanhas de caju. O processo de descasque n\u00e3o danifica o pr\u00f3prio alho e \u00e9 uma m\u00e1quina essencial para restaurantes, f\u00e1bricas de processamento de alimentos, f\u00e1bricas de temperos, cantinas, etc. A Taizy Machinery oferece dois modelos diferentes de <a href=\"https:\/\/en.wikipedia.org\/wiki\/Garlic\" target=\"_blank\" rel=\"noopener\">m\u00e1quinas de descascar alho<\/a>, incluindo o tipo pequeno e tipo corrente. Os clientes podem decidir qual modelo comprar de acordo com sua produ\u00e7\u00e3o e \u00e1rea da f\u00e1brica.<\/p>   <div class=\"wp-block-image\"> <figure class=\"aligncenter size-full\"><img loading=\"lazy\" decoding=\"async\" width=\"720\" height=\"540\" src=\"https:\/\/fvmachinery.com\/wp-content\/uploads\/2022\/08\/garlic-processing-plant1-1.webp\" alt=\"planta de processamento de alho\" class=\"wp-image-172\" title=\"\" srcset=\"https:\/\/fvmachinery.com\/wp-content\/uploads\/2022\/08\/garlic-processing-plant1-1.webp 720w, https:\/\/fvmachinery.com\/wp-content\/uploads\/2022\/08\/garlic-processing-plant1-1-300x225.webp 300w\" sizes=\"auto, (max-width: 720px) 100vw, 720px\" \/><figcaption>Vendo m\u00e1quina de descascar alho<\/figcaption><\/figure> <\/div>   <h2 class=\"wp-block-heading\" id=\"h-applicable-raw-materials-of-commercial-garlic-peeler\">Mat\u00e9rias-primas aplic\u00e1veis \u200b\u200bde descascador de alho comercial<\/h2>    <p>A m\u00e1quina descascadora de alho \u00e9 adequada para descascar alho seco, cujo alho \u00e9 dividido em dentes, e tamb\u00e9m para descascar amendoim seco, pinh\u00e3o, castanha de caju, avel\u00e3 e produtos agr\u00edcolas com membranas.<\/p>   <div class=\"wp-block-image\"> <figure class=\"aligncenter size-full\"><img loading=\"lazy\" decoding=\"async\" width=\"720\" height=\"540\" src=\"https:\/\/fvmachinery.com\/wp-content\/uploads\/2022\/08\/garlic-peeling-machine-1.jpg\" alt=\"\" class=\"wp-image-282\" title=\"\" srcset=\"https:\/\/fvmachinery.com\/wp-content\/uploads\/2022\/08\/garlic-peeling-machine-1.jpg 720w, https:\/\/fvmachinery.com\/wp-content\/uploads\/2022\/08\/garlic-peeling-machine-1-300x225.jpg 300w\" sizes=\"auto, (max-width: 720px) 100vw, 720px\" \/><figcaption>m\u00e1quina de descascar alho pode remover a casca do alho com efici\u00eancia<\/figcaption><\/figure> <\/div>   <h2 class=\"wp-block-heading\" id=\"h-features-of-garlic-peeling-machine-for-sale\">Caracter\u00edsticas da m\u00e1quina de descascar alho para venda<\/h2>    <ol class=\"wp-block-list\"><li>A m\u00e1quina de descascar alho tem alta efici\u00eancia de trabalho e a taxa de descascamento pode chegar a mais de 98%.<\/li><li>O descascador de alho seco n\u00e3o necessita de \u00e1gua, o que facilita muito o processo de descascamento e n\u00e3o polui o meio ambiente.<\/li><li>Nossa empresa oferece dois tipos de descascadores autom\u00e1ticos de alho, a m\u00e1quina pequena com estrutura compacta e tamanho reduzido, e o descascador autom\u00e1tico de alho tipo corrente com alto rendimento, que \u00e9 adequado para f\u00e1bricas de processamento de alimentos em grande escala. Ambos os modelos s\u00e3o caracterizados por desempenho est\u00e1vel, opera\u00e7\u00e3o segura e f\u00e1cil manuten\u00e7\u00e3o.<\/li><li>Nosso descascador de alho comercial usa a for\u00e7a do compressor de ar para descascar sem danificar a mat\u00e9ria-prima. A m\u00e1quina descascadora de alho adota um princ\u00edpio de descascamento especialmente projetado, para que o alho n\u00e3o utilize outros objetos pontiagudos, como l\u00e2minas, durante o processo de descascamento e n\u00e3o danifique a casca do alho.<\/li><\/ol>    <h2 class=\"wp-block-heading\" id=\"h-garlic-skin-remover-machine-application\">Aplica\u00e7\u00e3o de m\u00e1quina removedora de casca de alho<\/h2>    <p>Esta m\u00e1quina comercial de remo\u00e7\u00e3o de alho \u00e9 usada principalmente para processamento profundo de alho, especialmente para f\u00e1bricas de processamento de alimentos, f\u00e1bricas de produ\u00e7\u00e3o de temperos, militares, restaurantes, escolas, cantinas, varejistas de alho, mercados de agricultores e outras unidades de processamento ou indiv\u00edduos.<\/p>    <h2 class=\"wp-block-heading\" id=\"h-choose-one-garlic-peeling-machine-you-like\">Escolha uma m\u00e1quina de descascar alho que voc\u00ea gosta<\/h2>    <p>A Taizy Machinery oferece dois tipos diferentes de m\u00e1quinas para descascar alho para venda. A pequena m\u00e1quina de descascar alho pode lidar com 60-300 kg de mat\u00e9ria-prima por hora, o que \u00e9 adequado para fam\u00edlias, pequenos restaurantes e pequenas f\u00e1bricas de processamento de vegetais. Adota o princ\u00edpio de peeling pneum\u00e1tico. Durante o processo de descascamento, a m\u00e1quina n\u00e3o danifica em nada os dentes de alho e a taxa de descascamento \u00e9 de at\u00e9 95%. A seguir est\u00e3o os diferentes modelos de pequenas m\u00e1quinas de descascar.<\/p>   <div class=\"wp-block-image\"> <figure class=\"aligncenter size-full\"><img loading=\"lazy\" decoding=\"async\" width=\"750\" height=\"540\" src=\"https:\/\/fvmachinery.com\/wp-content\/uploads\/2022\/08\/small-dry-garlic-peeling-machine.jpg\" alt=\"pequena m\u00e1quina de descascar alho seco\" class=\"wp-image-208\" title=\"\" srcset=\"https:\/\/fvmachinery.com\/wp-content\/uploads\/2022\/08\/small-dry-garlic-peeling-machine.jpg 750w, https:\/\/fvmachinery.com\/wp-content\/uploads\/2022\/08\/small-dry-garlic-peeling-machine-300x216.jpg 300w\" sizes=\"auto, (max-width: 750px) 100vw, 750px\" \/><figcaption>Vendo m\u00e1quina de descascar alho<\/figcaption><\/figure> <\/div>   <figure class=\"wp-block-table\"><table><tbody><tr><td>Modelo<\/td><td>TZ-100<\/td><td>TZ-150<\/td><td>TZ-300<\/td><\/tr><tr><td>Capacidade<\/td><td>60-100 kg\/hora<\/td><td>100-150 kg\/hora<\/td><td>200-300 kg\/hora<\/td><\/tr><tr><td>Fluxo de ar<\/td><td>1,05m\u00b3\/min<\/td><td>1,60m\u00b3\/min<\/td><td>4m\u00b3\/min<\/td><\/tr><tr><td>Com poder a\u00e9reo<\/td><td>5,5-7,5 kW<\/td><td>7,5-11 kW<\/td><td>15 kW<\/td><\/tr><tr><td>Com press\u00e3o de ar<\/td><td>7-9g\/c\u33a1<\/td><td>7-9g\/c\u33a1<\/td><td>7-9g\/c\u33a1<\/td><\/tr><tr><td>Poder total<\/td><td>0,2 kW<\/td><td>0,2 kW<\/td><td>0,4 kW<\/td><\/tr><tr><td>Taxa de descascamento<\/td><td>95-98%<\/td><td>95-98%<\/td><td>95-98%<\/td><\/tr><tr><td>Tamanho<\/td><td>600*600*1350mm<\/td><td>650*950*1750mm<\/td><td>650*950*1750mm<\/td><\/tr><tr><td>Peso<\/td><td>65kg<\/td><td>800kg<\/td><td>850kg<\/td><\/tr><\/tbody><\/table><\/figure>    <p>A capacidade de produ\u00e7\u00e3o da m\u00e1quina descascadora de alho tipo corrente para venda \u00e9 maior, podendo lidar com 200-1000kg de dentes de alho por hora, adequada para grandes f\u00e1bricas de processamento de alimentos, militares, grandes restaurantes, temperos, etc. de descascador de alho de corrente.<\/p>   <div class=\"wp-block-image\"> <figure class=\"aligncenter size-full\"><img loading=\"lazy\" decoding=\"async\" width=\"720\" height=\"540\" src=\"https:\/\/fvmachinery.com\/wp-content\/uploads\/2022\/08\/chain-type-garlic-peeling-machine1.webp\" alt=\"m\u00e1quina de descascar alho tipo corrente\" class=\"wp-image-162\" title=\"\" srcset=\"https:\/\/fvmachinery.com\/wp-content\/uploads\/2022\/08\/chain-type-garlic-peeling-machine1.webp 720w, https:\/\/fvmachinery.com\/wp-content\/uploads\/2022\/08\/chain-type-garlic-peeling-machine1-300x225.webp 300w\" sizes=\"auto, (max-width: 720px) 100vw, 720px\" \/><figcaption>Venda m\u00e1quina de descascar alho tipo corrente<\/figcaption><\/figure> <\/div>   <figure class=\"wp-block-table\"><table><tbody><tr><td>Tipo<\/td><td>Tens\u00e3o<\/td><td>Poder<\/td><td>Tamanho<\/td><td>Peso<\/td><td>Sa\u00edda<\/td><\/tr><tr><td>200<\/td><td>110-220-380V<\/td><td>1100W<\/td><td>130*<em>55<\/em>*140CM<\/td><td>150KG<\/td><td>200kg\/hora<\/td><\/tr><tr><td>400<\/td><td>110-220-380V<\/td><td>1200 W<\/td><td>162*<em>55<\/em>*140CM<\/td><td>250KG<\/td><td>400kg\/hora<\/td><\/tr><tr><td>600<\/td><td>110-220-380V<\/td><td>1500W<\/td><td>182*<em>60*<\/em>140cm<\/td><td>350KG<\/td><td>600kg\/hora<\/td><\/tr><tr><td>1000<\/td><td>110-220-380V<\/td><td>3000W<\/td><td>280*<em>98*<\/em>170CM<\/td><td>500KG<\/td><td>1000kg\/hora<\/td><\/tr><\/tbody><\/table><\/figure>    <h2 class=\"wp-block-heading\" id=\"h-recommended-garlic-processing-line\">Linha de processamento de alho recomendada<\/h2>   <div class=\"wp-block-image\"> <figure class=\"aligncenter size-full\"><img loading=\"lazy\" decoding=\"async\" width=\"720\" height=\"540\" src=\"https:\/\/fvmachinery.com\/wp-content\/uploads\/2022\/08\/garlic-processing-equipment-in-Taizy-factory.jpg\" alt=\"equipamento de processamento de alho na f\u00e1brica de Taizy\" class=\"wp-image-210\" title=\"\" srcset=\"https:\/\/fvmachinery.com\/wp-content\/uploads\/2022\/08\/garlic-processing-equipment-in-Taizy-factory.jpg 720w, https:\/\/fvmachinery.com\/wp-content\/uploads\/2022\/08\/garlic-processing-equipment-in-Taizy-factory-300x225.jpg 300w\" sizes=\"auto, (max-width: 720px) 100vw, 720px\" \/><figcaption>equipamento de processamento de alho na f\u00e1brica de Taizy<\/figcaption><\/figure> <\/div>  <div class=\"wp-block-image\"> <figure class=\"aligncenter size-full\"><img loading=\"lazy\" decoding=\"async\" width=\"720\" height=\"540\" src=\"https:\/\/fvmachinery.com\/wp-content\/uploads\/2022\/08\/continuous-garlic-splitting-peeling-plant.jpg\" alt=\"\" class=\"wp-image-211\" title=\"\" srcset=\"https:\/\/fvmachinery.com\/wp-content\/uploads\/2022\/08\/continuous-garlic-splitting-peeling-plant.jpg 720w, https:\/\/fvmachinery.com\/wp-content\/uploads\/2022\/08\/continuous-garlic-splitting-peeling-plant-300x225.jpg 300w\" sizes=\"auto, (max-width: 720px) 100vw, 720px\" \/><figcaption>linha de processamento de alho<\/figcaption><\/figure> <\/div>   <p class=\"translation-block\">A <strong><a href=\"https:\/\/fvmachinery.com\/pt\/product\/planta-de-processamento-de-alho\/\">linha de processamento de alho<\/a><\/strong> comum pode transformar uma cabe\u00e7a inteira de alho em dentes de alho limpos de alta qualidade. As etapas incluem divis\u00e3o, descasque, limpeza, sele\u00e7\u00e3o de cores, secagem e, finalmente, embalagem. A linha de processamento inclui uma m\u00e1quina de divis\u00e3o de alho, m\u00e1quina de descascar alho \u00e0 venda, m\u00e1quina de lavagem por bolhas, m\u00e1quina de sele\u00e7\u00e3o de cores, m\u00e1quina de secagem de alho e m\u00e1quina de embalagem. Esta linha possui um alto n\u00edvel de automa\u00e7\u00e3o e alta produ\u00e7\u00e3o e pode processar de 500 a 3000 kg de alho. Se voc\u00ea estiver interessado, entre em contato conosco agora.<\/p>","protected":false},"excerpt":{"rendered":"<p>The garlic peeling machine for sale can quickly and effectively remove the skin of garlic and also the skin of cashew nuts. The peeling process does not damage the garlic itself and is an essential machine for restaurants, food processing plants, seasoning plants, canteens, etc. Taizy Machinery offers two different models of garlic peeling machines, [&hellip;]<\/p>\n","protected":false},"author":1,"featured_media":91,"parent":0,"template":"","tags":[22],"product-type":[13],"class_list":["post-88","product","type-product","status-publish","has-post-thumbnail","hentry","tag-garlic-peeling-machine","product-type-peeling-machine"],"_links":{"self":[{"href":"https:\/\/fvmachinery.com\/pt\/wp-json\/wp\/v2\/product\/88","targetHints":{"allow":["GET"]}}],"collection":[{"href":"https:\/\/fvmachinery.com\/pt\/wp-json\/wp\/v2\/product"}],"about":[{"href":"https:\/\/fvmachinery.com\/pt\/wp-json\/wp\/v2\/types\/product"}],"author":[{"embeddable":true,"href":"https:\/\/fvmachinery.com\/pt\/wp-json\/wp\/v2\/users\/1"}],"wp:featuredmedia":[{"embeddable":true,"href":"https:\/\/fvmachinery.com\/pt\/wp-json\/wp\/v2\/media\/91"}],"wp:attachment":[{"href":"https:\/\/fvmachinery.com\/pt\/wp-json\/wp\/v2\/media?parent=88"}],"wp:term":[{"taxonomy":"post_tag","embeddable":true,"href":"https:\/\/fvmachinery.com\/pt\/wp-json\/wp\/v2\/tags?post=88"},{"taxonomy":"product-type","embeddable":true,"href":"https:\/\/fvmachinery.com\/pt\/wp-json\/wp\/v2\/product-type?post=88"}],"curies":[{"name":"wp","href":"https:\/\/api.w.org\/{rel}","templated":true}]}}