{"id":944,"date":"2024-03-14T16:30:24","date_gmt":"2024-03-14T08:30:24","guid":{"rendered":"https:\/\/fvmachinery.com\/?post_type=product&#038;p=944"},"modified":"2024-03-20T15:20:53","modified_gmt":"2024-03-20T07:20:53","slug":"garlic-slicer-machine","status":"publish","type":"product","link":"https:\/\/fvmachinery.com\/pt\/product\/maquina-de-fatiar-alho\/","title":{"rendered":"M\u00e1quina de fatiar alho"},"content":{"rendered":"<p>A m\u00e1quina cortadora de alho \u00e9 um tipo de m\u00e1quina usada para cortar o alho em fatias finas. \u00c9 f\u00e1cil de operar, bastando colocar o alho na porta de alimenta\u00e7\u00e3o. Ele pode concluir o corte automaticamente, economizar tempo e esfor\u00e7o e est\u00e1 equipado com prote\u00e7\u00f5es de seguran\u00e7a, seguras e confi\u00e1veis. A m\u00e1quina de corte de alho \u00e9 amplamente utilizada na ind\u00fastria dom\u00e9stica, de catering, de processamento de alimentos e em outros campos.<\/p>   <div class=\"wp-block-image\"> <figure class=\"aligncenter size-full\"><img loading=\"lazy\" decoding=\"async\" width=\"540\" height=\"720\" src=\"https:\/\/fvmachinery.com\/wp-content\/uploads\/2024\/03\/garlic-slicer-machine-function-1.webp\" alt=\"fun\u00e7\u00e3o de m\u00e1quina de fatiador de alho\" class=\"wp-image-958\" title=\"\" srcset=\"https:\/\/fvmachinery.com\/wp-content\/uploads\/2024\/03\/garlic-slicer-machine-function-1.webp 540w, https:\/\/fvmachinery.com\/wp-content\/uploads\/2024\/03\/garlic-slicer-machine-function-1-225x300.webp 225w\" sizes=\"auto, (max-width: 540px) 100vw, 540px\" \/><figcaption class=\"wp-element-caption\">fun\u00e7\u00e3o de m\u00e1quina de fatiador de alho<\/figcaption><\/figure> <\/div>   <h2 class=\"wp-block-heading\"><strong>Como funciona a m\u00e1quina de cortar alho<\/strong> <strong>trabalhar<\/strong>? <\/h2>    <p class=\"translation-block\"><strong>Alimenta\u00e7\u00e3o<\/strong>: carregar continuamente os materiais na entrada de alimenta\u00e7\u00e3o ap\u00f3s ligar a m\u00e1quina. <\/p>    <p class=\"translation-block\"><strong>Fatiamento<\/strong>: os materiais s\u00e3o fatiados cenfetricamente \u00e0 medida que interagem com o mecanismo de corte, permitindo fatiamento cont\u00ednuo. <\/p>    <p class=\"translation-block\"><strong>Descarga<\/strong>: o material fatiado sai pela sa\u00edda de descarga.<\/p>    <figure class=\"wp-block-embed is-type-video is-provider-youtube wp-block-embed-youtube wp-embed-aspect-16-9 wp-has-aspect-ratio\"><div class=\"wp-block-embed__wrapper\"> <iframe loading=\"lazy\" title=\"M\u00e1quina comercial de fatiar alho: 350kg de fatias de alho s\u00e3o produzidas por hora#cuttingmachine\" width=\"500\" height=\"281\" src=\"https:\/\/www.youtube.com\/embed\/VBa6ysOWk-Y?feature=oembed\" frameborder=\"0\" allow=\"accelerometer; autoplay; clipboard-write; encrypted-media; gyroscope; picture-in-picture; web-share\" referrerpolicy=\"strict-origin-when-cross-origin\" allowfullscreen><\/iframe> <\/div><\/figure>    <h2 class=\"wp-block-heading\"><strong>Estrutura de<\/strong> <strong>m\u00e1quina de cortar alho<\/strong><\/h2>    <p>A estrutura deste cortador de alho \u00e9 muito simples. Consiste em corpo, l\u00e2mina, disco, motor de cobre puro, entrada e sa\u00edda. A partir disso, voc\u00ea pode entender facilmente a m\u00e1quina e us\u00e1-la bem e rapidamente.<\/p>    <figure class=\"wp-block-gallery has-nested-images columns-default is-cropped wp-block-gallery-2 is-layout-flex wp-block-gallery-is-layout-flex\"> <figure class=\"wp-block-image size-full\"><img loading=\"lazy\" decoding=\"async\" width=\"540\" height=\"720\" data-id=\"953\" src=\"https:\/\/fvmachinery.com\/wp-content\/uploads\/2024\/03\/garlic-Cutter-machine-with-simple-structure.webp\" alt=\"M\u00e1quina cortadora de alho com estrutura simples\" class=\"wp-image-953\" title=\"\" srcset=\"https:\/\/fvmachinery.com\/wp-content\/uploads\/2024\/03\/garlic-Cutter-machine-with-simple-structure.webp 540w, https:\/\/fvmachinery.com\/wp-content\/uploads\/2024\/03\/garlic-Cutter-machine-with-simple-structure-225x300.webp 225w\" sizes=\"auto, (max-width: 540px) 100vw, 540px\" \/><figcaption class=\"wp-element-caption\">M\u00e1quina cortadora de alho com estrutura simples<\/figcaption><\/figure>    <figure class=\"wp-block-image size-full\"><img loading=\"lazy\" decoding=\"async\" width=\"540\" height=\"720\" data-id=\"952\" src=\"https:\/\/fvmachinery.com\/wp-content\/uploads\/2024\/03\/garlic-slicer-machine-in-the-factory.webp\" alt=\"m\u00e1quina de fatiar alho na f\u00e1brica\" class=\"wp-image-952\" title=\"\" srcset=\"https:\/\/fvmachinery.com\/wp-content\/uploads\/2024\/03\/garlic-slicer-machine-in-the-factory.webp 540w, https:\/\/fvmachinery.com\/wp-content\/uploads\/2024\/03\/garlic-slicer-machine-in-the-factory-225x300.webp 225w\" sizes=\"auto, (max-width: 540px) 100vw, 540px\" \/><figcaption class=\"wp-element-caption\">M\u00e1quina cortadora de alho na f\u00e1brica<\/figcaption><\/figure> <\/figure>    <h2 class=\"wp-block-heading\"><strong>Vantagens de<\/strong> <strong>fatiador de alho<\/strong><\/h2>    <ul class=\"wp-block-list\"> <li>Espessura uniforme das fatias de alho, sem quebrar.<\/li>    <li>A\u00e7o inoxid\u00e1vel, robusto e resistente ao desgaste, resistente \u00e0 corros\u00e3o.<\/li>    <li>F\u00e1cil de operar, seguro e confi\u00e1vel. Coloque os dentes de alho na entrada de alimenta\u00e7\u00e3o e simplesmente pressione o bot\u00e3o liga\/desliga para ligar ou desligar a m\u00e1quina.<\/li>    <li>Pequeno em tamanho e f\u00e1cil de mover. E podemos personalizar a roda, se necess\u00e1rio\uff01<\/li>    <li>Pode ser usado em conjunto com a linha de processamento de alho.<\/li> <\/ul>    <h2 class=\"wp-block-heading\"><strong>FAQ da m\u00e1quina de corte de alho<\/strong><\/h2>   <div id=\"rank-math-faq\" class=\"rank-math-block\"> <div class=\"rank-math-list\"> <div id=\"faq-question-1710237985225\" class=\"rank-math-list-item\"> <h3 class=\"rank-math-question\">Esta m\u00e1quina de fatiar alho \u00e9 adequada apenas para alho?<\/h3> <div class=\"rank-math-answer\">  <p>Voc\u00ea n\u00e3o s\u00f3 pode fatiar o alho, mas tamb\u00e9m \u00e9 adequado para vegetais s\u00f3lidos como gengibre, cebola, pepino, taro, etc. do tamanho certo.<\/p>  <\/div> <\/div> <div id=\"faq-question-1710238204806\" class=\"rank-math-list-item\"> <h3 class=\"rank-math-question\">\u00c9 f\u00e1cil de limpar?<\/h3> <div class=\"rank-math-answer\">  <p>O procedimento de limpeza consiste em desconectar a fonte de alimenta\u00e7\u00e3o, abrir a l\u00e2mina com uma chave de fenda, remover a l\u00e2mina, limpar a l\u00e2mina com \u00e1gua morna e detergente e instalar a l\u00e2mina.<\/p>  <\/div> <\/div> <div id=\"faq-question-1710238603518\" class=\"rank-math-list-item\"> <h3 class=\"rank-math-question\">Voc\u00ea pode alterar a voltagem da m\u00e1quina?<\/h3> <div class=\"rank-math-answer\">  <p>N\u00e3o se preocupe, podemos personaliz\u00e1-lo de acordo com o padr\u00e3o de voltagem do seu pa\u00eds.<\/p>  <\/div> <\/div> <\/div> <\/div>  <div class=\"wp-block-image\"> <figure class=\"aligncenter size-full\"><img loading=\"lazy\" decoding=\"async\" width=\"540\" height=\"720\" src=\"https:\/\/fvmachinery.com\/wp-content\/uploads\/2024\/03\/garlic-slicer-machine-for-sale.webp\" alt=\"Vendo m\u00e1quina de fatiar alho\" class=\"wp-image-956\" title=\"\" srcset=\"https:\/\/fvmachinery.com\/wp-content\/uploads\/2024\/03\/garlic-slicer-machine-for-sale.webp 540w, https:\/\/fvmachinery.com\/wp-content\/uploads\/2024\/03\/garlic-slicer-machine-for-sale-225x300.webp 225w\" sizes=\"auto, (max-width: 540px) 100vw, 540px\" \/><figcaption class=\"wp-element-caption\">Vendo m\u00e1quina de fatiar alho<\/figcaption><\/figure> <\/div>   <h2 class=\"wp-block-heading\"><strong>Exportou 5 m\u00e1quinas de corte de alho para uma f\u00e1brica na Tail\u00e2ndia<\/strong><\/h2>    <p>O cliente tailand\u00eas queria uma melhoria significativa na velocidade de fatiamento do alho e adquiriu a m\u00e1quina para produ\u00e7\u00e3o de pasta de alho. <\/p>    <p>Portanto, ele viu as m\u00e1quinas \u00e0 venda e perguntou ao gerente de vendas se tal m\u00e1quina poderia ser enviada para a Tail\u00e2ndia. Nosso gerente de vendas recomendou este cortador de alho e enviou-lhe informa\u00e7\u00f5es sobre a m\u00e1quina (par\u00e2metros, fotos, v\u00eddeo de funcionamento, configura\u00e7\u00e3o, etc.). <\/p>    <p>O cliente tailand\u00eas ficou muito satisfeito com a m\u00e1quina e fez o pedido imediatamente.<\/p>    <p class=\"translation-block\">Para al\u00e9m desta m\u00e1quina cortadora de alho, tamb\u00e9m temos<strong><a href=\"https:\/\/fvmachinery.com\/pt\/product\/vendo-maquina-de-descascar-alho\/\"> m\u00e1quinas de descascar alho<\/a><\/strong>. Se estiver interessado, contacte-nos para mais detalhes!<\/p>    <figure class=\"wp-block-gallery has-nested-images columns-default is-cropped wp-block-gallery-3 is-layout-flex wp-block-gallery-is-layout-flex\"> <figure class=\"wp-block-image size-full\"><img loading=\"lazy\" decoding=\"async\" width=\"540\" height=\"720\" data-id=\"954\" src=\"https:\/\/fvmachinery.com\/wp-content\/uploads\/2024\/03\/packed-garlic-slicer-machine.webp\" alt=\"m\u00e1quina de fatiar alho embalado\" class=\"wp-image-954\" title=\"\" srcset=\"https:\/\/fvmachinery.com\/wp-content\/uploads\/2024\/03\/packed-garlic-slicer-machine.webp 540w, https:\/\/fvmachinery.com\/wp-content\/uploads\/2024\/03\/packed-garlic-slicer-machine-225x300.webp 225w\" sizes=\"auto, (max-width: 540px) 100vw, 540px\" \/><figcaption class=\"wp-element-caption\">M\u00e1quina cortadora de alho embalada<\/figcaption><\/figure>    <figure class=\"wp-block-image size-full\"><img loading=\"lazy\" decoding=\"async\" width=\"540\" height=\"720\" data-id=\"955\" src=\"https:\/\/fvmachinery.com\/wp-content\/uploads\/2024\/03\/garlic-cutting-machine-to-be-shipped-soon.jpg\" alt=\"m\u00e1quina de corte de alho ser\u00e1 enviada em breve\" class=\"wp-image-955\" title=\"\" srcset=\"https:\/\/fvmachinery.com\/wp-content\/uploads\/2024\/03\/garlic-cutting-machine-to-be-shipped-soon.jpg 540w, https:\/\/fvmachinery.com\/wp-content\/uploads\/2024\/03\/garlic-cutting-machine-to-be-shipped-soon-225x300.jpg 225w\" sizes=\"auto, (max-width: 540px) 100vw, 540px\" \/><figcaption class=\"wp-element-caption\">M\u00e1quina de corte de alho ser\u00e1 enviada em breve<\/figcaption><\/figure> <\/figure>    <h2 class=\"wp-block-heading\"><strong>Par\u00e2metros da m\u00e1quina cortadora de alho tipo venda quente<\/strong><\/h2>    <figure class=\"wp-block-table\"><table><tbody><tr><td class=\"has-text-align-center\" data-align=\"center\"><strong>Tens\u00e3o<\/strong><\/td><td class=\"has-text-align-center\" data-align=\"center\">380v<\/td><\/tr><tr><td class=\"has-text-align-center\" data-align=\"center\"><strong>Poder de apoio<\/strong><\/td><td class=\"has-text-align-center\" data-align=\"center\">0,75 kW<\/td><\/tr><tr><td class=\"has-text-align-center\" data-align=\"center\"><strong>Peso<\/strong><\/td><td class=\"has-text-align-center\" data-align=\"center\">75kg<\/td><\/tr><tr><td class=\"has-text-align-center\" data-align=\"center\"><strong>Tamanho (C*L*A)<\/strong><\/td><td class=\"has-text-align-center\" data-align=\"center\">100*73*95cm<\/td><\/tr><tr><td class=\"has-text-align-center\" data-align=\"center\"><strong>Sa\u00edda<\/strong><\/td><td class=\"has-text-align-center\" data-align=\"center\">300kg\/H<\/td><\/tr><\/tbody><\/table><figcaption class=\"wp-element-caption\">Par\u00e2metros da m\u00e1quina cortadora de alho<\/figcaption><\/figure>    <h2 class=\"wp-block-heading\"><strong>Compre processo de fatiador de alho<\/strong><\/h2>    <ol class=\"wp-block-list\"> <li><strong>Contacte-nos para uma cota\u00e7\u00e3o<\/strong>: informe-nos sobre suas necessidades e designaremos um gerente de vendas profissional para lhe fornecer informa\u00e7\u00f5es detalhadas.<\/li>    <li><strong>Conhe\u00e7a a m\u00e1quina em detalhes<\/strong>: converse com um gerente profissional para se familiarizar com a m\u00e1quina e entender profundamente suas necessidades.<\/li>    <li><strong>Identifique a m\u00e1quina cortadora de alho<\/strong>: especifique o tipo de m\u00e1quina desejada e os detalhes.<\/li>    <li><strong>Assinando o contrato e pagando o dep\u00f3sito<\/strong>: ambas as partes assinam o contrato e voc\u00ea paga o adiantamento.<\/li>    <li><strong>Produ\u00e7\u00e3o de m\u00e1quinas<\/strong>: a f\u00e1brica come\u00e7a a produzir a m\u00e1quina e informa regularmente sobre o andamento da produ\u00e7\u00e3o.<\/li>    <li><strong>Confirma\u00e7\u00e3o de conclus\u00e3o da m\u00e1quina e pagamento final<\/strong>: ap\u00f3s a conclus\u00e3o da m\u00e1quina e a confirma\u00e7\u00e3o das fotos e v\u00eddeos, voc\u00ea paga o saldo.<\/li>    <li><strong>Embalagem e transporte<\/strong>: as m\u00e1quinas geralmente s\u00e3o enviadas por via mar\u00edtima at\u00e9 o seu destino.<\/li> <\/ol>    <p>Em caso de circunst\u00e2ncias especiais, ambas as partes poder\u00e3o negociar. Temos a melhor atitude e qualidade de servi\u00e7o, podemos ajud\u00e1-lo 24 horas por dia, fique \u00e0 vontade para fazer um or\u00e7amento se tiver interesse. Aguardamos sua consulta!<\/p>","protected":false},"excerpt":{"rendered":"<p>The garlic slicer machine is a kind of machine used to cut garlic into thin slices. It is easy to operate, only need to put garlic into the feeding port. It can automatically complete the cutting, save time and effort, and is equipped with safety guards, safe and reliable. The garlic cutting machine is widely [&hellip;]<\/p>\n","protected":false},"author":1,"featured_media":980,"parent":0,"template":"","tags":[],"product-type":[12],"class_list":["post-944","product","type-product","status-publish","has-post-thumbnail","hentry","product-type-cutting-machine"],"_links":{"self":[{"href":"https:\/\/fvmachinery.com\/pt\/wp-json\/wp\/v2\/product\/944","targetHints":{"allow":["GET"]}}],"collection":[{"href":"https:\/\/fvmachinery.com\/pt\/wp-json\/wp\/v2\/product"}],"about":[{"href":"https:\/\/fvmachinery.com\/pt\/wp-json\/wp\/v2\/types\/product"}],"author":[{"embeddable":true,"href":"https:\/\/fvmachinery.com\/pt\/wp-json\/wp\/v2\/users\/1"}],"wp:featuredmedia":[{"embeddable":true,"href":"https:\/\/fvmachinery.com\/pt\/wp-json\/wp\/v2\/media\/980"}],"wp:attachment":[{"href":"https:\/\/fvmachinery.com\/pt\/wp-json\/wp\/v2\/media?parent=944"}],"wp:term":[{"taxonomy":"post_tag","embeddable":true,"href":"https:\/\/fvmachinery.com\/pt\/wp-json\/wp\/v2\/tags?post=944"},{"taxonomy":"product-type","embeddable":true,"href":"https:\/\/fvmachinery.com\/pt\/wp-json\/wp\/v2\/product-type?post=944"}],"curies":[{"name":"wp","href":"https:\/\/api.w.org\/{rel}","templated":true}]}}