{"id":959,"date":"2024-03-14T16:41:24","date_gmt":"2024-03-14T08:41:24","guid":{"rendered":"https:\/\/fvmachinery.com\/?post_type=product&#038;p=959"},"modified":"2024-04-08T14:32:26","modified_gmt":"2024-04-08T06:32:26","slug":"sugar-cane-peeler-machine","status":"publish","type":"product","link":"https:\/\/fvmachinery.com\/pt\/product\/maquina-descascadora-de-cana-de-acucar\/","title":{"rendered":"M\u00e1quina descascadora de cana-de-a\u00e7\u00facar"},"content":{"rendered":"<p>O descascador de cana-de-a\u00e7\u00facar \u00e9 um dispositivo automatizado que remove a casca externa da cana-de-a\u00e7\u00facar de forma r\u00e1pida e eficiente, o que \u00e9 mais r\u00e1pido e seguro para plantas agr\u00edcolas de processamento de alimentos e ind\u00fastria de catering em compara\u00e7\u00e3o ao descascamento manual de cana-de-a\u00e7\u00facar.<\/p>    <h2 class=\"wp-block-heading\">Demanda de mercado por cana-de-a\u00e7\u00facar<\/h2>    <p>A demanda do mercado por cana-de-a\u00e7\u00facar \u00e9 influenciada por v\u00e1rios fatores, incluindo o crescimento populacional, mudan\u00e7as nos h\u00e1bitos alimentares, aplica\u00e7\u00f5es industriais e pol\u00edticas governamentais.<\/p>    <p class=\"translation-block\"><strong>Changing Dietary Habits<\/strong>: Changes in dietary habits, particularly in emerging economies, where there is a shift towards more processed and sugary foods, contribute to increased demand for sugar cane. Rising disposable incomes and urbanization also play a role in this trend.<\/p>    <figure class=\"wp-block-gallery has-nested-images columns-default is-cropped wp-block-gallery-2 is-layout-flex wp-block-gallery-is-layout-flex\"> <figure class=\"wp-block-image size-large\"><img loading=\"lazy\" decoding=\"async\" width=\"720\" height=\"540\" data-id=\"1020\" src=\"https:\/\/fvmachinery.com\/wp-content\/uploads\/2024\/03\/obtain-sugar-from-sugarcane.webp\" alt=\"obter a\u00e7\u00facar da cana-de-a\u00e7\u00facar\" class=\"wp-image-1020\" title=\"\" srcset=\"https:\/\/fvmachinery.com\/wp-content\/uploads\/2024\/03\/obtain-sugar-from-sugarcane.webp 720w, https:\/\/fvmachinery.com\/wp-content\/uploads\/2024\/03\/obtain-sugar-from-sugarcane-300x225.webp 300w, https:\/\/fvmachinery.com\/wp-content\/uploads\/2024\/03\/obtain-sugar-from-sugarcane-16x12.webp 16w\" sizes=\"auto, (max-width: 720px) 100vw, 720px\" \/><figcaption class=\"wp-element-caption\">Obtenha a\u00e7\u00facar da cana-de-a\u00e7\u00facar<\/figcaption><\/figure>    <figure class=\"wp-block-image size-large\"><img loading=\"lazy\" decoding=\"async\" width=\"720\" height=\"540\" data-id=\"1021\" src=\"https:\/\/fvmachinery.com\/wp-content\/uploads\/2024\/03\/sugar-cane-juice.webp\" alt=\"caldo de cana\" class=\"wp-image-1021\" title=\"\" srcset=\"https:\/\/fvmachinery.com\/wp-content\/uploads\/2024\/03\/sugar-cane-juice.webp 720w, https:\/\/fvmachinery.com\/wp-content\/uploads\/2024\/03\/sugar-cane-juice-300x225.webp 300w, https:\/\/fvmachinery.com\/wp-content\/uploads\/2024\/03\/sugar-cane-juice-16x12.webp 16w\" sizes=\"auto, (max-width: 720px) 100vw, 720px\" \/><figcaption class=\"wp-element-caption\">Caldo de cana<\/figcaption><\/figure> <\/figure>    <p class=\"translation-block\"><strong>Industrial Applications<\/strong>: Sugar cane is not only used for direct consumption but also serves as a key ingredient in various industrial applications. It is utilized in the production of ethanol for biofuels, as well as in the pharmaceutical, cosmetics, and chemical industries. The demand for these products can influence the demand for sugar cane.<\/p>    <h2 class=\"wp-block-heading\">Por que voc\u00ea precisa de uma m\u00e1quina descascadora de cana-de-a\u00e7\u00facar?<\/h2>    <p>A casca da cana-de-a\u00e7\u00facar \u00e9 dura, o descascamento manual tradicional \u00e9 demorado. A cana-de-a\u00e7\u00facar descascada \u00e9 mais suscet\u00edvel a bact\u00e9rias transportadas pelo ar, pois perde a camada protetora da pele. Ao descascar, se as facas n\u00e3o forem esterilizadas ou reutilizadas e n\u00e3o limpas a tempo, microorganismos da superf\u00edcie podem ser trazidos para dentro da cana-de-a\u00e7\u00facar. A m\u00e1quina descascadora de cana leva apenas 13 segundos para processar uma cana, que \u00e9 mais lisa e limpa.<\/p>   <div class=\"wp-block-image\"> <figure class=\"aligncenter size-full\"><img loading=\"lazy\" decoding=\"async\" width=\"634\" height=\"375\" src=\"https:\/\/fvmachinery.com\/wp-content\/uploads\/2024\/03\/sugar-cane-peeler-machine-better-option-1.webp\" alt=\"descascador de cana-de-a\u00e7\u00facar\u00a0melhor op\u00e7\u00e3o de m\u00e1quina\" class=\"wp-image-1001\" title=\"\" srcset=\"https:\/\/fvmachinery.com\/wp-content\/uploads\/2024\/03\/sugar-cane-peeler-machine-better-option-1.webp 634w, https:\/\/fvmachinery.com\/wp-content\/uploads\/2024\/03\/sugar-cane-peeler-machine-better-option-1-300x177.webp 300w, https:\/\/fvmachinery.com\/wp-content\/uploads\/2024\/03\/sugar-cane-peeler-machine-better-option-1-18x12.webp 18w\" sizes=\"auto, (max-width: 634px) 100vw, 634px\" \/><figcaption class=\"wp-element-caption\">descascador de cana-de-a\u00e7\u00facar\u00a0melhor op\u00e7\u00e3o de m\u00e1quina<\/figcaption><\/figure> <\/div>   <h2 class=\"wp-block-heading\">Estrutura e processo de trabalho da m\u00e1quina<\/h2>    <p class=\"translation-block\"><strong>Feeding stage<\/strong>: Press the on button. Sugar cane first enters into the conveying system through the inlet, the motor-driven conveyor belt or roller structure steadily advances single or multiple canes towards the peeling zone. <\/p>    <p class=\"translation-block\"><strong>Peeling stage<\/strong>: high-speed rotating knives or scrapers begin to contact the surface of the sugarcane. <\/p>    <p>Essas facas s\u00e3o geralmente feitas de a\u00e7o inoxid\u00e1vel com alta dureza e resist\u00eancia ao desgaste. A trajet\u00f3ria de movimento das facas ou raspadores \u00e9 projetada com precis\u00e3o para descascar rapidamente a casca externa da cana em um instante, sem danificar a polpa interna. <\/p>   <div class=\"wp-block-image\"> <figure class=\"aligncenter size-full\"><img loading=\"lazy\" decoding=\"async\" width=\"720\" height=\"540\" src=\"https:\/\/fvmachinery.com\/wp-content\/uploads\/2024\/03\/structure-of-sugar-cane-peeler-machine-.webp\" alt=\"estrutura da m\u00e1quina descascadora de cana-de-a\u00e7\u00facar\" class=\"wp-image-961\" title=\"\" srcset=\"https:\/\/fvmachinery.com\/wp-content\/uploads\/2024\/03\/structure-of-sugar-cane-peeler-machine-.webp 720w, https:\/\/fvmachinery.com\/wp-content\/uploads\/2024\/03\/structure-of-sugar-cane-peeler-machine--300x225.webp 300w\" sizes=\"auto, (max-width: 720px) 100vw, 720px\" \/><figcaption class=\"wp-element-caption\">estrutura da m\u00e1quina descascadora de cana-de-a\u00e7\u00facar<\/figcaption><\/figure> <\/div>   <p>Adotando uma cabe\u00e7a de corte escalonada em forma de anel e multicamadas, a rota\u00e7\u00e3o cont\u00ednua e a for\u00e7a de fric\u00e7\u00e3o na superf\u00edcie de contato com a cana-de-a\u00e7\u00facar criam um efeito de cisalhamento para realizar um descascamento eficiente. <\/p>    <p class=\"translation-block\"><strong>Discharge stage<\/strong>: The discharge process is usually smooth and organized, ensuring that the sugarcane leaves the machine unimpeded and ready for the next operation or packaging.<\/p>    <p>Al\u00e9m disso, quanto \u00e0 movimenta\u00e7\u00e3o da m\u00e1quina, estamos equipados com rodas dobr\u00e1veis \u200b\u200bpara facilitar a movimenta\u00e7\u00e3o e limpeza dos res\u00edduos de casca.<\/p>    <figure class=\"wp-block-embed is-type-video is-provider-youtube wp-block-embed-youtube wp-embed-aspect-16-9 wp-has-aspect-ratio\"><div class=\"wp-block-embed__wrapper\"> <iframe loading=\"lazy\" title=\"Limpo e suave! A m\u00e1quina de descascar cana-de-a\u00e7\u00facar est\u00e1 funcionando de forma eficiente.#sugarcane\" width=\"500\" height=\"281\" src=\"https:\/\/www.youtube.com\/embed\/7QFY-nYByUM?feature=oembed\" frameborder=\"0\" allow=\"accelerometer; autoplay; clipboard-write; encrypted-media; gyroscope; picture-in-picture; web-share\" referrerpolicy=\"strict-origin-when-cross-origin\" allowfullscreen><\/iframe> <\/div><figcaption class=\"wp-element-caption\">a m\u00e1quina descascadora de cana-de-a\u00e7\u00facar est\u00e1 funcionando<\/figcaption><\/figure>    <h2 class=\"wp-block-heading\">F\u00e1brica de a\u00e7\u00facar da Indon\u00e9sia adota 10 m\u00e1quinas descascadoras de cana-de-a\u00e7\u00facar da Taizy<\/h2>    <p>Em meados de mar\u00e7o de 2022, o t\u00e9cnico respons\u00e1vel por uma grande f\u00e1brica de a\u00e7\u00facar em Java, na Indon\u00e9sia, encontrou no site a m\u00e1quina descascadora autom\u00e1tica de cana-de-a\u00e7\u00facar e seus equipamentos de suporte expostos por nossa empresa. <\/p>    <p class=\"translation-block\">Nossa empresa respondeu rapidamente e forneceu manuais de produtos, materiais de demonstra\u00e7\u00e3o em v\u00eddeo e personaliza\u00e7\u00e3o personalizada de acordo com as necessidades reais do cliente. Ap\u00f3s comunica\u00e7\u00e3o e avalia\u00e7\u00e3o aprofundadas, eles adquiriram um conjunto completo de equipamentos modernizados para processamento de cana-de-a\u00e7\u00facar, incluindo um descascador autom\u00e1tico de cana-de-a\u00e7\u00facar e <a href=\"https:\/\/fvmachinery.com\/pt\/products\/juicing-machine\/\">m\u00e1quina de suco<\/a>.<\/p>    <p> O contrato foi assinado no in\u00edcio de abril do mesmo ano e fomos respons\u00e1veis \u200b\u200bpela instala\u00e7\u00e3o e comissionamento dos equipamentos, al\u00e9m de fornecer treinamento operacional e servi\u00e7os de suporte t\u00e9cnico.<\/p>   <div class=\"wp-block-image\"> <figure class=\"aligncenter size-full\"><img loading=\"lazy\" decoding=\"async\" width=\"720\" height=\"540\" src=\"https:\/\/fvmachinery.com\/wp-content\/uploads\/2024\/03\/packed-machines.webp\" alt=\"m\u00e1quinas embaladas\" class=\"wp-image-963\" title=\"\" srcset=\"https:\/\/fvmachinery.com\/wp-content\/uploads\/2024\/03\/packed-machines.webp 720w, https:\/\/fvmachinery.com\/wp-content\/uploads\/2024\/03\/packed-machines-300x225.webp 300w\" sizes=\"auto, (max-width: 720px) 100vw, 720px\" \/><figcaption class=\"wp-element-caption\">m\u00e1quinas embaladas<\/figcaption><\/figure> <\/div>   <h2 class=\"wp-block-heading\">Perguntas frequentes sobre m\u00e1quina descascadora de casca de cana-de-a\u00e7\u00facar&nbsp;<\/h2>   <div id=\"rank-math-faq\" class=\"rank-math-block\"> <div class=\"rank-math-list\"> <div id=\"faq-question-1710318774922\" class=\"rank-math-list-item\"> <h3 class=\"rank-math-question\">Esta m\u00e1quina consegue manusear cana-de-a\u00e7\u00facar de formato irregular?<\/h3> <div class=\"rank-math-answer\">  <p>Claro que pode, nossa m\u00e1quina alimenta cana-de-a\u00e7\u00facar de diferentes espessuras e comprimentos.<\/p>  <\/div> <\/div> <div id=\"faq-question-1710319008682\" class=\"rank-math-list-item\"> <h3 class=\"rank-math-question\">Nossos padr\u00f5es de plugue e tens\u00e3o s\u00e3o diferentes dos seus, como lidar com isso\uff1f<\/h3> <div class=\"rank-math-answer\">  <p>Podemos personaliz\u00e1-lo de acordo com a voltagem e o padr\u00e3o de tomada do seu pa\u00eds, se necess\u00e1rio.<\/p>  <\/div> <\/div> <div id=\"faq-question-1710319420762\" class=\"rank-math-list-item\"> <h3 class=\"rank-math-question\">Como limpar as l\u00e2minas\uff1f<\/h3> <div class=\"rank-math-answer\">  <p>Primeiro, certifique-se de que a m\u00e1quina esteja completamente desligada.<br \/>Aguarde o resfriamento: Se a l\u00e2mina estiver quente (por exemplo, acabou de descascar), espere que ela esfrie naturalmente at\u00e9 a temperatura ambiente para evitar queimaduras ou deforma\u00e7\u00e3o da ferramenta devido \u00e0 expans\u00e3o e contra\u00e7\u00e3o t\u00e9rmica.<br \/>Limpe as l\u00e2minas de acordo com as instru\u00e7\u00f5es da unidade e, se necess\u00e1rio, lubrifique adequadamente as pe\u00e7as rotativas circundantes.<br \/>Certifique-se de que as l\u00e2minas e os componentes associados estejam completamente secos antes de reinstal\u00e1-los na m\u00e1quina da maneira correta.<\/p>  <\/div> <\/div> <\/div> <\/div>   <h2 class=\"wp-block-heading\">Par\u00e2metros da m\u00e1quina descascadora de cana-de-a\u00e7\u00facar<\/h2>    <figure class=\"wp-block-table\"><table><tbody><tr><td><strong>Poder<\/strong><\/td><td>500 W<\/td><\/tr><tr><td><strong>Tens\u00e3o<\/strong><\/td><td>220v<\/td><\/tr><tr><td><strong>Peso<\/strong><\/td><td>100kg<\/td><\/tr><tr><td><strong>Tamanho (C*L*A)<\/strong><\/td><td>90*36*90cm<\/td><\/tr><tr><td><strong>Efici\u00eancia no trabalho<\/strong><\/td><td>13s\/vara<\/td><\/tr><\/tbody><\/table><figcaption class=\"wp-element-caption\">M\u00e1quina raspadora de cana-de-a\u00e7\u00facar tipo venda quente<\/figcaption><\/figure>    <p>O corpo \u00e9 feito de a\u00e7o inoxid\u00e1vel, que \u00e9 forte, dur\u00e1vel, resistente \u00e0 corros\u00e3o e tem uma vida longa. Se precisar substituir o cortador, voc\u00ea pode adquirir um cortador de reposi\u00e7\u00e3o.<\/p>   <div class=\"wp-block-image\"> <figure class=\"aligncenter size-full\"><img loading=\"lazy\" decoding=\"async\" width=\"720\" height=\"540\" src=\"https:\/\/fvmachinery.com\/wp-content\/uploads\/2024\/03\/sugar-cane-skin-peeler-machine-for-sale.webp\" alt=\"M\u00e1quina descascadora de pele de cana-de-a\u00e7\u00facar para venda\" class=\"wp-image-965\" title=\"\" srcset=\"https:\/\/fvmachinery.com\/wp-content\/uploads\/2024\/03\/sugar-cane-skin-peeler-machine-for-sale.webp 720w, https:\/\/fvmachinery.com\/wp-content\/uploads\/2024\/03\/sugar-cane-skin-peeler-machine-for-sale-300x225.webp 300w\" sizes=\"auto, (max-width: 720px) 100vw, 720px\" \/><figcaption class=\"wp-element-caption\">M\u00e1quina descascadora de pele de cana-de-a\u00e7\u00facar para venda<\/figcaption><\/figure> <\/div>   <h2 class=\"wp-block-heading\">Por que escolher Taizy\uff1f<\/h2>    <ul class=\"wp-block-list\"> <li>A Taizy Machinery tem mais de 50 engenheiros com mais de 10 anos de experi\u00eancia profissional, fornecendo solu\u00e7\u00f5es completas, desde a sele\u00e7\u00e3o do local do projeto do cliente at\u00e9 a entrega da produ\u00e7\u00e3o.<\/li>    <li>Os equipamentos em nossa f\u00e1brica costumam ter um certo estoque para garantir a entrega pontual. Equipamentos personalizados tamb\u00e9m podem ser enviados dentro do prazo.<\/li>    <li>A Taizy Machinery possui uma equipe de servi\u00e7o p\u00f3s-venda dedicada, respons\u00e1vel por solucionar os problemas de instala\u00e7\u00e3o, comissionamento, uso, manuten\u00e7\u00e3o e reparo da m\u00e1quina.<\/li> <\/ul>","protected":false},"excerpt":{"rendered":"<p>The sugar cane peeler machine is an automated device that removes the outer skin of sugar cane quickly and efficiently, which is faster and safer for agriculture food processing plants and the catering industry compared to manual sugar cane peeling. Market Demand for sugar cane The market demand for sugar cane is influenced by various [&hellip;]<\/p>\n","protected":false},"author":1,"featured_media":981,"parent":0,"template":"","tags":[],"product-type":[13],"class_list":["post-959","product","type-product","status-publish","has-post-thumbnail","hentry","product-type-peeling-machine"],"_links":{"self":[{"href":"https:\/\/fvmachinery.com\/pt\/wp-json\/wp\/v2\/product\/959","targetHints":{"allow":["GET"]}}],"collection":[{"href":"https:\/\/fvmachinery.com\/pt\/wp-json\/wp\/v2\/product"}],"about":[{"href":"https:\/\/fvmachinery.com\/pt\/wp-json\/wp\/v2\/types\/product"}],"author":[{"embeddable":true,"href":"https:\/\/fvmachinery.com\/pt\/wp-json\/wp\/v2\/users\/1"}],"wp:featuredmedia":[{"embeddable":true,"href":"https:\/\/fvmachinery.com\/pt\/wp-json\/wp\/v2\/media\/981"}],"wp:attachment":[{"href":"https:\/\/fvmachinery.com\/pt\/wp-json\/wp\/v2\/media?parent=959"}],"wp:term":[{"taxonomy":"post_tag","embeddable":true,"href":"https:\/\/fvmachinery.com\/pt\/wp-json\/wp\/v2\/tags?post=959"},{"taxonomy":"product-type","embeddable":true,"href":"https:\/\/fvmachinery.com\/pt\/wp-json\/wp\/v2\/product-type?post=959"}],"curies":[{"name":"wp","href":"https:\/\/api.w.org\/{rel}","templated":true}]}}