{"id":98,"date":"2022-08-26T09:54:53","date_gmt":"2022-08-26T09:54:53","guid":{"rendered":"https:\/\/fvmachinery.com\/?post_type=product&#038;p=98"},"modified":"2023-01-07T11:27:33","modified_gmt":"2023-01-07T03:27:33","slug":"fruit-sorting-and-grading-machine","status":"publish","type":"product","link":"https:\/\/fvmachinery.com\/pt\/product\/fruit-sorting-and-grading-machine\/","title":{"rendered":"M\u00e1quina autom\u00e1tica de classifica\u00e7\u00e3o e classifica\u00e7\u00e3o de frutas"},"content":{"rendered":"<p>A m\u00e1quina autom\u00e1tica de classifica\u00e7\u00e3o e classifica\u00e7\u00e3o de frutas \u00e9 uma m\u00e1quina necess\u00e1ria para atacadistas de frutas e vegetais, varejistas, mercados agr\u00edcolas, f\u00e1bricas de processamento de alimentos, grandes supermercados, fazendas, etc. \u00e9 mais atraente para os consumidores e melhora a competitividade do mercado. Portanto, uma classificadora de frutas pode promover aumento de renda dos investidores e \u00e9 digna de investimento.<\/p>    <h2 class=\"wp-block-heading\" id=\"h-applicable-raw-materials-of-fruit-grading-equipment\">Mat\u00e9rias-primas aplic\u00e1veis \u200b\u200bde equipamentos de classifica\u00e7\u00e3o de frutas<\/h2>    <p class=\"translation-block\">A m\u00e1quina de classifica\u00e7\u00e3o de frutas \u00e9 frequentemente utilizada para classificar vegetais ou frutas redondas ou ovais, por exemplo, frutas como laranjas, t\u00e2maras, mirtilos, kiwis e longan. Os vegetais comuns s\u00e3o batatas, tomates, taros, cebolas, etc. A Taizy Machinery fornece uma <a href=\"https:\/\/fvmachinery.com\/pt\/product\/linha-de-classificacao-de-frutas-e-vegetais\/\">linha completa de classifica\u00e7\u00e3o de vegetais<\/a>, se estiver interessado, seja bem-vindo a consultar-nos a qualquer momento.<\/p>   <div class=\"wp-block-image\"> <figure class=\"aligncenter size-full\"><img loading=\"lazy\" decoding=\"async\" width=\"720\" height=\"540\" src=\"https:\/\/fvmachinery.com\/wp-content\/uploads\/2022\/08\/raw-materials1.webp\" alt=\"mat\u00e9rias-primas\" class=\"wp-image-116\" title=\"\" srcset=\"https:\/\/fvmachinery.com\/wp-content\/uploads\/2022\/08\/raw-materials1.webp 720w, https:\/\/fvmachinery.com\/wp-content\/uploads\/2022\/08\/raw-materials1-300x225.webp 300w\" sizes=\"auto, (max-width: 720px) 100vw, 720px\" \/><figcaption class=\"wp-element-caption\">mat\u00e9rias-primas da m\u00e1quina autom\u00e1tica de classifica\u00e7\u00e3o de frutas <\/figcaption><\/figure> <\/div>   <h2 class=\"wp-block-heading\" id=\"h-introduction-of-fruit-grading-machine\">Introdu\u00e7\u00e3o da m\u00e1quina de classifica\u00e7\u00e3o de frutas<\/h2>    <p>A Taizy Machinery oferece tr\u00eas tipos diferentes de m\u00e1quinas autom\u00e1ticas de classifica\u00e7\u00e3o e classifica\u00e7\u00e3o de frutas, incluindo classificadores de rolos, classificadores de barra de rolos e classificadores orbitais, cada um com suas pr\u00f3prias caracter\u00edsticas e mat\u00e9rias-primas aplic\u00e1veis, que apresentaremos um por um a seguir.<\/p>    <h3 class=\"wp-block-heading\" id=\"h-roller-potato-grader-machine\">M\u00e1quina niveladora de batata com rolo<\/h3>    <p>A m\u00e1quina classificadora de batata com rolo usa diferentes tamanhos de orif\u00edcios redondos no tambor para atingir o objetivo de classifica\u00e7\u00e3o. \u00c9 amplamente utilizado na triagem de materiais esf\u00e9ricos e ovais, como ma\u00e7\u00e3s, lim\u00f5es, laranjas, peras, t\u00e2maras vermelhas, mangas e batatas.<\/p>    <p>O tambor gira sob o acionamento do motor. Depois que as mat\u00e9rias-primas de frutas e vegetais entram no tambor, a rota\u00e7\u00e3o do tambor faz com que os materiais girem continuamente. Devido \u00e0 inclina\u00e7\u00e3o do tambor, o material se move lentamente de cima para baixo sob a a\u00e7\u00e3o da gravidade. Neste momento, materiais com diferentes di\u00e2metros caem dos furos com diferentes aberturas do tambor, atingindo assim o objetivo de classifica\u00e7\u00e3o. A capacidade da m\u00e1quina classificadora de batata com rolo \u00e9 de 2.000 a 3.000 kg \/ h.<\/p>    <figure class=\"wp-block-gallery has-nested-images columns-default is-cropped wp-block-gallery-2 is-layout-flex wp-block-gallery-is-layout-flex\"> <figure class=\"wp-block-image size-large\"><img loading=\"lazy\" decoding=\"async\" width=\"720\" height=\"540\" data-id=\"110\" src=\"https:\/\/fvmachinery.com\/wp-content\/uploads\/2022\/08\/fruit-grading-machine1.webp\" alt=\"\" class=\"wp-image-110\" title=\"\" srcset=\"https:\/\/fvmachinery.com\/wp-content\/uploads\/2022\/08\/fruit-grading-machine1.webp 720w, https:\/\/fvmachinery.com\/wp-content\/uploads\/2022\/08\/fruit-grading-machine1-300x225.webp 300w\" sizes=\"auto, (max-width: 720px) 100vw, 720px\" \/><\/figure>    <figure class=\"wp-block-image size-large\"><img loading=\"lazy\" decoding=\"async\" width=\"720\" height=\"540\" data-id=\"112\" src=\"https:\/\/fvmachinery.com\/wp-content\/uploads\/2022\/08\/onion-size-sorting-machine1.webp\" alt=\"\" class=\"wp-image-112\" title=\"\" srcset=\"https:\/\/fvmachinery.com\/wp-content\/uploads\/2022\/08\/onion-size-sorting-machine1.webp 720w, https:\/\/fvmachinery.com\/wp-content\/uploads\/2022\/08\/onion-size-sorting-machine1-300x225.webp 300w\" sizes=\"auto, (max-width: 720px) 100vw, 720px\" \/><\/figure> <figcaption class=\"blocks-gallery-caption wp-element-caption\">M\u00e1quina autom\u00e1tica de classifica\u00e7\u00e3o e classifica\u00e7\u00e3o de frutas <\/figcaption><\/figure>    <figure class=\"wp-block-embed is-type-video is-provider-youtube wp-block-embed-youtube wp-embed-aspect-16-9 wp-has-aspect-ratio\"><div class=\"wp-block-embed__wrapper\"> <iframe loading=\"lazy\" title=\"V\u00eddeo de teste de m\u00e1quina de classifica\u00e7\u00e3o de frutas | Melhores fabricantes de m\u00e1quinas de classifica\u00e7\u00e3o de frutas\" width=\"500\" height=\"281\" src=\"https:\/\/www.youtube.com\/embed\/4TGQmicVq3A?start=3&#038;feature=oembed\" frameborder=\"0\" allow=\"accelerometer; autoplay; clipboard-write; encrypted-media; gyroscope; picture-in-picture; web-share\" referrerpolicy=\"strict-origin-when-cross-origin\" allowfullscreen><\/iframe> <\/div><\/figure>    <h3 class=\"wp-block-heading\" id=\"h-roller-bar-fruit-sorting-machine\">M\u00e1quina de classifica\u00e7\u00e3o de frutas com barra de rolo<\/h3>    <p>Quando a m\u00e1quina classificadora de barra rolante funciona, o material \u00e9 impulsionado para frente pela barra rolante. No processo de avan\u00e7o, o espa\u00e7amento entre as barras de roletes aumenta gradativamente, e o material cai na tremonha divis\u00f3ria do conjunto em ordem de acordo com seus diferentes tamanhos, do pequeno ao grande, todo o processo atingir\u00e1 o objetivo de classifica\u00e7\u00e3o e dimensionamento.<\/p>    <figure class=\"wp-block-gallery has-nested-images columns-default is-cropped wp-block-gallery-3 is-layout-flex wp-block-gallery-is-layout-flex\"> <figure class=\"wp-block-image size-large\"><img loading=\"lazy\" decoding=\"async\" width=\"720\" height=\"540\" data-id=\"102\" src=\"https:\/\/fvmachinery.com\/wp-content\/uploads\/2022\/08\/automatic-fruit-sorting-and-grading-machine-21.webp\" alt=\"m\u00e1quina autom\u00e1tica de classifica\u00e7\u00e3o e classifica\u00e7\u00e3o de frutas \" class=\"wp-image-102\" title=\"\" srcset=\"https:\/\/fvmachinery.com\/wp-content\/uploads\/2022\/08\/automatic-fruit-sorting-and-grading-machine-21.webp 720w, https:\/\/fvmachinery.com\/wp-content\/uploads\/2022\/08\/automatic-fruit-sorting-and-grading-machine-21-300x225.webp 300w\" sizes=\"auto, (max-width: 720px) 100vw, 720px\" \/><figcaption class=\"wp-element-caption\">M\u00e1quina autom\u00e1tica de classifica\u00e7\u00e3o e classifica\u00e7\u00e3o de frutas <\/figcaption><\/figure> <\/figure>   <div class=\"wp-block-image\"> <figure class=\"aligncenter size-full\"><img loading=\"lazy\" decoding=\"async\" width=\"720\" height=\"540\" src=\"https:\/\/fvmachinery.com\/wp-content\/uploads\/2022\/08\/fruit-grading-equipment1.webp\" alt=\"equipamento de classifica\u00e7\u00e3o de frutas\" class=\"wp-image-108\" title=\"\" srcset=\"https:\/\/fvmachinery.com\/wp-content\/uploads\/2022\/08\/fruit-grading-equipment1.webp 720w, https:\/\/fvmachinery.com\/wp-content\/uploads\/2022\/08\/fruit-grading-equipment1-300x225.webp 300w\" sizes=\"auto, (max-width: 720px) 100vw, 720px\" \/><figcaption class=\"wp-element-caption\">m\u00e1quina autom\u00e1tica de classifica\u00e7\u00e3o e classifica\u00e7\u00e3o de frutas<\/figcaption><\/figure> <\/div>   <h3 class=\"wp-block-heading\" id=\"h-track-fruit-grading-machine\">Rastrear m\u00e1quina de classifica\u00e7\u00e3o de frutas<\/h3>    <p>Esta classificadora simplesmente coloca as frutas na esteira transportadora ou tremonha, e as frutas ser\u00e3o automaticamente organizadas e entrar\u00e3o na pista uma por uma para classifica\u00e7\u00e3o. Perfeito para classificar laranjas, t\u00e2maras, mirtilos, kiwis, tomates, longans, laranjas, batatas, cebolas, etc. A capacidade da classificadora \u00e9 de 1000kg-1,5kg.<\/p>    <figure class=\"wp-block-gallery has-nested-images columns-default is-cropped wp-block-gallery-4 is-layout-flex wp-block-gallery-is-layout-flex\"> <figure class=\"wp-block-image size-large\"><img loading=\"lazy\" decoding=\"async\" width=\"720\" height=\"540\" data-id=\"114\" src=\"https:\/\/fvmachinery.com\/wp-content\/uploads\/2022\/08\/potato-grader-machine1.webp\" alt=\"m\u00e1quina niveladora de batata\" class=\"wp-image-114\" title=\"\" srcset=\"https:\/\/fvmachinery.com\/wp-content\/uploads\/2022\/08\/potato-grader-machine1.webp 720w, https:\/\/fvmachinery.com\/wp-content\/uploads\/2022\/08\/potato-grader-machine1-300x225.webp 300w\" sizes=\"auto, (max-width: 720px) 100vw, 720px\" \/><figcaption class=\"wp-element-caption\">M\u00e1quina niveladora de batata<\/figcaption><\/figure>    <figure class=\"wp-block-image size-large\"><img loading=\"lazy\" decoding=\"async\" width=\"720\" height=\"540\" data-id=\"106\" src=\"https:\/\/fvmachinery.com\/wp-content\/uploads\/2022\/08\/fruit-grader-for-sale1.webp\" alt=\"\" class=\"wp-image-106\" title=\"\" srcset=\"https:\/\/fvmachinery.com\/wp-content\/uploads\/2022\/08\/fruit-grader-for-sale1.webp 720w, https:\/\/fvmachinery.com\/wp-content\/uploads\/2022\/08\/fruit-grader-for-sale1-300x225.webp 300w\" sizes=\"auto, (max-width: 720px) 100vw, 720px\" \/><figcaption class=\"wp-element-caption\">M\u00e1quina autom\u00e1tica de classifica\u00e7\u00e3o e classifica\u00e7\u00e3o de frutas<\/figcaption><\/figure> <\/figure>    <h2 class=\"wp-block-heading\" id=\"h-features-of-taizy-fruit-grader-for-sale\">Caracter\u00edsticas da classificadora de frutas Taizy para venda<\/h2>    <ul class=\"wp-block-list\"> <li>A Taizy Machinery oferece \u00e0 venda tr\u00eas tipos diferentes de classificadoras de frutas, que os clientes podem escolher de acordo com suas necessidades reais.<\/li>    <li>Todas as partes em contato com a fruta s\u00e3o at\u00f3xicas e inofensivas, o processo de classifica\u00e7\u00e3o n\u00e3o danifica a fruta e o tamanho e a classifica\u00e7\u00e3o da classifica\u00e7\u00e3o podem ser ajustados de acordo com a necessidade do cliente.<\/li>    <li>A m\u00e1quina classificadora de tamanho de cebola \u00e9 feita de a\u00e7o inoxid\u00e1vel, por isso \u00e9 robusta e dur\u00e1vel.<\/li>    <li>A correia usada na m\u00e1quina classificadora de batata \u00e9 feita de uma correia de silicone de qualidade alimentar, que \u00e9 flex\u00edvel na opera\u00e7\u00e3o e tem uma longa vida \u00fatil.<\/li>    <li>A garantia da m\u00e1quina autom\u00e1tica de classifica\u00e7\u00e3o e classifica\u00e7\u00e3o de frutas \u00e9 de 1 ano. Durante o per\u00edodo de garantia, nossa empresa pode substituir gratuitamente o motor e outros acess\u00f3rios para os clientes. Fora do per\u00edodo de garantia, os acess\u00f3rios ser\u00e3o substitu\u00eddos ao pre\u00e7o de mercado.<\/li> <\/ul>","protected":false},"excerpt":{"rendered":"<p>Automatic fruit sorting and grading machine is a necessary machine for fruit and vegetable wholesalers, retailers, farmers&#8217; markets, food processing plants, large supermarkets, farms, etc. After strict classification and grading, the added value of fruit and vegetable commodities rises, which is more attractive to consumers and improves market competitiveness. Therefore, a fruit grading machine can [&hellip;]<\/p>\n","protected":false},"author":1,"featured_media":104,"parent":0,"template":"","tags":[16],"product-type":[14],"class_list":["post-98","product","type-product","status-publish","has-post-thumbnail","hentry","tag-fruit-grading-machine","product-type-grading-machine"],"_links":{"self":[{"href":"https:\/\/fvmachinery.com\/pt\/wp-json\/wp\/v2\/product\/98","targetHints":{"allow":["GET"]}}],"collection":[{"href":"https:\/\/fvmachinery.com\/pt\/wp-json\/wp\/v2\/product"}],"about":[{"href":"https:\/\/fvmachinery.com\/pt\/wp-json\/wp\/v2\/types\/product"}],"author":[{"embeddable":true,"href":"https:\/\/fvmachinery.com\/pt\/wp-json\/wp\/v2\/users\/1"}],"wp:featuredmedia":[{"embeddable":true,"href":"https:\/\/fvmachinery.com\/pt\/wp-json\/wp\/v2\/media\/104"}],"wp:attachment":[{"href":"https:\/\/fvmachinery.com\/pt\/wp-json\/wp\/v2\/media?parent=98"}],"wp:term":[{"taxonomy":"post_tag","embeddable":true,"href":"https:\/\/fvmachinery.com\/pt\/wp-json\/wp\/v2\/tags?post=98"},{"taxonomy":"product-type","embeddable":true,"href":"https:\/\/fvmachinery.com\/pt\/wp-json\/wp\/v2\/product-type?post=98"}],"curies":[{"name":"wp","href":"https:\/\/api.w.org\/{rel}","templated":true}]}}